{"id":30697,"date":"2021-01-20T02:19:42","date_gmt":"2021-01-20T01:19:42","guid":{"rendered":"https:\/\/matadorbv.com\/product\/18526-m-ebarrow-135-ct-wb\/"},"modified":"2025-05-19T14:01:34","modified_gmt":"2025-05-19T12:01:34","slug":"18526-m-ebarrow-135-ct-wb","status":"publish","type":"product","link":"https:\/\/matadorbv.com\/fr\/produit\/18526-m-ebarrow-135-ct-wb\/","title":{"rendered":"18526 Brouette electrique M-135 en acier caisse arrondie renforc\u00e9"},"content":{"rendered":"<p>CODE EAN\u00a0: 8719638512510,<\/p>\n<p>Brouette assistance \u00e9lectrique Easy Rider renforc\u00e9e, caisse acier \u00e9paisse, ch\u00e2ssis acier enti\u00e8rement soud\u00e9, fronton de d\u00e9chargement plat, pneu increvable extra large, capacit\u00e9 90 litres ou 250 kg.<br \/>\nPoign\u00e9es ergonomiques en caoutchouc naturel avec garde de protection.<br \/>\nInterrupteur marche\/arr\u00eat avec coupure automatique de l&rsquo;alimentation \u00e9lectrique si pas d&rsquo;utilisation.<br \/>\nHybride : utlisation possible m\u00eame si plus de batterie.<br \/>\nAutonomie : 6-8 heures selon poids du chargement.<br \/>\nRecharge batterie sur secteur : environ 6 heures.<br \/>\nPoids\u00a0: 33,8 Kg.<br \/>\nCapacit\u00e9\u00a0: 250 Kg.<br \/>\nBatterie\u00a0: 36V, 10,5 Ah, Lithium<br \/>\nMoteur \u00e9lectrique puissance de 600 W<br \/>\nTemp\u00e9rature optimale de charge 0-45\u00baC, temp\u00e9rature optimale d&rsquo;utilisation -20-60\u00baC<br \/>\nChargeur avec fusible de protection dim. 165x90x50mm, poids\u00a0: 0,87Kg. , Connecteur primaire\u00a0: 200\/260V AC, Connecteur secundaire\u00a0: 42V DC, 5A<br \/>\nIndice de protection\u00a0: IP65<br \/>\nVitesse max.\u00a0: 6 Km\/H<br \/>\nMesures\u00a0: (LxLxH) 1460x580x620<\/p>\n<p>Vid\u00e9o sur le produit\u00a0:<\/p>\n","protected":false},"excerpt":{"rendered":"<p>CODE EAN\u00a0: 8719638512510, Brouette assistance \u00e9lectrique Easy Rider renforc\u00e9e, caisse acier \u00e9paisse, ch\u00e2ssis acier enti\u00e8rement soud\u00e9, fronton de d\u00e9chargement plat, pneu increvable extra large, capacit\u00e9 90 litres ou 250 kg. Poign\u00e9es ergonomiques en caoutchouc naturel avec garde de protection. Interrupteur marche\/arr\u00eat avec coupure automatique de l&rsquo;alimentation \u00e9lectrique si pas d&rsquo;utilisation. Hybride : utlisation possible m\u00eame [&hellip;]<\/p>\n","protected":false},"featured_media":14460,"template":"","meta":[],"product_brand":[],"product_cat":[2367],"product_tag":[2482],"class_list":{"0":"post-30697","1":"product","2":"type-product","3":"status-publish","4":"has-post-thumbnail","6":"product_cat-e-matador-fr","7":"product_tag-matador-fr","9":"first","10":"instock","11":"purchasable","12":"product-type-simple"},"yoast_head":"<!-- This site is optimized with the Yoast SEO plugin v25.4 - https:\/\/yoast.com\/wordpress\/plugins\/seo\/ -->\n<title>18526 Brouette electrique M-135 en acier caisse arrondie renforc\u00e9 - MATADOR<\/title>\n<meta name=\"robots\" content=\"index, follow, max-snippet:-1, max-image-preview:large, max-video-preview:-1\" \/>\n<link rel=\"canonical\" href=\"https:\/\/matadorbv.com\/fr\/produit\/18526-m-ebarrow-135-ct-wb\/\" \/>\n<meta property=\"og:locale\" content=\"fr_FR\" \/>\n<meta property=\"og:type\" content=\"article\" \/>\n<meta property=\"og:title\" content=\"18526 Brouette electrique M-135 en acier caisse arrondie renforc\u00e9 - MATADOR\" \/>\n<meta property=\"og:description\" content=\"CODE EAN\u00a0: 8719638512510, Brouette assistance \u00e9lectrique Easy Rider renforc\u00e9e, caisse acier \u00e9paisse, ch\u00e2ssis acier enti\u00e8rement soud\u00e9, fronton de d\u00e9chargement plat, pneu increvable extra large, capacit\u00e9 90 litres ou 250 kg. Poign\u00e9es ergonomiques en caoutchouc naturel avec garde de protection. Interrupteur marche\/arr\u00eat avec coupure automatique de l&rsquo;alimentation \u00e9lectrique si pas d&rsquo;utilisation. Hybride : utlisation possible m\u00eame [&hellip;]\" \/>\n<meta property=\"og:url\" content=\"https:\/\/matadorbv.com\/fr\/produit\/18526-m-ebarrow-135-ct-wb\/\" \/>\n<meta property=\"og:site_name\" content=\"MATADOR\" \/>\n<meta property=\"article:modified_time\" content=\"2025-05-19T12:01:34+00:00\" \/>\n<meta name=\"twitter:card\" content=\"summary_large_image\" \/>\n<meta name=\"twitter:label1\" content=\"Dur\u00e9e de lecture estim\u00e9e\" \/>\n\t<meta name=\"twitter:data1\" content=\"1 minute\" \/>\n<script type=\"application\/ld+json\" class=\"yoast-schema-graph\">{\"@context\":\"https:\/\/schema.org\",\"@graph\":[{\"@type\":\"WebPage\",\"@id\":\"https:\/\/matadorbv.com\/fr\/produit\/18526-m-ebarrow-135-ct-wb\/\",\"url\":\"https:\/\/matadorbv.com\/fr\/produit\/18526-m-ebarrow-135-ct-wb\/\",\"name\":\"18526 Brouette electrique M-135 en acier caisse arrondie renforc\u00e9 - MATADOR\",\"isPartOf\":{\"@id\":\"https:\/\/matadorbv.com\/fr\/#website\"},\"primaryImageOfPage\":{\"@id\":\"https:\/\/matadorbv.com\/fr\/produit\/18526-m-ebarrow-135-ct-wb\/#primaryimage\"},\"image\":{\"@id\":\"https:\/\/matadorbv.com\/fr\/produit\/18526-m-ebarrow-135-ct-wb\/#primaryimage\"},\"thumbnailUrl\":\"https:\/\/matadorbv.com\/wp-content\/uploads\/18526-M-135-E-Barrow-1200-3.jpg\",\"datePublished\":\"2021-01-20T01:19:42+00:00\",\"dateModified\":\"2025-05-19T12:01:34+00:00\",\"breadcrumb\":{\"@id\":\"https:\/\/matadorbv.com\/fr\/produit\/18526-m-ebarrow-135-ct-wb\/#breadcrumb\"},\"inLanguage\":\"fr-FR\",\"potentialAction\":[{\"@type\":\"ReadAction\",\"target\":[\"https:\/\/matadorbv.com\/fr\/produit\/18526-m-ebarrow-135-ct-wb\/\"]}]},{\"@type\":\"ImageObject\",\"inLanguage\":\"fr-FR\",\"@id\":\"https:\/\/matadorbv.com\/fr\/produit\/18526-m-ebarrow-135-ct-wb\/#primaryimage\",\"url\":\"https:\/\/matadorbv.com\/wp-content\/uploads\/18526-M-135-E-Barrow-1200-3.jpg\",\"contentUrl\":\"https:\/\/matadorbv.com\/wp-content\/uploads\/18526-M-135-E-Barrow-1200-3.jpg\",\"width\":1200,\"height\":1200,\"caption\":\"Elektrische Schubkarre M-135-CT\"},{\"@type\":\"BreadcrumbList\",\"@id\":\"https:\/\/matadorbv.com\/fr\/produit\/18526-m-ebarrow-135-ct-wb\/#breadcrumb\",\"itemListElement\":[{\"@type\":\"ListItem\",\"position\":1,\"name\":\"Home\",\"item\":\"https:\/\/matadorbv.com\/fr\/\"},{\"@type\":\"ListItem\",\"position\":2,\"name\":\"Boutique\",\"item\":\"https:\/\/matadorbv.com\/fr\/boutique\/\"},{\"@type\":\"ListItem\",\"position\":3,\"name\":\"18526 Brouette electrique M-135 en acier caisse arrondie renforc\u00e9\"}]},{\"@type\":\"WebSite\",\"@id\":\"https:\/\/matadorbv.com\/fr\/#website\",\"url\":\"https:\/\/matadorbv.com\/fr\/\",\"name\":\"MATADOR\",\"description\":\" for solid products - Since 1895 Dutch manufacturer, supplier, wholesaler and expert in the steel area.\",\"publisher\":{\"@id\":\"https:\/\/matadorbv.com\/fr\/#organization\"},\"potentialAction\":[{\"@type\":\"SearchAction\",\"target\":{\"@type\":\"EntryPoint\",\"urlTemplate\":\"https:\/\/matadorbv.com\/fr\/?s={search_term_string}\"},\"query-input\":{\"@type\":\"PropertyValueSpecification\",\"valueRequired\":true,\"valueName\":\"search_term_string\"}}],\"inLanguage\":\"fr-FR\"},{\"@type\":\"Organization\",\"@id\":\"https:\/\/matadorbv.com\/fr\/#organization\",\"name\":\"MATADOR\",\"url\":\"https:\/\/matadorbv.com\/fr\/\",\"logo\":{\"@type\":\"ImageObject\",\"inLanguage\":\"fr-FR\",\"@id\":\"https:\/\/matadorbv.com\/fr\/#\/schema\/logo\/image\/\",\"url\":\"https:\/\/matadorbv.com\/wp-content\/uploads\/cropped-22MAT003-Matador-Logo-tagline-RGB-Black-BG.png\",\"contentUrl\":\"https:\/\/matadorbv.com\/wp-content\/uploads\/cropped-22MAT003-Matador-Logo-tagline-RGB-Black-BG.png\",\"width\":1200,\"height\":342,\"caption\":\"MATADOR\"},\"image\":{\"@id\":\"https:\/\/matadorbv.com\/fr\/#\/schema\/logo\/image\/\"}}]}<\/script>\n<!-- \/ Yoast SEO plugin. -->","yoast_head_json":{"title":"18526 Brouette electrique M-135 en acier caisse arrondie renforc\u00e9 - MATADOR","robots":{"index":"index","follow":"follow","max-snippet":"max-snippet:-1","max-image-preview":"max-image-preview:large","max-video-preview":"max-video-preview:-1"},"canonical":"https:\/\/matadorbv.com\/fr\/produit\/18526-m-ebarrow-135-ct-wb\/","og_locale":"fr_FR","og_type":"article","og_title":"18526 Brouette electrique M-135 en acier caisse arrondie renforc\u00e9 - MATADOR","og_description":"CODE EAN\u00a0: 8719638512510, Brouette assistance \u00e9lectrique Easy Rider renforc\u00e9e, caisse acier \u00e9paisse, ch\u00e2ssis acier enti\u00e8rement soud\u00e9, fronton de d\u00e9chargement plat, pneu increvable extra large, capacit\u00e9 90 litres ou 250 kg. Poign\u00e9es ergonomiques en caoutchouc naturel avec garde de protection. Interrupteur marche\/arr\u00eat avec coupure automatique de l&rsquo;alimentation \u00e9lectrique si pas d&rsquo;utilisation. Hybride : utlisation possible m\u00eame [&hellip;]","og_url":"https:\/\/matadorbv.com\/fr\/produit\/18526-m-ebarrow-135-ct-wb\/","og_site_name":"MATADOR","article_modified_time":"2025-05-19T12:01:34+00:00","twitter_card":"summary_large_image","twitter_misc":{"Dur\u00e9e de lecture estim\u00e9e":"1 minute"},"schema":{"@context":"https:\/\/schema.org","@graph":[{"@type":"WebPage","@id":"https:\/\/matadorbv.com\/fr\/produit\/18526-m-ebarrow-135-ct-wb\/","url":"https:\/\/matadorbv.com\/fr\/produit\/18526-m-ebarrow-135-ct-wb\/","name":"18526 Brouette electrique M-135 en acier caisse arrondie renforc\u00e9 - MATADOR","isPartOf":{"@id":"https:\/\/matadorbv.com\/fr\/#website"},"primaryImageOfPage":{"@id":"https:\/\/matadorbv.com\/fr\/produit\/18526-m-ebarrow-135-ct-wb\/#primaryimage"},"image":{"@id":"https:\/\/matadorbv.com\/fr\/produit\/18526-m-ebarrow-135-ct-wb\/#primaryimage"},"thumbnailUrl":"https:\/\/matadorbv.com\/wp-content\/uploads\/18526-M-135-E-Barrow-1200-3.jpg","datePublished":"2021-01-20T01:19:42+00:00","dateModified":"2025-05-19T12:01:34+00:00","breadcrumb":{"@id":"https:\/\/matadorbv.com\/fr\/produit\/18526-m-ebarrow-135-ct-wb\/#breadcrumb"},"inLanguage":"fr-FR","potentialAction":[{"@type":"ReadAction","target":["https:\/\/matadorbv.com\/fr\/produit\/18526-m-ebarrow-135-ct-wb\/"]}]},{"@type":"ImageObject","inLanguage":"fr-FR","@id":"https:\/\/matadorbv.com\/fr\/produit\/18526-m-ebarrow-135-ct-wb\/#primaryimage","url":"https:\/\/matadorbv.com\/wp-content\/uploads\/18526-M-135-E-Barrow-1200-3.jpg","contentUrl":"https:\/\/matadorbv.com\/wp-content\/uploads\/18526-M-135-E-Barrow-1200-3.jpg","width":1200,"height":1200,"caption":"Elektrische Schubkarre M-135-CT"},{"@type":"BreadcrumbList","@id":"https:\/\/matadorbv.com\/fr\/produit\/18526-m-ebarrow-135-ct-wb\/#breadcrumb","itemListElement":[{"@type":"ListItem","position":1,"name":"Home","item":"https:\/\/matadorbv.com\/fr\/"},{"@type":"ListItem","position":2,"name":"Boutique","item":"https:\/\/matadorbv.com\/fr\/boutique\/"},{"@type":"ListItem","position":3,"name":"18526 Brouette electrique M-135 en acier caisse arrondie renforc\u00e9"}]},{"@type":"WebSite","@id":"https:\/\/matadorbv.com\/fr\/#website","url":"https:\/\/matadorbv.com\/fr\/","name":"MATADOR","description":" for solid products - Since 1895 Dutch manufacturer, supplier, wholesaler and expert in the steel area.","publisher":{"@id":"https:\/\/matadorbv.com\/fr\/#organization"},"potentialAction":[{"@type":"SearchAction","target":{"@type":"EntryPoint","urlTemplate":"https:\/\/matadorbv.com\/fr\/?s={search_term_string}"},"query-input":{"@type":"PropertyValueSpecification","valueRequired":true,"valueName":"search_term_string"}}],"inLanguage":"fr-FR"},{"@type":"Organization","@id":"https:\/\/matadorbv.com\/fr\/#organization","name":"MATADOR","url":"https:\/\/matadorbv.com\/fr\/","logo":{"@type":"ImageObject","inLanguage":"fr-FR","@id":"https:\/\/matadorbv.com\/fr\/#\/schema\/logo\/image\/","url":"https:\/\/matadorbv.com\/wp-content\/uploads\/cropped-22MAT003-Matador-Logo-tagline-RGB-Black-BG.png","contentUrl":"https:\/\/matadorbv.com\/wp-content\/uploads\/cropped-22MAT003-Matador-Logo-tagline-RGB-Black-BG.png","width":1200,"height":342,"caption":"MATADOR"},"image":{"@id":"https:\/\/matadorbv.com\/fr\/#\/schema\/logo\/image\/"}}]}},"_links":{"self":[{"href":"https:\/\/matadorbv.com\/fr\/wp-json\/wp\/v2\/product\/30697","targetHints":{"allow":["GET"]}}],"collection":[{"href":"https:\/\/matadorbv.com\/fr\/wp-json\/wp\/v2\/product"}],"about":[{"href":"https:\/\/matadorbv.com\/fr\/wp-json\/wp\/v2\/types\/product"}],"wp:featuredmedia":[{"embeddable":true,"href":"https:\/\/matadorbv.com\/fr\/wp-json\/wp\/v2\/media\/14460"}],"wp:attachment":[{"href":"https:\/\/matadorbv.com\/fr\/wp-json\/wp\/v2\/media?parent=30697"}],"wp:term":[{"taxonomy":"product_brand","embeddable":true,"href":"https:\/\/matadorbv.com\/fr\/wp-json\/wp\/v2\/product_brand?post=30697"},{"taxonomy":"product_cat","embeddable":true,"href":"https:\/\/matadorbv.com\/fr\/wp-json\/wp\/v2\/product_cat?post=30697"},{"taxonomy":"product_tag","embeddable":true,"href":"https:\/\/matadorbv.com\/fr\/wp-json\/wp\/v2\/product_tag?post=30697"}],"curies":[{"name":"wp","href":"https:\/\/api.w.org\/{rel}","templated":true}]}}