{"id":30546,"date":"2021-01-20T01:27:48","date_gmt":"2021-01-20T00:27:48","guid":{"rendered":"https:\/\/matadorbv.com\/product\/12211-porte-seau-xl-de-65-90-litres-capacite-de-charge-250-kg\/"},"modified":"2021-01-20T01:27:48","modified_gmt":"2021-01-20T00:27:48","slug":"12211-porte-seau-xl-de-65-90-litres-capacite-de-charge-250-kg","status":"publish","type":"product","link":"https:\/\/matadorbv.com\/fr\/produit\/12211-porte-seau-xl-de-65-90-litres-capacite-de-charge-250-kg\/","title":{"rendered":"12211 Porte seau XL de 65\/90 litres, capacit\u00e9 de charge 250 kg"},"content":{"rendered":"<p>Porte Seau de Chantier XL 65\/90 L<\/p>\n<p>CODE EAN\u00a0: 8718692431973.<\/p>\n<p>Poids\u00a0: 10,8 Kg.<br \/>\nCapacit\u00e9\u00a0: 250 Kg.<br \/>\nConvient par exemple aux seaux de 65\/90Liters<br \/>\nDimensions\u00a0: (L x H) \u00d8 800x747mm<br \/>\nDimensions du porte seau : (LxH) \u00d8 500x252mm<br \/>\nDimensions pli\u00e9\u00a0: (couch\u00e9) (LxPxH) 780x740x155mm<br \/>\n4 roues pivotantes avec jante en plastique (2 avec freins) \u00d8125&#215;32<\/p>\n<p>Vid\u00e9o de Matador\u00a0:<\/p>\n","protected":false},"excerpt":{"rendered":"<p>Porte Seau de Chantier XL 65\/90 L CODE EAN\u00a0: 8718692431973. Poids\u00a0: 10,8 Kg. Capacit\u00e9\u00a0: 250 Kg. Convient par exemple aux seaux de 65\/90Liters Dimensions\u00a0: (L x H) \u00d8 800x747mm Dimensions du porte seau : (LxH) \u00d8 500x252mm Dimensions pli\u00e9\u00a0: (couch\u00e9) (LxPxH) 780x740x155mm 4 roues pivotantes avec jante en plastique (2 avec freins) \u00d8125&#215;32 Vid\u00e9o de [&hellip;]<\/p>\n","protected":false},"featured_media":13440,"template":"","meta":[],"product_brand":[],"product_cat":[2357],"product_tag":[2482],"class_list":{"0":"post-30546","1":"product","2":"type-product","3":"status-publish","4":"has-post-thumbnail","6":"product_cat-building-logistics-fr","7":"product_tag-matador-fr","9":"first","10":"instock","11":"purchasable","12":"product-type-simple"},"yoast_head":"<!-- This site is optimized with the Yoast SEO plugin v25.4 - https:\/\/yoast.com\/wordpress\/plugins\/seo\/ -->\n<title>12211 Porte seau XL de 65\/90 litres, capacit\u00e9 de charge 250 kg - MATADOR<\/title>\n<meta name=\"robots\" content=\"index, follow, max-snippet:-1, max-image-preview:large, max-video-preview:-1\" \/>\n<link rel=\"canonical\" href=\"https:\/\/matadorbv.com\/fr\/produit\/12211-porte-seau-xl-de-65-90-litres-capacite-de-charge-250-kg\/\" \/>\n<meta property=\"og:locale\" content=\"fr_FR\" \/>\n<meta property=\"og:type\" content=\"article\" \/>\n<meta property=\"og:title\" content=\"12211 Porte seau XL de 65\/90 litres, capacit\u00e9 de charge 250 kg - MATADOR\" \/>\n<meta property=\"og:description\" content=\"Porte Seau de Chantier XL 65\/90 L CODE EAN\u00a0: 8718692431973. Poids\u00a0: 10,8 Kg. Capacit\u00e9\u00a0: 250 Kg. Convient par exemple aux seaux de 65\/90Liters Dimensions\u00a0: (L x H) \u00d8 800x747mm Dimensions du porte seau : (LxH) \u00d8 500x252mm Dimensions pli\u00e9\u00a0: (couch\u00e9) (LxPxH) 780x740x155mm 4 roues pivotantes avec jante en plastique (2 avec freins) \u00d8125&#215;32 Vid\u00e9o de [&hellip;]\" \/>\n<meta property=\"og:url\" content=\"https:\/\/matadorbv.com\/fr\/produit\/12211-porte-seau-xl-de-65-90-litres-capacite-de-charge-250-kg\/\" \/>\n<meta property=\"og:site_name\" content=\"MATADOR\" \/>\n<meta name=\"twitter:card\" content=\"summary_large_image\" \/>\n<script type=\"application\/ld+json\" class=\"yoast-schema-graph\">{\"@context\":\"https:\/\/schema.org\",\"@graph\":[{\"@type\":\"WebPage\",\"@id\":\"https:\/\/matadorbv.com\/fr\/produit\/12211-porte-seau-xl-de-65-90-litres-capacite-de-charge-250-kg\/\",\"url\":\"https:\/\/matadorbv.com\/fr\/produit\/12211-porte-seau-xl-de-65-90-litres-capacite-de-charge-250-kg\/\",\"name\":\"12211 Porte seau XL de 65\/90 litres, capacit\u00e9 de charge 250 kg - MATADOR\",\"isPartOf\":{\"@id\":\"https:\/\/matadorbv.com\/fr\/#website\"},\"primaryImageOfPage\":{\"@id\":\"https:\/\/matadorbv.com\/fr\/produit\/12211-porte-seau-xl-de-65-90-litres-capacite-de-charge-250-kg\/#primaryimage\"},\"image\":{\"@id\":\"https:\/\/matadorbv.com\/fr\/produit\/12211-porte-seau-xl-de-65-90-litres-capacite-de-charge-250-kg\/#primaryimage\"},\"thumbnailUrl\":\"https:\/\/matadorbv.com\/wp-content\/uploads\/12211-M-Kuiphouder-XL-3-scaled.jpg\",\"datePublished\":\"2021-01-20T00:27:48+00:00\",\"breadcrumb\":{\"@id\":\"https:\/\/matadorbv.com\/fr\/produit\/12211-porte-seau-xl-de-65-90-litres-capacite-de-charge-250-kg\/#breadcrumb\"},\"inLanguage\":\"fr-FR\",\"potentialAction\":[{\"@type\":\"ReadAction\",\"target\":[\"https:\/\/matadorbv.com\/fr\/produit\/12211-porte-seau-xl-de-65-90-litres-capacite-de-charge-250-kg\/\"]}]},{\"@type\":\"ImageObject\",\"inLanguage\":\"fr-FR\",\"@id\":\"https:\/\/matadorbv.com\/fr\/produit\/12211-porte-seau-xl-de-65-90-litres-capacite-de-charge-250-kg\/#primaryimage\",\"url\":\"https:\/\/matadorbv.com\/wp-content\/uploads\/12211-M-Kuiphouder-XL-3-scaled.jpg\",\"contentUrl\":\"https:\/\/matadorbv.com\/wp-content\/uploads\/12211-M-Kuiphouder-XL-3-scaled.jpg\",\"width\":2560,\"height\":2560,\"caption\":\"Eimerhalter 65\/90L 4 Lenkrollen\"},{\"@type\":\"BreadcrumbList\",\"@id\":\"https:\/\/matadorbv.com\/fr\/produit\/12211-porte-seau-xl-de-65-90-litres-capacite-de-charge-250-kg\/#breadcrumb\",\"itemListElement\":[{\"@type\":\"ListItem\",\"position\":1,\"name\":\"Home\",\"item\":\"https:\/\/matadorbv.com\/fr\/\"},{\"@type\":\"ListItem\",\"position\":2,\"name\":\"Boutique\",\"item\":\"https:\/\/matadorbv.com\/fr\/boutique\/\"},{\"@type\":\"ListItem\",\"position\":3,\"name\":\"12211 Porte seau XL de 65\/90 litres, capacit\u00e9 de charge 250 kg\"}]},{\"@type\":\"WebSite\",\"@id\":\"https:\/\/matadorbv.com\/fr\/#website\",\"url\":\"https:\/\/matadorbv.com\/fr\/\",\"name\":\"MATADOR\",\"description\":\" for solid products - Since 1895 Dutch manufacturer, supplier, wholesaler and expert in the steel area.\",\"publisher\":{\"@id\":\"https:\/\/matadorbv.com\/fr\/#organization\"},\"potentialAction\":[{\"@type\":\"SearchAction\",\"target\":{\"@type\":\"EntryPoint\",\"urlTemplate\":\"https:\/\/matadorbv.com\/fr\/?s={search_term_string}\"},\"query-input\":{\"@type\":\"PropertyValueSpecification\",\"valueRequired\":true,\"valueName\":\"search_term_string\"}}],\"inLanguage\":\"fr-FR\"},{\"@type\":\"Organization\",\"@id\":\"https:\/\/matadorbv.com\/fr\/#organization\",\"name\":\"MATADOR\",\"url\":\"https:\/\/matadorbv.com\/fr\/\",\"logo\":{\"@type\":\"ImageObject\",\"inLanguage\":\"fr-FR\",\"@id\":\"https:\/\/matadorbv.com\/fr\/#\/schema\/logo\/image\/\",\"url\":\"https:\/\/matadorbv.com\/wp-content\/uploads\/cropped-22MAT003-Matador-Logo-tagline-RGB-Black-BG.png\",\"contentUrl\":\"https:\/\/matadorbv.com\/wp-content\/uploads\/cropped-22MAT003-Matador-Logo-tagline-RGB-Black-BG.png\",\"width\":1200,\"height\":342,\"caption\":\"MATADOR\"},\"image\":{\"@id\":\"https:\/\/matadorbv.com\/fr\/#\/schema\/logo\/image\/\"}}]}<\/script>\n<!-- \/ Yoast SEO plugin. -->","yoast_head_json":{"title":"12211 Porte seau XL de 65\/90 litres, capacit\u00e9 de charge 250 kg - MATADOR","robots":{"index":"index","follow":"follow","max-snippet":"max-snippet:-1","max-image-preview":"max-image-preview:large","max-video-preview":"max-video-preview:-1"},"canonical":"https:\/\/matadorbv.com\/fr\/produit\/12211-porte-seau-xl-de-65-90-litres-capacite-de-charge-250-kg\/","og_locale":"fr_FR","og_type":"article","og_title":"12211 Porte seau XL de 65\/90 litres, capacit\u00e9 de charge 250 kg - MATADOR","og_description":"Porte Seau de Chantier XL 65\/90 L CODE EAN\u00a0: 8718692431973. Poids\u00a0: 10,8 Kg. Capacit\u00e9\u00a0: 250 Kg. Convient par exemple aux seaux de 65\/90Liters Dimensions\u00a0: (L x H) \u00d8 800x747mm Dimensions du porte seau : (LxH) \u00d8 500x252mm Dimensions pli\u00e9\u00a0: (couch\u00e9) (LxPxH) 780x740x155mm 4 roues pivotantes avec jante en plastique (2 avec freins) \u00d8125&#215;32 Vid\u00e9o de [&hellip;]","og_url":"https:\/\/matadorbv.com\/fr\/produit\/12211-porte-seau-xl-de-65-90-litres-capacite-de-charge-250-kg\/","og_site_name":"MATADOR","twitter_card":"summary_large_image","schema":{"@context":"https:\/\/schema.org","@graph":[{"@type":"WebPage","@id":"https:\/\/matadorbv.com\/fr\/produit\/12211-porte-seau-xl-de-65-90-litres-capacite-de-charge-250-kg\/","url":"https:\/\/matadorbv.com\/fr\/produit\/12211-porte-seau-xl-de-65-90-litres-capacite-de-charge-250-kg\/","name":"12211 Porte seau XL de 65\/90 litres, capacit\u00e9 de charge 250 kg - MATADOR","isPartOf":{"@id":"https:\/\/matadorbv.com\/fr\/#website"},"primaryImageOfPage":{"@id":"https:\/\/matadorbv.com\/fr\/produit\/12211-porte-seau-xl-de-65-90-litres-capacite-de-charge-250-kg\/#primaryimage"},"image":{"@id":"https:\/\/matadorbv.com\/fr\/produit\/12211-porte-seau-xl-de-65-90-litres-capacite-de-charge-250-kg\/#primaryimage"},"thumbnailUrl":"https:\/\/matadorbv.com\/wp-content\/uploads\/12211-M-Kuiphouder-XL-3-scaled.jpg","datePublished":"2021-01-20T00:27:48+00:00","breadcrumb":{"@id":"https:\/\/matadorbv.com\/fr\/produit\/12211-porte-seau-xl-de-65-90-litres-capacite-de-charge-250-kg\/#breadcrumb"},"inLanguage":"fr-FR","potentialAction":[{"@type":"ReadAction","target":["https:\/\/matadorbv.com\/fr\/produit\/12211-porte-seau-xl-de-65-90-litres-capacite-de-charge-250-kg\/"]}]},{"@type":"ImageObject","inLanguage":"fr-FR","@id":"https:\/\/matadorbv.com\/fr\/produit\/12211-porte-seau-xl-de-65-90-litres-capacite-de-charge-250-kg\/#primaryimage","url":"https:\/\/matadorbv.com\/wp-content\/uploads\/12211-M-Kuiphouder-XL-3-scaled.jpg","contentUrl":"https:\/\/matadorbv.com\/wp-content\/uploads\/12211-M-Kuiphouder-XL-3-scaled.jpg","width":2560,"height":2560,"caption":"Eimerhalter 65\/90L 4 Lenkrollen"},{"@type":"BreadcrumbList","@id":"https:\/\/matadorbv.com\/fr\/produit\/12211-porte-seau-xl-de-65-90-litres-capacite-de-charge-250-kg\/#breadcrumb","itemListElement":[{"@type":"ListItem","position":1,"name":"Home","item":"https:\/\/matadorbv.com\/fr\/"},{"@type":"ListItem","position":2,"name":"Boutique","item":"https:\/\/matadorbv.com\/fr\/boutique\/"},{"@type":"ListItem","position":3,"name":"12211 Porte seau XL de 65\/90 litres, capacit\u00e9 de charge 250 kg"}]},{"@type":"WebSite","@id":"https:\/\/matadorbv.com\/fr\/#website","url":"https:\/\/matadorbv.com\/fr\/","name":"MATADOR","description":" for solid products - Since 1895 Dutch manufacturer, supplier, wholesaler and expert in the steel area.","publisher":{"@id":"https:\/\/matadorbv.com\/fr\/#organization"},"potentialAction":[{"@type":"SearchAction","target":{"@type":"EntryPoint","urlTemplate":"https:\/\/matadorbv.com\/fr\/?s={search_term_string}"},"query-input":{"@type":"PropertyValueSpecification","valueRequired":true,"valueName":"search_term_string"}}],"inLanguage":"fr-FR"},{"@type":"Organization","@id":"https:\/\/matadorbv.com\/fr\/#organization","name":"MATADOR","url":"https:\/\/matadorbv.com\/fr\/","logo":{"@type":"ImageObject","inLanguage":"fr-FR","@id":"https:\/\/matadorbv.com\/fr\/#\/schema\/logo\/image\/","url":"https:\/\/matadorbv.com\/wp-content\/uploads\/cropped-22MAT003-Matador-Logo-tagline-RGB-Black-BG.png","contentUrl":"https:\/\/matadorbv.com\/wp-content\/uploads\/cropped-22MAT003-Matador-Logo-tagline-RGB-Black-BG.png","width":1200,"height":342,"caption":"MATADOR"},"image":{"@id":"https:\/\/matadorbv.com\/fr\/#\/schema\/logo\/image\/"}}]}},"_links":{"self":[{"href":"https:\/\/matadorbv.com\/fr\/wp-json\/wp\/v2\/product\/30546","targetHints":{"allow":["GET"]}}],"collection":[{"href":"https:\/\/matadorbv.com\/fr\/wp-json\/wp\/v2\/product"}],"about":[{"href":"https:\/\/matadorbv.com\/fr\/wp-json\/wp\/v2\/types\/product"}],"wp:featuredmedia":[{"embeddable":true,"href":"https:\/\/matadorbv.com\/fr\/wp-json\/wp\/v2\/media\/13440"}],"wp:attachment":[{"href":"https:\/\/matadorbv.com\/fr\/wp-json\/wp\/v2\/media?parent=30546"}],"wp:term":[{"taxonomy":"product_brand","embeddable":true,"href":"https:\/\/matadorbv.com\/fr\/wp-json\/wp\/v2\/product_brand?post=30546"},{"taxonomy":"product_cat","embeddable":true,"href":"https:\/\/matadorbv.com\/fr\/wp-json\/wp\/v2\/product_cat?post=30546"},{"taxonomy":"product_tag","embeddable":true,"href":"https:\/\/matadorbv.com\/fr\/wp-json\/wp\/v2\/product_tag?post=30546"}],"curies":[{"name":"wp","href":"https:\/\/api.w.org\/{rel}","templated":true}]}}