{"id":30537,"date":"2021-01-20T01:38:50","date_gmt":"2021-01-20T00:38:50","guid":{"rendered":"https:\/\/matadorbv.com\/product\/13064-m-rampe-taille-maxi-revetement-anti-derapant\/"},"modified":"2025-05-27T12:49:19","modified_gmt":"2025-05-27T10:49:19","slug":"13064-m-rampe-taille-maxi-revetement-anti-derapant","status":"publish","type":"product","link":"https:\/\/matadorbv.com\/fr\/produit\/13064-m-rampe-taille-maxi-revetement-anti-derapant\/","title":{"rendered":"13064 M-Rampe taille Maxi, revetement anti derapant"},"content":{"rendered":"<p>EAN CODE:8717185628310,<\/p>\n<p>Groupe de produits\u00a0: B\u00e2timent et logistique<\/p>\n<p>Rampe taille XL ; maxi, rev\u00eatement anti d\u00e9rapant.<\/p>\n<p>Les obstacles sont facilement franchis avec ou sans brouette. Plus large qu\u2019une poutre&#8230;, plus s\u00e9cure. Le rev\u00eatement anti d\u00e9rapant favorise le nettoyage des roues lors du passage sur la rampe : moins de r\u00e9sidu de salet\u00e9, de boue, etc. Cela tombe \u00e0 travers les trous (grille sp\u00e9cialement con\u00e7ue). Ne devient pas glissant, m\u00eame quand il pleut.<\/p>\n<p>Poids\u00a0: 24,5 Kg.<br \/>\nCapacit\u00e9\u00a0: 200 Kg.<br \/>\nDimensions\u00a0: (LxLxH) 1000x600x30mm<br \/>\nMaille de grille\u00a0: 62&#215;30<\/p>\n<p>Vid\u00e9o sur le produit\u00a0:<\/p>\n","protected":false},"excerpt":{"rendered":"<p>EAN CODE:8717185628310, Groupe de produits\u00a0: B\u00e2timent et logistique Rampe taille XL ; maxi, rev\u00eatement anti d\u00e9rapant. Les obstacles sont facilement franchis avec ou sans brouette. Plus large qu\u2019une poutre&#8230;, plus s\u00e9cure. Le rev\u00eatement anti d\u00e9rapant favorise le nettoyage des roues lors du passage sur la rampe : moins de r\u00e9sidu de salet\u00e9, de boue, etc. [&hellip;]<\/p>\n","protected":false},"featured_media":13690,"template":"","meta":[],"product_brand":[],"product_cat":[2357],"product_tag":[2482],"class_list":{"0":"post-30537","1":"product","2":"type-product","3":"status-publish","4":"has-post-thumbnail","6":"product_cat-building-logistics-fr","7":"product_tag-matador-fr","9":"first","10":"instock","11":"purchasable","12":"product-type-simple"},"yoast_head":"<!-- This site is optimized with the Yoast SEO plugin v25.4 - https:\/\/yoast.com\/wordpress\/plugins\/seo\/ -->\n<title>13064 M-Rampe taille Maxi, revetement anti derapant - MATADOR<\/title>\n<meta name=\"robots\" content=\"index, follow, max-snippet:-1, max-image-preview:large, max-video-preview:-1\" \/>\n<link rel=\"canonical\" href=\"https:\/\/matadorbv.com\/fr\/produit\/13064-m-rampe-taille-maxi-revetement-anti-derapant\/\" \/>\n<meta property=\"og:locale\" content=\"fr_FR\" \/>\n<meta property=\"og:type\" content=\"article\" \/>\n<meta property=\"og:title\" content=\"13064 M-Rampe taille Maxi, revetement anti derapant - MATADOR\" \/>\n<meta property=\"og:description\" content=\"EAN CODE:8717185628310, Groupe de produits\u00a0: B\u00e2timent et logistique Rampe taille XL ; maxi, rev\u00eatement anti d\u00e9rapant. Les obstacles sont facilement franchis avec ou sans brouette. Plus large qu\u2019une poutre&#8230;, plus s\u00e9cure. Le rev\u00eatement anti d\u00e9rapant favorise le nettoyage des roues lors du passage sur la rampe : moins de r\u00e9sidu de salet\u00e9, de boue, etc. [&hellip;]\" \/>\n<meta property=\"og:url\" content=\"https:\/\/matadorbv.com\/fr\/produit\/13064-m-rampe-taille-maxi-revetement-anti-derapant\/\" \/>\n<meta property=\"og:site_name\" content=\"MATADOR\" \/>\n<meta property=\"article:modified_time\" content=\"2025-05-27T10:49:19+00:00\" \/>\n<meta name=\"twitter:card\" content=\"summary_large_image\" \/>\n<meta name=\"twitter:label1\" content=\"Dur\u00e9e de lecture estim\u00e9e\" \/>\n\t<meta name=\"twitter:data1\" content=\"1 minute\" \/>\n<script type=\"application\/ld+json\" class=\"yoast-schema-graph\">{\"@context\":\"https:\/\/schema.org\",\"@graph\":[{\"@type\":\"WebPage\",\"@id\":\"https:\/\/matadorbv.com\/fr\/produit\/13064-m-rampe-taille-maxi-revetement-anti-derapant\/\",\"url\":\"https:\/\/matadorbv.com\/fr\/produit\/13064-m-rampe-taille-maxi-revetement-anti-derapant\/\",\"name\":\"13064 M-Rampe taille Maxi, revetement anti derapant - MATADOR\",\"isPartOf\":{\"@id\":\"https:\/\/matadorbv.com\/fr\/#website\"},\"primaryImageOfPage\":{\"@id\":\"https:\/\/matadorbv.com\/fr\/produit\/13064-m-rampe-taille-maxi-revetement-anti-derapant\/#primaryimage\"},\"image\":{\"@id\":\"https:\/\/matadorbv.com\/fr\/produit\/13064-m-rampe-taille-maxi-revetement-anti-derapant\/#primaryimage\"},\"thumbnailUrl\":\"https:\/\/matadorbv.com\/wp-content\/uploads\/13064-M-Ramp-gridiron-maxi-2000x600-9.jpg\",\"datePublished\":\"2021-01-20T00:38:50+00:00\",\"dateModified\":\"2025-05-27T10:49:19+00:00\",\"breadcrumb\":{\"@id\":\"https:\/\/matadorbv.com\/fr\/produit\/13064-m-rampe-taille-maxi-revetement-anti-derapant\/#breadcrumb\"},\"inLanguage\":\"fr-FR\",\"potentialAction\":[{\"@type\":\"ReadAction\",\"target\":[\"https:\/\/matadorbv.com\/fr\/produit\/13064-m-rampe-taille-maxi-revetement-anti-derapant\/\"]}]},{\"@type\":\"ImageObject\",\"inLanguage\":\"fr-FR\",\"@id\":\"https:\/\/matadorbv.com\/fr\/produit\/13064-m-rampe-taille-maxi-revetement-anti-derapant\/#primaryimage\",\"url\":\"https:\/\/matadorbv.com\/wp-content\/uploads\/13064-M-Ramp-gridiron-maxi-2000x600-9.jpg\",\"contentUrl\":\"https:\/\/matadorbv.com\/wp-content\/uploads\/13064-M-Ramp-gridiron-maxi-2000x600-9.jpg\",\"width\":1200,\"height\":1200,\"caption\":\"Gitterrampe Maxi pulverbeschichtet\"},{\"@type\":\"BreadcrumbList\",\"@id\":\"https:\/\/matadorbv.com\/fr\/produit\/13064-m-rampe-taille-maxi-revetement-anti-derapant\/#breadcrumb\",\"itemListElement\":[{\"@type\":\"ListItem\",\"position\":1,\"name\":\"Home\",\"item\":\"https:\/\/matadorbv.com\/fr\/\"},{\"@type\":\"ListItem\",\"position\":2,\"name\":\"Boutique\",\"item\":\"https:\/\/matadorbv.com\/fr\/boutique\/\"},{\"@type\":\"ListItem\",\"position\":3,\"name\":\"13064 M-Rampe taille Maxi, revetement anti derapant\"}]},{\"@type\":\"WebSite\",\"@id\":\"https:\/\/matadorbv.com\/fr\/#website\",\"url\":\"https:\/\/matadorbv.com\/fr\/\",\"name\":\"MATADOR\",\"description\":\" for solid products - Since 1895 Dutch manufacturer, supplier, wholesaler and expert in the steel area.\",\"publisher\":{\"@id\":\"https:\/\/matadorbv.com\/fr\/#organization\"},\"potentialAction\":[{\"@type\":\"SearchAction\",\"target\":{\"@type\":\"EntryPoint\",\"urlTemplate\":\"https:\/\/matadorbv.com\/fr\/?s={search_term_string}\"},\"query-input\":{\"@type\":\"PropertyValueSpecification\",\"valueRequired\":true,\"valueName\":\"search_term_string\"}}],\"inLanguage\":\"fr-FR\"},{\"@type\":\"Organization\",\"@id\":\"https:\/\/matadorbv.com\/fr\/#organization\",\"name\":\"MATADOR\",\"url\":\"https:\/\/matadorbv.com\/fr\/\",\"logo\":{\"@type\":\"ImageObject\",\"inLanguage\":\"fr-FR\",\"@id\":\"https:\/\/matadorbv.com\/fr\/#\/schema\/logo\/image\/\",\"url\":\"https:\/\/matadorbv.com\/wp-content\/uploads\/cropped-22MAT003-Matador-Logo-tagline-RGB-Black-BG.png\",\"contentUrl\":\"https:\/\/matadorbv.com\/wp-content\/uploads\/cropped-22MAT003-Matador-Logo-tagline-RGB-Black-BG.png\",\"width\":1200,\"height\":342,\"caption\":\"MATADOR\"},\"image\":{\"@id\":\"https:\/\/matadorbv.com\/fr\/#\/schema\/logo\/image\/\"}}]}<\/script>\n<!-- \/ Yoast SEO plugin. -->","yoast_head_json":{"title":"13064 M-Rampe taille Maxi, revetement anti derapant - MATADOR","robots":{"index":"index","follow":"follow","max-snippet":"max-snippet:-1","max-image-preview":"max-image-preview:large","max-video-preview":"max-video-preview:-1"},"canonical":"https:\/\/matadorbv.com\/fr\/produit\/13064-m-rampe-taille-maxi-revetement-anti-derapant\/","og_locale":"fr_FR","og_type":"article","og_title":"13064 M-Rampe taille Maxi, revetement anti derapant - MATADOR","og_description":"EAN CODE:8717185628310, Groupe de produits\u00a0: B\u00e2timent et logistique Rampe taille XL ; maxi, rev\u00eatement anti d\u00e9rapant. Les obstacles sont facilement franchis avec ou sans brouette. Plus large qu\u2019une poutre&#8230;, plus s\u00e9cure. Le rev\u00eatement anti d\u00e9rapant favorise le nettoyage des roues lors du passage sur la rampe : moins de r\u00e9sidu de salet\u00e9, de boue, etc. [&hellip;]","og_url":"https:\/\/matadorbv.com\/fr\/produit\/13064-m-rampe-taille-maxi-revetement-anti-derapant\/","og_site_name":"MATADOR","article_modified_time":"2025-05-27T10:49:19+00:00","twitter_card":"summary_large_image","twitter_misc":{"Dur\u00e9e de lecture estim\u00e9e":"1 minute"},"schema":{"@context":"https:\/\/schema.org","@graph":[{"@type":"WebPage","@id":"https:\/\/matadorbv.com\/fr\/produit\/13064-m-rampe-taille-maxi-revetement-anti-derapant\/","url":"https:\/\/matadorbv.com\/fr\/produit\/13064-m-rampe-taille-maxi-revetement-anti-derapant\/","name":"13064 M-Rampe taille Maxi, revetement anti derapant - MATADOR","isPartOf":{"@id":"https:\/\/matadorbv.com\/fr\/#website"},"primaryImageOfPage":{"@id":"https:\/\/matadorbv.com\/fr\/produit\/13064-m-rampe-taille-maxi-revetement-anti-derapant\/#primaryimage"},"image":{"@id":"https:\/\/matadorbv.com\/fr\/produit\/13064-m-rampe-taille-maxi-revetement-anti-derapant\/#primaryimage"},"thumbnailUrl":"https:\/\/matadorbv.com\/wp-content\/uploads\/13064-M-Ramp-gridiron-maxi-2000x600-9.jpg","datePublished":"2021-01-20T00:38:50+00:00","dateModified":"2025-05-27T10:49:19+00:00","breadcrumb":{"@id":"https:\/\/matadorbv.com\/fr\/produit\/13064-m-rampe-taille-maxi-revetement-anti-derapant\/#breadcrumb"},"inLanguage":"fr-FR","potentialAction":[{"@type":"ReadAction","target":["https:\/\/matadorbv.com\/fr\/produit\/13064-m-rampe-taille-maxi-revetement-anti-derapant\/"]}]},{"@type":"ImageObject","inLanguage":"fr-FR","@id":"https:\/\/matadorbv.com\/fr\/produit\/13064-m-rampe-taille-maxi-revetement-anti-derapant\/#primaryimage","url":"https:\/\/matadorbv.com\/wp-content\/uploads\/13064-M-Ramp-gridiron-maxi-2000x600-9.jpg","contentUrl":"https:\/\/matadorbv.com\/wp-content\/uploads\/13064-M-Ramp-gridiron-maxi-2000x600-9.jpg","width":1200,"height":1200,"caption":"Gitterrampe Maxi pulverbeschichtet"},{"@type":"BreadcrumbList","@id":"https:\/\/matadorbv.com\/fr\/produit\/13064-m-rampe-taille-maxi-revetement-anti-derapant\/#breadcrumb","itemListElement":[{"@type":"ListItem","position":1,"name":"Home","item":"https:\/\/matadorbv.com\/fr\/"},{"@type":"ListItem","position":2,"name":"Boutique","item":"https:\/\/matadorbv.com\/fr\/boutique\/"},{"@type":"ListItem","position":3,"name":"13064 M-Rampe taille Maxi, revetement anti derapant"}]},{"@type":"WebSite","@id":"https:\/\/matadorbv.com\/fr\/#website","url":"https:\/\/matadorbv.com\/fr\/","name":"MATADOR","description":" for solid products - Since 1895 Dutch manufacturer, supplier, wholesaler and expert in the steel area.","publisher":{"@id":"https:\/\/matadorbv.com\/fr\/#organization"},"potentialAction":[{"@type":"SearchAction","target":{"@type":"EntryPoint","urlTemplate":"https:\/\/matadorbv.com\/fr\/?s={search_term_string}"},"query-input":{"@type":"PropertyValueSpecification","valueRequired":true,"valueName":"search_term_string"}}],"inLanguage":"fr-FR"},{"@type":"Organization","@id":"https:\/\/matadorbv.com\/fr\/#organization","name":"MATADOR","url":"https:\/\/matadorbv.com\/fr\/","logo":{"@type":"ImageObject","inLanguage":"fr-FR","@id":"https:\/\/matadorbv.com\/fr\/#\/schema\/logo\/image\/","url":"https:\/\/matadorbv.com\/wp-content\/uploads\/cropped-22MAT003-Matador-Logo-tagline-RGB-Black-BG.png","contentUrl":"https:\/\/matadorbv.com\/wp-content\/uploads\/cropped-22MAT003-Matador-Logo-tagline-RGB-Black-BG.png","width":1200,"height":342,"caption":"MATADOR"},"image":{"@id":"https:\/\/matadorbv.com\/fr\/#\/schema\/logo\/image\/"}}]}},"_links":{"self":[{"href":"https:\/\/matadorbv.com\/fr\/wp-json\/wp\/v2\/product\/30537","targetHints":{"allow":["GET"]}}],"collection":[{"href":"https:\/\/matadorbv.com\/fr\/wp-json\/wp\/v2\/product"}],"about":[{"href":"https:\/\/matadorbv.com\/fr\/wp-json\/wp\/v2\/types\/product"}],"wp:featuredmedia":[{"embeddable":true,"href":"https:\/\/matadorbv.com\/fr\/wp-json\/wp\/v2\/media\/13690"}],"wp:attachment":[{"href":"https:\/\/matadorbv.com\/fr\/wp-json\/wp\/v2\/media?parent=30537"}],"wp:term":[{"taxonomy":"product_brand","embeddable":true,"href":"https:\/\/matadorbv.com\/fr\/wp-json\/wp\/v2\/product_brand?post=30537"},{"taxonomy":"product_cat","embeddable":true,"href":"https:\/\/matadorbv.com\/fr\/wp-json\/wp\/v2\/product_cat?post=30537"},{"taxonomy":"product_tag","embeddable":true,"href":"https:\/\/matadorbv.com\/fr\/wp-json\/wp\/v2\/product_tag?post=30537"}],"curies":[{"name":"wp","href":"https:\/\/api.w.org\/{rel}","templated":true}]}}