{"id":30519,"date":"2021-01-20T01:46:09","date_gmt":"2021-01-20T00:46:09","guid":{"rendered":"https:\/\/matadorbv.com\/product\/14053-chariot-porte-seau-10-20-litres\/"},"modified":"2021-01-20T01:46:09","modified_gmt":"2021-01-20T00:46:09","slug":"14053-chariot-porte-seau-10-20-litres","status":"publish","type":"product","link":"https:\/\/matadorbv.com\/fr\/produit\/14053-chariot-porte-seau-10-20-litres\/","title":{"rendered":"14053 Chariot Porte Seau 10\/20 litres"},"content":{"rendered":"<p>CODE EAN\u00a0: 8717185618723.<\/p>\n<p>Chariot Porte Seau adaptatif pour seau de 10 ou 20 litres<\/p>\n<p>Poids\u00a0: 5,4 Kg.<br \/>\nCapacit\u00e9\u00a0: 60 Kg.<br \/>\nConvient aux seaux de 10 ou 20 litres<br \/>\nDimensions\u00a0: (l x h) \u00d8650x522mm<br \/>\nDimensions chariot porte seau\u00a0: (LxH) \u00d8256x223mm<br \/>\nDimensions pli\u00e9\u00a0: (couch\u00e9) (LxPxH) 680x680x120mm<br \/>\n4 roues pivotantes \u00d8100<\/p>\n<p>Vid\u00e9o de Matador\u00a0:<\/p>\n","protected":false},"excerpt":{"rendered":"<p>CODE EAN\u00a0: 8717185618723. Chariot Porte Seau adaptatif pour seau de 10 ou 20 litres Poids\u00a0: 5,4 Kg. Capacit\u00e9\u00a0: 60 Kg. Convient aux seaux de 10 ou 20 litres Dimensions\u00a0: (l x h) \u00d8650x522mm Dimensions chariot porte seau\u00a0: (LxH) \u00d8256x223mm Dimensions pli\u00e9\u00a0: (couch\u00e9) (LxPxH) 680x680x120mm 4 roues pivotantes \u00d8100 Vid\u00e9o de Matador\u00a0:<\/p>\n","protected":false},"featured_media":13916,"template":"","meta":[],"product_brand":[],"product_cat":[2357],"product_tag":[2482],"class_list":{"0":"post-30519","1":"product","2":"type-product","3":"status-publish","4":"has-post-thumbnail","6":"product_cat-building-logistics-fr","7":"product_tag-matador-fr","9":"first","10":"instock","11":"purchasable","12":"product-type-simple"},"yoast_head":"<!-- This site is optimized with the Yoast SEO plugin v25.4 - https:\/\/yoast.com\/wordpress\/plugins\/seo\/ -->\n<title>14053 Chariot Porte Seau 10\/20 litres - MATADOR<\/title>\n<meta name=\"robots\" content=\"index, follow, max-snippet:-1, max-image-preview:large, max-video-preview:-1\" \/>\n<link rel=\"canonical\" href=\"https:\/\/matadorbv.com\/fr\/produit\/14053-chariot-porte-seau-10-20-litres\/\" \/>\n<meta property=\"og:locale\" content=\"fr_FR\" \/>\n<meta property=\"og:type\" content=\"article\" \/>\n<meta property=\"og:title\" content=\"14053 Chariot Porte Seau 10\/20 litres - MATADOR\" \/>\n<meta property=\"og:description\" content=\"CODE EAN\u00a0: 8717185618723. Chariot Porte Seau adaptatif pour seau de 10 ou 20 litres Poids\u00a0: 5,4 Kg. Capacit\u00e9\u00a0: 60 Kg. Convient aux seaux de 10 ou 20 litres Dimensions\u00a0: (l x h) \u00d8650x522mm Dimensions chariot porte seau\u00a0: (LxH) \u00d8256x223mm Dimensions pli\u00e9\u00a0: (couch\u00e9) (LxPxH) 680x680x120mm 4 roues pivotantes \u00d8100 Vid\u00e9o de Matador\u00a0:\" \/>\n<meta property=\"og:url\" content=\"https:\/\/matadorbv.com\/fr\/produit\/14053-chariot-porte-seau-10-20-litres\/\" \/>\n<meta property=\"og:site_name\" content=\"MATADOR\" \/>\n<meta name=\"twitter:card\" content=\"summary_large_image\" \/>\n<script type=\"application\/ld+json\" class=\"yoast-schema-graph\">{\"@context\":\"https:\/\/schema.org\",\"@graph\":[{\"@type\":\"WebPage\",\"@id\":\"https:\/\/matadorbv.com\/fr\/produit\/14053-chariot-porte-seau-10-20-litres\/\",\"url\":\"https:\/\/matadorbv.com\/fr\/produit\/14053-chariot-porte-seau-10-20-litres\/\",\"name\":\"14053 Chariot Porte Seau 10\/20 litres - MATADOR\",\"isPartOf\":{\"@id\":\"https:\/\/matadorbv.com\/fr\/#website\"},\"primaryImageOfPage\":{\"@id\":\"https:\/\/matadorbv.com\/fr\/produit\/14053-chariot-porte-seau-10-20-litres\/#primaryimage\"},\"image\":{\"@id\":\"https:\/\/matadorbv.com\/fr\/produit\/14053-chariot-porte-seau-10-20-litres\/#primaryimage\"},\"thumbnailUrl\":\"https:\/\/matadorbv.com\/wp-content\/uploads\/14053-M-EMMERH.10-20L-3.jpg\",\"datePublished\":\"2021-01-20T00:46:09+00:00\",\"breadcrumb\":{\"@id\":\"https:\/\/matadorbv.com\/fr\/produit\/14053-chariot-porte-seau-10-20-litres\/#breadcrumb\"},\"inLanguage\":\"fr-FR\",\"potentialAction\":[{\"@type\":\"ReadAction\",\"target\":[\"https:\/\/matadorbv.com\/fr\/produit\/14053-chariot-porte-seau-10-20-litres\/\"]}]},{\"@type\":\"ImageObject\",\"inLanguage\":\"fr-FR\",\"@id\":\"https:\/\/matadorbv.com\/fr\/produit\/14053-chariot-porte-seau-10-20-litres\/#primaryimage\",\"url\":\"https:\/\/matadorbv.com\/wp-content\/uploads\/14053-M-EMMERH.10-20L-3.jpg\",\"contentUrl\":\"https:\/\/matadorbv.com\/wp-content\/uploads\/14053-M-EMMERH.10-20L-3.jpg\",\"width\":1200,\"height\":1200,\"caption\":\"Eimerhalter 10\/20 L\"},{\"@type\":\"BreadcrumbList\",\"@id\":\"https:\/\/matadorbv.com\/fr\/produit\/14053-chariot-porte-seau-10-20-litres\/#breadcrumb\",\"itemListElement\":[{\"@type\":\"ListItem\",\"position\":1,\"name\":\"Home\",\"item\":\"https:\/\/matadorbv.com\/fr\/\"},{\"@type\":\"ListItem\",\"position\":2,\"name\":\"Boutique\",\"item\":\"https:\/\/matadorbv.com\/fr\/boutique\/\"},{\"@type\":\"ListItem\",\"position\":3,\"name\":\"14053 Chariot Porte Seau 10\/20 litres\"}]},{\"@type\":\"WebSite\",\"@id\":\"https:\/\/matadorbv.com\/fr\/#website\",\"url\":\"https:\/\/matadorbv.com\/fr\/\",\"name\":\"MATADOR\",\"description\":\" for solid products - Since 1895 Dutch manufacturer, supplier, wholesaler and expert in the steel area.\",\"publisher\":{\"@id\":\"https:\/\/matadorbv.com\/fr\/#organization\"},\"potentialAction\":[{\"@type\":\"SearchAction\",\"target\":{\"@type\":\"EntryPoint\",\"urlTemplate\":\"https:\/\/matadorbv.com\/fr\/?s={search_term_string}\"},\"query-input\":{\"@type\":\"PropertyValueSpecification\",\"valueRequired\":true,\"valueName\":\"search_term_string\"}}],\"inLanguage\":\"fr-FR\"},{\"@type\":\"Organization\",\"@id\":\"https:\/\/matadorbv.com\/fr\/#organization\",\"name\":\"MATADOR\",\"url\":\"https:\/\/matadorbv.com\/fr\/\",\"logo\":{\"@type\":\"ImageObject\",\"inLanguage\":\"fr-FR\",\"@id\":\"https:\/\/matadorbv.com\/fr\/#\/schema\/logo\/image\/\",\"url\":\"https:\/\/matadorbv.com\/wp-content\/uploads\/cropped-22MAT003-Matador-Logo-tagline-RGB-Black-BG.png\",\"contentUrl\":\"https:\/\/matadorbv.com\/wp-content\/uploads\/cropped-22MAT003-Matador-Logo-tagline-RGB-Black-BG.png\",\"width\":1200,\"height\":342,\"caption\":\"MATADOR\"},\"image\":{\"@id\":\"https:\/\/matadorbv.com\/fr\/#\/schema\/logo\/image\/\"}}]}<\/script>\n<!-- \/ Yoast SEO plugin. -->","yoast_head_json":{"title":"14053 Chariot Porte Seau 10\/20 litres - MATADOR","robots":{"index":"index","follow":"follow","max-snippet":"max-snippet:-1","max-image-preview":"max-image-preview:large","max-video-preview":"max-video-preview:-1"},"canonical":"https:\/\/matadorbv.com\/fr\/produit\/14053-chariot-porte-seau-10-20-litres\/","og_locale":"fr_FR","og_type":"article","og_title":"14053 Chariot Porte Seau 10\/20 litres - MATADOR","og_description":"CODE EAN\u00a0: 8717185618723. Chariot Porte Seau adaptatif pour seau de 10 ou 20 litres Poids\u00a0: 5,4 Kg. Capacit\u00e9\u00a0: 60 Kg. Convient aux seaux de 10 ou 20 litres Dimensions\u00a0: (l x h) \u00d8650x522mm Dimensions chariot porte seau\u00a0: (LxH) \u00d8256x223mm Dimensions pli\u00e9\u00a0: (couch\u00e9) (LxPxH) 680x680x120mm 4 roues pivotantes \u00d8100 Vid\u00e9o de Matador\u00a0:","og_url":"https:\/\/matadorbv.com\/fr\/produit\/14053-chariot-porte-seau-10-20-litres\/","og_site_name":"MATADOR","twitter_card":"summary_large_image","schema":{"@context":"https:\/\/schema.org","@graph":[{"@type":"WebPage","@id":"https:\/\/matadorbv.com\/fr\/produit\/14053-chariot-porte-seau-10-20-litres\/","url":"https:\/\/matadorbv.com\/fr\/produit\/14053-chariot-porte-seau-10-20-litres\/","name":"14053 Chariot Porte Seau 10\/20 litres - MATADOR","isPartOf":{"@id":"https:\/\/matadorbv.com\/fr\/#website"},"primaryImageOfPage":{"@id":"https:\/\/matadorbv.com\/fr\/produit\/14053-chariot-porte-seau-10-20-litres\/#primaryimage"},"image":{"@id":"https:\/\/matadorbv.com\/fr\/produit\/14053-chariot-porte-seau-10-20-litres\/#primaryimage"},"thumbnailUrl":"https:\/\/matadorbv.com\/wp-content\/uploads\/14053-M-EMMERH.10-20L-3.jpg","datePublished":"2021-01-20T00:46:09+00:00","breadcrumb":{"@id":"https:\/\/matadorbv.com\/fr\/produit\/14053-chariot-porte-seau-10-20-litres\/#breadcrumb"},"inLanguage":"fr-FR","potentialAction":[{"@type":"ReadAction","target":["https:\/\/matadorbv.com\/fr\/produit\/14053-chariot-porte-seau-10-20-litres\/"]}]},{"@type":"ImageObject","inLanguage":"fr-FR","@id":"https:\/\/matadorbv.com\/fr\/produit\/14053-chariot-porte-seau-10-20-litres\/#primaryimage","url":"https:\/\/matadorbv.com\/wp-content\/uploads\/14053-M-EMMERH.10-20L-3.jpg","contentUrl":"https:\/\/matadorbv.com\/wp-content\/uploads\/14053-M-EMMERH.10-20L-3.jpg","width":1200,"height":1200,"caption":"Eimerhalter 10\/20 L"},{"@type":"BreadcrumbList","@id":"https:\/\/matadorbv.com\/fr\/produit\/14053-chariot-porte-seau-10-20-litres\/#breadcrumb","itemListElement":[{"@type":"ListItem","position":1,"name":"Home","item":"https:\/\/matadorbv.com\/fr\/"},{"@type":"ListItem","position":2,"name":"Boutique","item":"https:\/\/matadorbv.com\/fr\/boutique\/"},{"@type":"ListItem","position":3,"name":"14053 Chariot Porte Seau 10\/20 litres"}]},{"@type":"WebSite","@id":"https:\/\/matadorbv.com\/fr\/#website","url":"https:\/\/matadorbv.com\/fr\/","name":"MATADOR","description":" for solid products - Since 1895 Dutch manufacturer, supplier, wholesaler and expert in the steel area.","publisher":{"@id":"https:\/\/matadorbv.com\/fr\/#organization"},"potentialAction":[{"@type":"SearchAction","target":{"@type":"EntryPoint","urlTemplate":"https:\/\/matadorbv.com\/fr\/?s={search_term_string}"},"query-input":{"@type":"PropertyValueSpecification","valueRequired":true,"valueName":"search_term_string"}}],"inLanguage":"fr-FR"},{"@type":"Organization","@id":"https:\/\/matadorbv.com\/fr\/#organization","name":"MATADOR","url":"https:\/\/matadorbv.com\/fr\/","logo":{"@type":"ImageObject","inLanguage":"fr-FR","@id":"https:\/\/matadorbv.com\/fr\/#\/schema\/logo\/image\/","url":"https:\/\/matadorbv.com\/wp-content\/uploads\/cropped-22MAT003-Matador-Logo-tagline-RGB-Black-BG.png","contentUrl":"https:\/\/matadorbv.com\/wp-content\/uploads\/cropped-22MAT003-Matador-Logo-tagline-RGB-Black-BG.png","width":1200,"height":342,"caption":"MATADOR"},"image":{"@id":"https:\/\/matadorbv.com\/fr\/#\/schema\/logo\/image\/"}}]}},"_links":{"self":[{"href":"https:\/\/matadorbv.com\/fr\/wp-json\/wp\/v2\/product\/30519","targetHints":{"allow":["GET"]}}],"collection":[{"href":"https:\/\/matadorbv.com\/fr\/wp-json\/wp\/v2\/product"}],"about":[{"href":"https:\/\/matadorbv.com\/fr\/wp-json\/wp\/v2\/types\/product"}],"wp:featuredmedia":[{"embeddable":true,"href":"https:\/\/matadorbv.com\/fr\/wp-json\/wp\/v2\/media\/13916"}],"wp:attachment":[{"href":"https:\/\/matadorbv.com\/fr\/wp-json\/wp\/v2\/media?parent=30519"}],"wp:term":[{"taxonomy":"product_brand","embeddable":true,"href":"https:\/\/matadorbv.com\/fr\/wp-json\/wp\/v2\/product_brand?post=30519"},{"taxonomy":"product_cat","embeddable":true,"href":"https:\/\/matadorbv.com\/fr\/wp-json\/wp\/v2\/product_cat?post=30519"},{"taxonomy":"product_tag","embeddable":true,"href":"https:\/\/matadorbv.com\/fr\/wp-json\/wp\/v2\/product_tag?post=30519"}],"curies":[{"name":"wp","href":"https:\/\/api.w.org\/{rel}","templated":true}]}}