{"id":30493,"date":"2021-01-20T01:55:07","date_gmt":"2021-01-20T00:55:07","guid":{"rendered":"https:\/\/matadorbv.com\/product\/15845-doorjack-chariot-de-pose-et-de-manutention-des-portes-capacite-150-kg\/"},"modified":"2025-05-13T15:49:58","modified_gmt":"2025-05-13T13:49:58","slug":"15845-doorjack-chariot-de-pose-et-de-manutention-des-portes-capacite-150-kg","status":"publish","type":"product","link":"https:\/\/matadorbv.com\/fr\/produit\/15845-doorjack-chariot-de-pose-et-de-manutention-des-portes-capacite-150-kg\/","title":{"rendered":"15845 L\u00e8ve porte (Doorjack)"},"content":{"rendered":"<p>CODE EAN\u00a0: 8718692439221.<\/p>\n<p>Le Doorjack est outil de manutention multifonctionnel.<br \/>\nAvec une utilisation horizontale, c\u2019est l\u2019outil id\u00e9al pour le transport de portes ou d\u2019autres panneaux, par une seule personne.<br \/>\nUne fois arriv\u00e9 sur place, vous inclinez le Doorjack, ensuite, gr\u00e2ce au principe du levier, la porte peut \u00eatre facilement et rapidement gond\u00e9e et ajust\u00e9e..<\/p>\n<p>Poids\u00a0: 7,6 Kg.<br \/>\nCapacit\u00e9\u00a0: 150 Kg.<br \/>\nDimensions\u00a0: (LxLxH) 1315x236x244mm<br \/>\nDimensions de la semelle\u00a0: (LxH) 300x82mm<br \/>\nLargeur \u00e0 l\u2019int\u00e9rieur de la semelle : 84 mm<br \/>\nDimensions carton \u00a0: (LxLxH) 1340x260x300<\/p>\n<p>Vid\u00e9o sur le produit Matador\u00a0:<\/p>\n","protected":false},"excerpt":{"rendered":"<p>CODE EAN\u00a0: 8718692439221. Le Doorjack est outil de manutention multifonctionnel. Avec une utilisation horizontale, c\u2019est l\u2019outil id\u00e9al pour le transport de portes ou d\u2019autres panneaux, par une seule personne. Une fois arriv\u00e9 sur place, vous inclinez le Doorjack, ensuite, gr\u00e2ce au principe du levier, la porte peut \u00eatre facilement et rapidement gond\u00e9e et ajust\u00e9e.. Poids\u00a0: [&hellip;]<\/p>\n","protected":false},"featured_media":14121,"template":"","meta":[],"product_brand":[],"product_cat":[2357],"product_tag":[2482],"class_list":{"0":"post-30493","1":"product","2":"type-product","3":"status-publish","4":"has-post-thumbnail","6":"product_cat-building-logistics-fr","7":"product_tag-matador-fr","9":"first","10":"instock","11":"purchasable","12":"product-type-simple"},"yoast_head":"<!-- This site is optimized with the Yoast SEO plugin v25.4 - https:\/\/yoast.com\/wordpress\/plugins\/seo\/ -->\n<title>15845 L\u00e8ve porte (Doorjack) - MATADOR<\/title>\n<meta name=\"robots\" content=\"index, follow, max-snippet:-1, max-image-preview:large, max-video-preview:-1\" \/>\n<link rel=\"canonical\" href=\"https:\/\/matadorbv.com\/fr\/produit\/15845-doorjack-chariot-de-pose-et-de-manutention-des-portes-capacite-150-kg\/\" \/>\n<meta property=\"og:locale\" content=\"fr_FR\" \/>\n<meta property=\"og:type\" content=\"article\" \/>\n<meta property=\"og:title\" content=\"15845 L\u00e8ve porte (Doorjack) - MATADOR\" \/>\n<meta property=\"og:description\" content=\"CODE EAN\u00a0: 8718692439221. Le Doorjack est outil de manutention multifonctionnel. Avec une utilisation horizontale, c\u2019est l\u2019outil id\u00e9al pour le transport de portes ou d\u2019autres panneaux, par une seule personne. Une fois arriv\u00e9 sur place, vous inclinez le Doorjack, ensuite, gr\u00e2ce au principe du levier, la porte peut \u00eatre facilement et rapidement gond\u00e9e et ajust\u00e9e.. Poids\u00a0: [&hellip;]\" \/>\n<meta property=\"og:url\" content=\"https:\/\/matadorbv.com\/fr\/produit\/15845-doorjack-chariot-de-pose-et-de-manutention-des-portes-capacite-150-kg\/\" \/>\n<meta property=\"og:site_name\" content=\"MATADOR\" \/>\n<meta property=\"article:modified_time\" content=\"2025-05-13T13:49:58+00:00\" \/>\n<meta name=\"twitter:card\" content=\"summary_large_image\" \/>\n<script type=\"application\/ld+json\" class=\"yoast-schema-graph\">{\"@context\":\"https:\/\/schema.org\",\"@graph\":[{\"@type\":\"WebPage\",\"@id\":\"https:\/\/matadorbv.com\/fr\/produit\/15845-doorjack-chariot-de-pose-et-de-manutention-des-portes-capacite-150-kg\/\",\"url\":\"https:\/\/matadorbv.com\/fr\/produit\/15845-doorjack-chariot-de-pose-et-de-manutention-des-portes-capacite-150-kg\/\",\"name\":\"15845 L\u00e8ve porte (Doorjack) - MATADOR\",\"isPartOf\":{\"@id\":\"https:\/\/matadorbv.com\/fr\/#website\"},\"primaryImageOfPage\":{\"@id\":\"https:\/\/matadorbv.com\/fr\/produit\/15845-doorjack-chariot-de-pose-et-de-manutention-des-portes-capacite-150-kg\/#primaryimage\"},\"image\":{\"@id\":\"https:\/\/matadorbv.com\/fr\/produit\/15845-doorjack-chariot-de-pose-et-de-manutention-des-portes-capacite-150-kg\/#primaryimage\"},\"thumbnailUrl\":\"https:\/\/matadorbv.com\/wp-content\/uploads\/15845-M-Doorjack-iso-front-7-scaled.jpg\",\"datePublished\":\"2021-01-20T00:55:07+00:00\",\"dateModified\":\"2025-05-13T13:49:58+00:00\",\"breadcrumb\":{\"@id\":\"https:\/\/matadorbv.com\/fr\/produit\/15845-doorjack-chariot-de-pose-et-de-manutention-des-portes-capacite-150-kg\/#breadcrumb\"},\"inLanguage\":\"fr-FR\",\"potentialAction\":[{\"@type\":\"ReadAction\",\"target\":[\"https:\/\/matadorbv.com\/fr\/produit\/15845-doorjack-chariot-de-pose-et-de-manutention-des-portes-capacite-150-kg\/\"]}]},{\"@type\":\"ImageObject\",\"inLanguage\":\"fr-FR\",\"@id\":\"https:\/\/matadorbv.com\/fr\/produit\/15845-doorjack-chariot-de-pose-et-de-manutention-des-portes-capacite-150-kg\/#primaryimage\",\"url\":\"https:\/\/matadorbv.com\/wp-content\/uploads\/15845-M-Doorjack-iso-front-7-scaled.jpg\",\"contentUrl\":\"https:\/\/matadorbv.com\/wp-content\/uploads\/15845-M-Doorjack-iso-front-7-scaled.jpg\",\"width\":2560,\"height\":2560,\"caption\":\"T\u00fcrmontage Ger\u00e4t\"},{\"@type\":\"BreadcrumbList\",\"@id\":\"https:\/\/matadorbv.com\/fr\/produit\/15845-doorjack-chariot-de-pose-et-de-manutention-des-portes-capacite-150-kg\/#breadcrumb\",\"itemListElement\":[{\"@type\":\"ListItem\",\"position\":1,\"name\":\"Home\",\"item\":\"https:\/\/matadorbv.com\/fr\/\"},{\"@type\":\"ListItem\",\"position\":2,\"name\":\"Boutique\",\"item\":\"https:\/\/matadorbv.com\/fr\/boutique\/\"},{\"@type\":\"ListItem\",\"position\":3,\"name\":\"15845 L\u00e8ve porte (Doorjack)\"}]},{\"@type\":\"WebSite\",\"@id\":\"https:\/\/matadorbv.com\/fr\/#website\",\"url\":\"https:\/\/matadorbv.com\/fr\/\",\"name\":\"MATADOR\",\"description\":\" for solid products - Since 1895 Dutch manufacturer, supplier, wholesaler and expert in the steel area.\",\"publisher\":{\"@id\":\"https:\/\/matadorbv.com\/fr\/#organization\"},\"potentialAction\":[{\"@type\":\"SearchAction\",\"target\":{\"@type\":\"EntryPoint\",\"urlTemplate\":\"https:\/\/matadorbv.com\/fr\/?s={search_term_string}\"},\"query-input\":{\"@type\":\"PropertyValueSpecification\",\"valueRequired\":true,\"valueName\":\"search_term_string\"}}],\"inLanguage\":\"fr-FR\"},{\"@type\":\"Organization\",\"@id\":\"https:\/\/matadorbv.com\/fr\/#organization\",\"name\":\"MATADOR\",\"url\":\"https:\/\/matadorbv.com\/fr\/\",\"logo\":{\"@type\":\"ImageObject\",\"inLanguage\":\"fr-FR\",\"@id\":\"https:\/\/matadorbv.com\/fr\/#\/schema\/logo\/image\/\",\"url\":\"https:\/\/matadorbv.com\/wp-content\/uploads\/cropped-22MAT003-Matador-Logo-tagline-RGB-Black-BG.png\",\"contentUrl\":\"https:\/\/matadorbv.com\/wp-content\/uploads\/cropped-22MAT003-Matador-Logo-tagline-RGB-Black-BG.png\",\"width\":1200,\"height\":342,\"caption\":\"MATADOR\"},\"image\":{\"@id\":\"https:\/\/matadorbv.com\/fr\/#\/schema\/logo\/image\/\"}}]}<\/script>\n<!-- \/ Yoast SEO plugin. -->","yoast_head_json":{"title":"15845 L\u00e8ve porte (Doorjack) - MATADOR","robots":{"index":"index","follow":"follow","max-snippet":"max-snippet:-1","max-image-preview":"max-image-preview:large","max-video-preview":"max-video-preview:-1"},"canonical":"https:\/\/matadorbv.com\/fr\/produit\/15845-doorjack-chariot-de-pose-et-de-manutention-des-portes-capacite-150-kg\/","og_locale":"fr_FR","og_type":"article","og_title":"15845 L\u00e8ve porte (Doorjack) - MATADOR","og_description":"CODE EAN\u00a0: 8718692439221. Le Doorjack est outil de manutention multifonctionnel. Avec une utilisation horizontale, c\u2019est l\u2019outil id\u00e9al pour le transport de portes ou d\u2019autres panneaux, par une seule personne. Une fois arriv\u00e9 sur place, vous inclinez le Doorjack, ensuite, gr\u00e2ce au principe du levier, la porte peut \u00eatre facilement et rapidement gond\u00e9e et ajust\u00e9e.. Poids\u00a0: [&hellip;]","og_url":"https:\/\/matadorbv.com\/fr\/produit\/15845-doorjack-chariot-de-pose-et-de-manutention-des-portes-capacite-150-kg\/","og_site_name":"MATADOR","article_modified_time":"2025-05-13T13:49:58+00:00","twitter_card":"summary_large_image","schema":{"@context":"https:\/\/schema.org","@graph":[{"@type":"WebPage","@id":"https:\/\/matadorbv.com\/fr\/produit\/15845-doorjack-chariot-de-pose-et-de-manutention-des-portes-capacite-150-kg\/","url":"https:\/\/matadorbv.com\/fr\/produit\/15845-doorjack-chariot-de-pose-et-de-manutention-des-portes-capacite-150-kg\/","name":"15845 L\u00e8ve porte (Doorjack) - MATADOR","isPartOf":{"@id":"https:\/\/matadorbv.com\/fr\/#website"},"primaryImageOfPage":{"@id":"https:\/\/matadorbv.com\/fr\/produit\/15845-doorjack-chariot-de-pose-et-de-manutention-des-portes-capacite-150-kg\/#primaryimage"},"image":{"@id":"https:\/\/matadorbv.com\/fr\/produit\/15845-doorjack-chariot-de-pose-et-de-manutention-des-portes-capacite-150-kg\/#primaryimage"},"thumbnailUrl":"https:\/\/matadorbv.com\/wp-content\/uploads\/15845-M-Doorjack-iso-front-7-scaled.jpg","datePublished":"2021-01-20T00:55:07+00:00","dateModified":"2025-05-13T13:49:58+00:00","breadcrumb":{"@id":"https:\/\/matadorbv.com\/fr\/produit\/15845-doorjack-chariot-de-pose-et-de-manutention-des-portes-capacite-150-kg\/#breadcrumb"},"inLanguage":"fr-FR","potentialAction":[{"@type":"ReadAction","target":["https:\/\/matadorbv.com\/fr\/produit\/15845-doorjack-chariot-de-pose-et-de-manutention-des-portes-capacite-150-kg\/"]}]},{"@type":"ImageObject","inLanguage":"fr-FR","@id":"https:\/\/matadorbv.com\/fr\/produit\/15845-doorjack-chariot-de-pose-et-de-manutention-des-portes-capacite-150-kg\/#primaryimage","url":"https:\/\/matadorbv.com\/wp-content\/uploads\/15845-M-Doorjack-iso-front-7-scaled.jpg","contentUrl":"https:\/\/matadorbv.com\/wp-content\/uploads\/15845-M-Doorjack-iso-front-7-scaled.jpg","width":2560,"height":2560,"caption":"T\u00fcrmontage Ger\u00e4t"},{"@type":"BreadcrumbList","@id":"https:\/\/matadorbv.com\/fr\/produit\/15845-doorjack-chariot-de-pose-et-de-manutention-des-portes-capacite-150-kg\/#breadcrumb","itemListElement":[{"@type":"ListItem","position":1,"name":"Home","item":"https:\/\/matadorbv.com\/fr\/"},{"@type":"ListItem","position":2,"name":"Boutique","item":"https:\/\/matadorbv.com\/fr\/boutique\/"},{"@type":"ListItem","position":3,"name":"15845 L\u00e8ve porte (Doorjack)"}]},{"@type":"WebSite","@id":"https:\/\/matadorbv.com\/fr\/#website","url":"https:\/\/matadorbv.com\/fr\/","name":"MATADOR","description":" for solid products - Since 1895 Dutch manufacturer, supplier, wholesaler and expert in the steel area.","publisher":{"@id":"https:\/\/matadorbv.com\/fr\/#organization"},"potentialAction":[{"@type":"SearchAction","target":{"@type":"EntryPoint","urlTemplate":"https:\/\/matadorbv.com\/fr\/?s={search_term_string}"},"query-input":{"@type":"PropertyValueSpecification","valueRequired":true,"valueName":"search_term_string"}}],"inLanguage":"fr-FR"},{"@type":"Organization","@id":"https:\/\/matadorbv.com\/fr\/#organization","name":"MATADOR","url":"https:\/\/matadorbv.com\/fr\/","logo":{"@type":"ImageObject","inLanguage":"fr-FR","@id":"https:\/\/matadorbv.com\/fr\/#\/schema\/logo\/image\/","url":"https:\/\/matadorbv.com\/wp-content\/uploads\/cropped-22MAT003-Matador-Logo-tagline-RGB-Black-BG.png","contentUrl":"https:\/\/matadorbv.com\/wp-content\/uploads\/cropped-22MAT003-Matador-Logo-tagline-RGB-Black-BG.png","width":1200,"height":342,"caption":"MATADOR"},"image":{"@id":"https:\/\/matadorbv.com\/fr\/#\/schema\/logo\/image\/"}}]}},"_links":{"self":[{"href":"https:\/\/matadorbv.com\/fr\/wp-json\/wp\/v2\/product\/30493","targetHints":{"allow":["GET"]}}],"collection":[{"href":"https:\/\/matadorbv.com\/fr\/wp-json\/wp\/v2\/product"}],"about":[{"href":"https:\/\/matadorbv.com\/fr\/wp-json\/wp\/v2\/types\/product"}],"wp:featuredmedia":[{"embeddable":true,"href":"https:\/\/matadorbv.com\/fr\/wp-json\/wp\/v2\/media\/14121"}],"wp:attachment":[{"href":"https:\/\/matadorbv.com\/fr\/wp-json\/wp\/v2\/media?parent=30493"}],"wp:term":[{"taxonomy":"product_brand","embeddable":true,"href":"https:\/\/matadorbv.com\/fr\/wp-json\/wp\/v2\/product_brand?post=30493"},{"taxonomy":"product_cat","embeddable":true,"href":"https:\/\/matadorbv.com\/fr\/wp-json\/wp\/v2\/product_cat?post=30493"},{"taxonomy":"product_tag","embeddable":true,"href":"https:\/\/matadorbv.com\/fr\/wp-json\/wp\/v2\/product_tag?post=30493"}],"curies":[{"name":"wp","href":"https:\/\/api.w.org\/{rel}","templated":true}]}}