{"id":30173,"date":"2021-01-20T01:55:07","date_gmt":"2021-01-20T00:55:07","guid":{"rendered":"https:\/\/matadorbv.com\/product\/16028-diable-maraicher-acier-roues-pneumatiques\/"},"modified":"2023-12-12T15:10:04","modified_gmt":"2023-12-12T14:10:04","slug":"16028-diable-maraicher-acier-roues-pneumatiques","status":"publish","type":"product","link":"https:\/\/matadorbv.com\/fr\/produit\/16028-diable-maraicher-acier-roues-pneumatiques\/","title":{"rendered":"16028 Diable Maraicher acier, roues pneumatiques"},"content":{"rendered":"<p>CODE EAN\u00a0: 8718692438330,<br \/>\nGroupe de produits\u00a0: Diables<\/p>\n<p>Diable Maraicher : hauteur variable r\u00e9glable par molettes.<br \/>\nId\u00e9al pour le transport de caisses, cagots.<br \/>\nPossibilit\u00e9 de transformer le diable en pr\u00e9sentoir (position horizontale du diable).<br \/>\nPoign\u00e9es ergonomiques en caoutchouc naturel avec garde de protection.<br \/>\nRoues pneumatiques.<br \/>\nPoids : 19 Kg.<br \/>\nCapacit\u00e9\u00a0: 350 Kg.<br \/>\nPoign\u00e9es ergonomiques en caoutchouc naturel avec garde de protection.<br \/>\nDimensions\u00a0: (LxP) 550x825mm<br \/>\nHauteur r\u00e9glable\u00a0: min.1545mm, max.1925mm<br \/>\nFourches\u00a0: (LxW) 350x80mm<br \/>\nRoues\u00a0: PU anti-crevaison<br \/>\nEssieu\u00a0: \u00d8 25<\/p>\n<p>Vid\u00e9o de Matador\u00a0:<\/p>\n","protected":false},"excerpt":{"rendered":"<p>CODE EAN\u00a0: 8718692438330, Groupe de produits\u00a0: Diables Diable Maraicher : hauteur variable r\u00e9glable par molettes. Id\u00e9al pour le transport de caisses, cagots. Possibilit\u00e9 de transformer le diable en pr\u00e9sentoir (position horizontale du diable). Poign\u00e9es ergonomiques en caoutchouc naturel avec garde de protection. Roues pneumatiques. Poids : 19 Kg. Capacit\u00e9\u00a0: 350 Kg. Poign\u00e9es ergonomiques en caoutchouc [&hellip;]<\/p>\n","protected":false},"featured_media":14144,"template":"","meta":[],"product_brand":[],"product_cat":[2375],"product_tag":[2595,2482],"class_list":{"0":"post-30173","1":"product","2":"type-product","3":"status-publish","4":"has-post-thumbnail","6":"product_cat-handtrucks-fr","7":"product_tag-handtrucks-fr","8":"product_tag-matador-fr","10":"first","11":"instock","12":"purchasable","13":"product-type-simple"},"yoast_head":"<!-- This site is optimized with the Yoast SEO plugin v25.4 - https:\/\/yoast.com\/wordpress\/plugins\/seo\/ -->\n<title>16028 Diable Maraicher acier, roues pneumatiques - MATADOR<\/title>\n<meta name=\"robots\" content=\"index, follow, max-snippet:-1, max-image-preview:large, max-video-preview:-1\" \/>\n<link rel=\"canonical\" href=\"https:\/\/matadorbv.com\/fr\/produit\/16028-diable-maraicher-acier-roues-pneumatiques\/\" \/>\n<meta property=\"og:locale\" content=\"fr_FR\" \/>\n<meta property=\"og:type\" content=\"article\" \/>\n<meta property=\"og:title\" content=\"16028 Diable Maraicher acier, roues pneumatiques - MATADOR\" \/>\n<meta property=\"og:description\" content=\"CODE EAN\u00a0: 8718692438330, Groupe de produits\u00a0: Diables Diable Maraicher : hauteur variable r\u00e9glable par molettes. Id\u00e9al pour le transport de caisses, cagots. Possibilit\u00e9 de transformer le diable en pr\u00e9sentoir (position horizontale du diable). Poign\u00e9es ergonomiques en caoutchouc naturel avec garde de protection. Roues pneumatiques. Poids : 19 Kg. Capacit\u00e9\u00a0: 350 Kg. Poign\u00e9es ergonomiques en caoutchouc [&hellip;]\" \/>\n<meta property=\"og:url\" content=\"https:\/\/matadorbv.com\/fr\/produit\/16028-diable-maraicher-acier-roues-pneumatiques\/\" \/>\n<meta property=\"og:site_name\" content=\"MATADOR\" \/>\n<meta property=\"article:modified_time\" content=\"2023-12-12T14:10:04+00:00\" \/>\n<meta name=\"twitter:card\" content=\"summary_large_image\" \/>\n<meta name=\"twitter:label1\" content=\"Dur\u00e9e de lecture estim\u00e9e\" \/>\n\t<meta name=\"twitter:data1\" content=\"1 minute\" \/>\n<script type=\"application\/ld+json\" class=\"yoast-schema-graph\">{\"@context\":\"https:\/\/schema.org\",\"@graph\":[{\"@type\":\"WebPage\",\"@id\":\"https:\/\/matadorbv.com\/fr\/produit\/16028-diable-maraicher-acier-roues-pneumatiques\/\",\"url\":\"https:\/\/matadorbv.com\/fr\/produit\/16028-diable-maraicher-acier-roues-pneumatiques\/\",\"name\":\"16028 Diable Maraicher acier, roues pneumatiques - MATADOR\",\"isPartOf\":{\"@id\":\"https:\/\/matadorbv.com\/fr\/#website\"},\"primaryImageOfPage\":{\"@id\":\"https:\/\/matadorbv.com\/fr\/produit\/16028-diable-maraicher-acier-roues-pneumatiques\/#primaryimage\"},\"image\":{\"@id\":\"https:\/\/matadorbv.com\/fr\/produit\/16028-diable-maraicher-acier-roues-pneumatiques\/#primaryimage\"},\"thumbnailUrl\":\"https:\/\/matadorbv.com\/wp-content\/uploads\/16028-M-NST-MK350-L-ISO-boxes-front-3.jpg\",\"datePublished\":\"2021-01-20T00:55:07+00:00\",\"dateModified\":\"2023-12-12T14:10:04+00:00\",\"breadcrumb\":{\"@id\":\"https:\/\/matadorbv.com\/fr\/produit\/16028-diable-maraicher-acier-roues-pneumatiques\/#breadcrumb\"},\"inLanguage\":\"fr-FR\",\"potentialAction\":[{\"@type\":\"ReadAction\",\"target\":[\"https:\/\/matadorbv.com\/fr\/produit\/16028-diable-maraicher-acier-roues-pneumatiques\/\"]}]},{\"@type\":\"ImageObject\",\"inLanguage\":\"fr-FR\",\"@id\":\"https:\/\/matadorbv.com\/fr\/produit\/16028-diable-maraicher-acier-roues-pneumatiques\/#primaryimage\",\"url\":\"https:\/\/matadorbv.com\/wp-content\/uploads\/16028-M-NST-MK350-L-ISO-boxes-front-3.jpg\",\"contentUrl\":\"https:\/\/matadorbv.com\/wp-content\/uploads\/16028-M-NST-MK350-L-ISO-boxes-front-3.jpg\",\"width\":1200,\"height\":1200,\"caption\":\"Kistenstechkarre mit Luftbereifung\"},{\"@type\":\"BreadcrumbList\",\"@id\":\"https:\/\/matadorbv.com\/fr\/produit\/16028-diable-maraicher-acier-roues-pneumatiques\/#breadcrumb\",\"itemListElement\":[{\"@type\":\"ListItem\",\"position\":1,\"name\":\"Home\",\"item\":\"https:\/\/matadorbv.com\/fr\/\"},{\"@type\":\"ListItem\",\"position\":2,\"name\":\"Boutique\",\"item\":\"https:\/\/matadorbv.com\/fr\/boutique\/\"},{\"@type\":\"ListItem\",\"position\":3,\"name\":\"16028 Diable Maraicher acier, roues pneumatiques\"}]},{\"@type\":\"WebSite\",\"@id\":\"https:\/\/matadorbv.com\/fr\/#website\",\"url\":\"https:\/\/matadorbv.com\/fr\/\",\"name\":\"MATADOR\",\"description\":\" for solid products - Since 1895 Dutch manufacturer, supplier, wholesaler and expert in the steel area.\",\"publisher\":{\"@id\":\"https:\/\/matadorbv.com\/fr\/#organization\"},\"potentialAction\":[{\"@type\":\"SearchAction\",\"target\":{\"@type\":\"EntryPoint\",\"urlTemplate\":\"https:\/\/matadorbv.com\/fr\/?s={search_term_string}\"},\"query-input\":{\"@type\":\"PropertyValueSpecification\",\"valueRequired\":true,\"valueName\":\"search_term_string\"}}],\"inLanguage\":\"fr-FR\"},{\"@type\":\"Organization\",\"@id\":\"https:\/\/matadorbv.com\/fr\/#organization\",\"name\":\"MATADOR\",\"url\":\"https:\/\/matadorbv.com\/fr\/\",\"logo\":{\"@type\":\"ImageObject\",\"inLanguage\":\"fr-FR\",\"@id\":\"https:\/\/matadorbv.com\/fr\/#\/schema\/logo\/image\/\",\"url\":\"https:\/\/matadorbv.com\/wp-content\/uploads\/cropped-22MAT003-Matador-Logo-tagline-RGB-Black-BG.png\",\"contentUrl\":\"https:\/\/matadorbv.com\/wp-content\/uploads\/cropped-22MAT003-Matador-Logo-tagline-RGB-Black-BG.png\",\"width\":1200,\"height\":342,\"caption\":\"MATADOR\"},\"image\":{\"@id\":\"https:\/\/matadorbv.com\/fr\/#\/schema\/logo\/image\/\"}}]}<\/script>\n<!-- \/ Yoast SEO plugin. -->","yoast_head_json":{"title":"16028 Diable Maraicher acier, roues pneumatiques - MATADOR","robots":{"index":"index","follow":"follow","max-snippet":"max-snippet:-1","max-image-preview":"max-image-preview:large","max-video-preview":"max-video-preview:-1"},"canonical":"https:\/\/matadorbv.com\/fr\/produit\/16028-diable-maraicher-acier-roues-pneumatiques\/","og_locale":"fr_FR","og_type":"article","og_title":"16028 Diable Maraicher acier, roues pneumatiques - MATADOR","og_description":"CODE EAN\u00a0: 8718692438330, Groupe de produits\u00a0: Diables Diable Maraicher : hauteur variable r\u00e9glable par molettes. Id\u00e9al pour le transport de caisses, cagots. Possibilit\u00e9 de transformer le diable en pr\u00e9sentoir (position horizontale du diable). Poign\u00e9es ergonomiques en caoutchouc naturel avec garde de protection. Roues pneumatiques. Poids : 19 Kg. Capacit\u00e9\u00a0: 350 Kg. Poign\u00e9es ergonomiques en caoutchouc [&hellip;]","og_url":"https:\/\/matadorbv.com\/fr\/produit\/16028-diable-maraicher-acier-roues-pneumatiques\/","og_site_name":"MATADOR","article_modified_time":"2023-12-12T14:10:04+00:00","twitter_card":"summary_large_image","twitter_misc":{"Dur\u00e9e de lecture estim\u00e9e":"1 minute"},"schema":{"@context":"https:\/\/schema.org","@graph":[{"@type":"WebPage","@id":"https:\/\/matadorbv.com\/fr\/produit\/16028-diable-maraicher-acier-roues-pneumatiques\/","url":"https:\/\/matadorbv.com\/fr\/produit\/16028-diable-maraicher-acier-roues-pneumatiques\/","name":"16028 Diable Maraicher acier, roues pneumatiques - MATADOR","isPartOf":{"@id":"https:\/\/matadorbv.com\/fr\/#website"},"primaryImageOfPage":{"@id":"https:\/\/matadorbv.com\/fr\/produit\/16028-diable-maraicher-acier-roues-pneumatiques\/#primaryimage"},"image":{"@id":"https:\/\/matadorbv.com\/fr\/produit\/16028-diable-maraicher-acier-roues-pneumatiques\/#primaryimage"},"thumbnailUrl":"https:\/\/matadorbv.com\/wp-content\/uploads\/16028-M-NST-MK350-L-ISO-boxes-front-3.jpg","datePublished":"2021-01-20T00:55:07+00:00","dateModified":"2023-12-12T14:10:04+00:00","breadcrumb":{"@id":"https:\/\/matadorbv.com\/fr\/produit\/16028-diable-maraicher-acier-roues-pneumatiques\/#breadcrumb"},"inLanguage":"fr-FR","potentialAction":[{"@type":"ReadAction","target":["https:\/\/matadorbv.com\/fr\/produit\/16028-diable-maraicher-acier-roues-pneumatiques\/"]}]},{"@type":"ImageObject","inLanguage":"fr-FR","@id":"https:\/\/matadorbv.com\/fr\/produit\/16028-diable-maraicher-acier-roues-pneumatiques\/#primaryimage","url":"https:\/\/matadorbv.com\/wp-content\/uploads\/16028-M-NST-MK350-L-ISO-boxes-front-3.jpg","contentUrl":"https:\/\/matadorbv.com\/wp-content\/uploads\/16028-M-NST-MK350-L-ISO-boxes-front-3.jpg","width":1200,"height":1200,"caption":"Kistenstechkarre mit Luftbereifung"},{"@type":"BreadcrumbList","@id":"https:\/\/matadorbv.com\/fr\/produit\/16028-diable-maraicher-acier-roues-pneumatiques\/#breadcrumb","itemListElement":[{"@type":"ListItem","position":1,"name":"Home","item":"https:\/\/matadorbv.com\/fr\/"},{"@type":"ListItem","position":2,"name":"Boutique","item":"https:\/\/matadorbv.com\/fr\/boutique\/"},{"@type":"ListItem","position":3,"name":"16028 Diable Maraicher acier, roues pneumatiques"}]},{"@type":"WebSite","@id":"https:\/\/matadorbv.com\/fr\/#website","url":"https:\/\/matadorbv.com\/fr\/","name":"MATADOR","description":" for solid products - Since 1895 Dutch manufacturer, supplier, wholesaler and expert in the steel area.","publisher":{"@id":"https:\/\/matadorbv.com\/fr\/#organization"},"potentialAction":[{"@type":"SearchAction","target":{"@type":"EntryPoint","urlTemplate":"https:\/\/matadorbv.com\/fr\/?s={search_term_string}"},"query-input":{"@type":"PropertyValueSpecification","valueRequired":true,"valueName":"search_term_string"}}],"inLanguage":"fr-FR"},{"@type":"Organization","@id":"https:\/\/matadorbv.com\/fr\/#organization","name":"MATADOR","url":"https:\/\/matadorbv.com\/fr\/","logo":{"@type":"ImageObject","inLanguage":"fr-FR","@id":"https:\/\/matadorbv.com\/fr\/#\/schema\/logo\/image\/","url":"https:\/\/matadorbv.com\/wp-content\/uploads\/cropped-22MAT003-Matador-Logo-tagline-RGB-Black-BG.png","contentUrl":"https:\/\/matadorbv.com\/wp-content\/uploads\/cropped-22MAT003-Matador-Logo-tagline-RGB-Black-BG.png","width":1200,"height":342,"caption":"MATADOR"},"image":{"@id":"https:\/\/matadorbv.com\/fr\/#\/schema\/logo\/image\/"}}]}},"_links":{"self":[{"href":"https:\/\/matadorbv.com\/fr\/wp-json\/wp\/v2\/product\/30173","targetHints":{"allow":["GET"]}}],"collection":[{"href":"https:\/\/matadorbv.com\/fr\/wp-json\/wp\/v2\/product"}],"about":[{"href":"https:\/\/matadorbv.com\/fr\/wp-json\/wp\/v2\/types\/product"}],"wp:featuredmedia":[{"embeddable":true,"href":"https:\/\/matadorbv.com\/fr\/wp-json\/wp\/v2\/media\/14144"}],"wp:attachment":[{"href":"https:\/\/matadorbv.com\/fr\/wp-json\/wp\/v2\/media?parent=30173"}],"wp:term":[{"taxonomy":"product_brand","embeddable":true,"href":"https:\/\/matadorbv.com\/fr\/wp-json\/wp\/v2\/product_brand?post=30173"},{"taxonomy":"product_cat","embeddable":true,"href":"https:\/\/matadorbv.com\/fr\/wp-json\/wp\/v2\/product_cat?post=30173"},{"taxonomy":"product_tag","embeddable":true,"href":"https:\/\/matadorbv.com\/fr\/wp-json\/wp\/v2\/product_tag?post=30173"}],"curies":[{"name":"wp","href":"https:\/\/api.w.org\/{rel}","templated":true}]}}