{"id":30166,"date":"2021-01-20T01:55:07","date_gmt":"2021-01-20T00:55:07","guid":{"rendered":"https:\/\/matadorbv.com\/product\/16029-diable-maraicher-acier\/"},"modified":"2021-01-20T01:55:07","modified_gmt":"2021-01-20T00:55:07","slug":"16029-diable-maraicher-acier","status":"publish","type":"product","link":"https:\/\/matadorbv.com\/fr\/produit\/16029-diable-maraicher-acier\/","title":{"rendered":"16029 Diable Maraicher acier"},"content":{"rendered":"<p>CODE EAN\u00a0: 8718692438330,<br \/>\nGroupe de produits\u00a0: Diables<\/p>\n<p>Diable Maraicher : hauteur variable r\u00e9glable par molettes.<br \/>\nId\u00e9al pour le transport de caisses, cagots.<br \/>\nPossibilit\u00e9 de transformer le diable en pr\u00e9sentoir (position horizontale du diable).<br \/>\nPoign\u00e9es ergonomiques en caoutchouc naturel avec garde de protection.<br \/>\nRoues increvables.<br \/>\nPoids\u00a0: 20,5 Kg.<br \/>\nCapacit\u00e9\u00a0: 350 Kg.<br \/>\nPoign\u00e9es ergonomiques en caoutchouc naturel avec garde de protection.<br \/>\nDimensions\u00a0: (LxP) 550x825mm<br \/>\nHauteur r\u00e9glable\u00a0: min.1545mm, max.1925mm<br \/>\nFourches\u00a0: (LxW) 350x80mm<br \/>\nRoues\u00a0: PU anti-crevaison<br \/>\nEssieu\u00a0: \u00d8 25<\/p>\n<p>Vid\u00e9o de Matador\u00a0:<\/p>\n","protected":false},"excerpt":{"rendered":"<p>CODE EAN\u00a0: 8718692438330, Groupe de produits\u00a0: Diables Diable Maraicher : hauteur variable r\u00e9glable par molettes. Id\u00e9al pour le transport de caisses, cagots. Possibilit\u00e9 de transformer le diable en pr\u00e9sentoir (position horizontale du diable). Poign\u00e9es ergonomiques en caoutchouc naturel avec garde de protection. Roues increvables. Poids\u00a0: 20,5 Kg. Capacit\u00e9\u00a0: 350 Kg. Poign\u00e9es ergonomiques en caoutchouc naturel [&hellip;]<\/p>\n","protected":false},"featured_media":19010,"template":"","meta":[],"product_brand":[],"product_cat":[2375],"product_tag":[2595,2482],"class_list":{"0":"post-30166","1":"product","2":"type-product","3":"status-publish","4":"has-post-thumbnail","6":"product_cat-handtrucks-fr","7":"product_tag-handtrucks-fr","8":"product_tag-matador-fr","10":"first","11":"instock","12":"purchasable","13":"product-type-simple"},"yoast_head":"<!-- This site is optimized with the Yoast SEO plugin v25.4 - https:\/\/yoast.com\/wordpress\/plugins\/seo\/ -->\n<title>16029 Diable Maraicher acier - MATADOR<\/title>\n<meta name=\"robots\" content=\"index, follow, max-snippet:-1, max-image-preview:large, max-video-preview:-1\" \/>\n<link rel=\"canonical\" href=\"https:\/\/matadorbv.com\/fr\/produit\/16029-diable-maraicher-acier\/\" \/>\n<meta property=\"og:locale\" content=\"fr_FR\" \/>\n<meta property=\"og:type\" content=\"article\" \/>\n<meta property=\"og:title\" content=\"16029 Diable Maraicher acier - MATADOR\" \/>\n<meta property=\"og:description\" content=\"CODE EAN\u00a0: 8718692438330, Groupe de produits\u00a0: Diables Diable Maraicher : hauteur variable r\u00e9glable par molettes. Id\u00e9al pour le transport de caisses, cagots. Possibilit\u00e9 de transformer le diable en pr\u00e9sentoir (position horizontale du diable). Poign\u00e9es ergonomiques en caoutchouc naturel avec garde de protection. Roues increvables. Poids\u00a0: 20,5 Kg. Capacit\u00e9\u00a0: 350 Kg. Poign\u00e9es ergonomiques en caoutchouc naturel [&hellip;]\" \/>\n<meta property=\"og:url\" content=\"https:\/\/matadorbv.com\/fr\/produit\/16029-diable-maraicher-acier\/\" \/>\n<meta property=\"og:site_name\" content=\"MATADOR\" \/>\n<meta name=\"twitter:card\" content=\"summary_large_image\" \/>\n<script type=\"application\/ld+json\" class=\"yoast-schema-graph\">{\"@context\":\"https:\/\/schema.org\",\"@graph\":[{\"@type\":\"WebPage\",\"@id\":\"https:\/\/matadorbv.com\/fr\/produit\/16029-diable-maraicher-acier\/\",\"url\":\"https:\/\/matadorbv.com\/fr\/produit\/16029-diable-maraicher-acier\/\",\"name\":\"16029 Diable Maraicher acier - MATADOR\",\"isPartOf\":{\"@id\":\"https:\/\/matadorbv.com\/fr\/#website\"},\"primaryImageOfPage\":{\"@id\":\"https:\/\/matadorbv.com\/fr\/produit\/16029-diable-maraicher-acier\/#primaryimage\"},\"image\":{\"@id\":\"https:\/\/matadorbv.com\/fr\/produit\/16029-diable-maraicher-acier\/#primaryimage\"},\"thumbnailUrl\":\"https:\/\/matadorbv.com\/wp-content\/uploads\/16029-M-NST-MK350-CT-ISO-LEFT-FRONT-TOP.jpg\",\"datePublished\":\"2021-01-20T00:55:07+00:00\",\"breadcrumb\":{\"@id\":\"https:\/\/matadorbv.com\/fr\/produit\/16029-diable-maraicher-acier\/#breadcrumb\"},\"inLanguage\":\"fr-FR\",\"potentialAction\":[{\"@type\":\"ReadAction\",\"target\":[\"https:\/\/matadorbv.com\/fr\/produit\/16029-diable-maraicher-acier\/\"]}]},{\"@type\":\"ImageObject\",\"inLanguage\":\"fr-FR\",\"@id\":\"https:\/\/matadorbv.com\/fr\/produit\/16029-diable-maraicher-acier\/#primaryimage\",\"url\":\"https:\/\/matadorbv.com\/wp-content\/uploads\/16029-M-NST-MK350-CT-ISO-LEFT-FRONT-TOP.jpg\",\"contentUrl\":\"https:\/\/matadorbv.com\/wp-content\/uploads\/16029-M-NST-MK350-CT-ISO-LEFT-FRONT-TOP.jpg\",\"width\":1200,\"height\":1200},{\"@type\":\"BreadcrumbList\",\"@id\":\"https:\/\/matadorbv.com\/fr\/produit\/16029-diable-maraicher-acier\/#breadcrumb\",\"itemListElement\":[{\"@type\":\"ListItem\",\"position\":1,\"name\":\"Home\",\"item\":\"https:\/\/matadorbv.com\/fr\/\"},{\"@type\":\"ListItem\",\"position\":2,\"name\":\"Boutique\",\"item\":\"https:\/\/matadorbv.com\/fr\/boutique\/\"},{\"@type\":\"ListItem\",\"position\":3,\"name\":\"16029 Diable Maraicher acier\"}]},{\"@type\":\"WebSite\",\"@id\":\"https:\/\/matadorbv.com\/fr\/#website\",\"url\":\"https:\/\/matadorbv.com\/fr\/\",\"name\":\"MATADOR\",\"description\":\" for solid products - Since 1895 Dutch manufacturer, supplier, wholesaler and expert in the steel area.\",\"publisher\":{\"@id\":\"https:\/\/matadorbv.com\/fr\/#organization\"},\"potentialAction\":[{\"@type\":\"SearchAction\",\"target\":{\"@type\":\"EntryPoint\",\"urlTemplate\":\"https:\/\/matadorbv.com\/fr\/?s={search_term_string}\"},\"query-input\":{\"@type\":\"PropertyValueSpecification\",\"valueRequired\":true,\"valueName\":\"search_term_string\"}}],\"inLanguage\":\"fr-FR\"},{\"@type\":\"Organization\",\"@id\":\"https:\/\/matadorbv.com\/fr\/#organization\",\"name\":\"MATADOR\",\"url\":\"https:\/\/matadorbv.com\/fr\/\",\"logo\":{\"@type\":\"ImageObject\",\"inLanguage\":\"fr-FR\",\"@id\":\"https:\/\/matadorbv.com\/fr\/#\/schema\/logo\/image\/\",\"url\":\"https:\/\/matadorbv.com\/wp-content\/uploads\/cropped-22MAT003-Matador-Logo-tagline-RGB-Black-BG.png\",\"contentUrl\":\"https:\/\/matadorbv.com\/wp-content\/uploads\/cropped-22MAT003-Matador-Logo-tagline-RGB-Black-BG.png\",\"width\":1200,\"height\":342,\"caption\":\"MATADOR\"},\"image\":{\"@id\":\"https:\/\/matadorbv.com\/fr\/#\/schema\/logo\/image\/\"}}]}<\/script>\n<!-- \/ Yoast SEO plugin. -->","yoast_head_json":{"title":"16029 Diable Maraicher acier - MATADOR","robots":{"index":"index","follow":"follow","max-snippet":"max-snippet:-1","max-image-preview":"max-image-preview:large","max-video-preview":"max-video-preview:-1"},"canonical":"https:\/\/matadorbv.com\/fr\/produit\/16029-diable-maraicher-acier\/","og_locale":"fr_FR","og_type":"article","og_title":"16029 Diable Maraicher acier - MATADOR","og_description":"CODE EAN\u00a0: 8718692438330, Groupe de produits\u00a0: Diables Diable Maraicher : hauteur variable r\u00e9glable par molettes. Id\u00e9al pour le transport de caisses, cagots. Possibilit\u00e9 de transformer le diable en pr\u00e9sentoir (position horizontale du diable). Poign\u00e9es ergonomiques en caoutchouc naturel avec garde de protection. Roues increvables. Poids\u00a0: 20,5 Kg. Capacit\u00e9\u00a0: 350 Kg. Poign\u00e9es ergonomiques en caoutchouc naturel [&hellip;]","og_url":"https:\/\/matadorbv.com\/fr\/produit\/16029-diable-maraicher-acier\/","og_site_name":"MATADOR","twitter_card":"summary_large_image","schema":{"@context":"https:\/\/schema.org","@graph":[{"@type":"WebPage","@id":"https:\/\/matadorbv.com\/fr\/produit\/16029-diable-maraicher-acier\/","url":"https:\/\/matadorbv.com\/fr\/produit\/16029-diable-maraicher-acier\/","name":"16029 Diable Maraicher acier - MATADOR","isPartOf":{"@id":"https:\/\/matadorbv.com\/fr\/#website"},"primaryImageOfPage":{"@id":"https:\/\/matadorbv.com\/fr\/produit\/16029-diable-maraicher-acier\/#primaryimage"},"image":{"@id":"https:\/\/matadorbv.com\/fr\/produit\/16029-diable-maraicher-acier\/#primaryimage"},"thumbnailUrl":"https:\/\/matadorbv.com\/wp-content\/uploads\/16029-M-NST-MK350-CT-ISO-LEFT-FRONT-TOP.jpg","datePublished":"2021-01-20T00:55:07+00:00","breadcrumb":{"@id":"https:\/\/matadorbv.com\/fr\/produit\/16029-diable-maraicher-acier\/#breadcrumb"},"inLanguage":"fr-FR","potentialAction":[{"@type":"ReadAction","target":["https:\/\/matadorbv.com\/fr\/produit\/16029-diable-maraicher-acier\/"]}]},{"@type":"ImageObject","inLanguage":"fr-FR","@id":"https:\/\/matadorbv.com\/fr\/produit\/16029-diable-maraicher-acier\/#primaryimage","url":"https:\/\/matadorbv.com\/wp-content\/uploads\/16029-M-NST-MK350-CT-ISO-LEFT-FRONT-TOP.jpg","contentUrl":"https:\/\/matadorbv.com\/wp-content\/uploads\/16029-M-NST-MK350-CT-ISO-LEFT-FRONT-TOP.jpg","width":1200,"height":1200},{"@type":"BreadcrumbList","@id":"https:\/\/matadorbv.com\/fr\/produit\/16029-diable-maraicher-acier\/#breadcrumb","itemListElement":[{"@type":"ListItem","position":1,"name":"Home","item":"https:\/\/matadorbv.com\/fr\/"},{"@type":"ListItem","position":2,"name":"Boutique","item":"https:\/\/matadorbv.com\/fr\/boutique\/"},{"@type":"ListItem","position":3,"name":"16029 Diable Maraicher acier"}]},{"@type":"WebSite","@id":"https:\/\/matadorbv.com\/fr\/#website","url":"https:\/\/matadorbv.com\/fr\/","name":"MATADOR","description":" for solid products - Since 1895 Dutch manufacturer, supplier, wholesaler and expert in the steel area.","publisher":{"@id":"https:\/\/matadorbv.com\/fr\/#organization"},"potentialAction":[{"@type":"SearchAction","target":{"@type":"EntryPoint","urlTemplate":"https:\/\/matadorbv.com\/fr\/?s={search_term_string}"},"query-input":{"@type":"PropertyValueSpecification","valueRequired":true,"valueName":"search_term_string"}}],"inLanguage":"fr-FR"},{"@type":"Organization","@id":"https:\/\/matadorbv.com\/fr\/#organization","name":"MATADOR","url":"https:\/\/matadorbv.com\/fr\/","logo":{"@type":"ImageObject","inLanguage":"fr-FR","@id":"https:\/\/matadorbv.com\/fr\/#\/schema\/logo\/image\/","url":"https:\/\/matadorbv.com\/wp-content\/uploads\/cropped-22MAT003-Matador-Logo-tagline-RGB-Black-BG.png","contentUrl":"https:\/\/matadorbv.com\/wp-content\/uploads\/cropped-22MAT003-Matador-Logo-tagline-RGB-Black-BG.png","width":1200,"height":342,"caption":"MATADOR"},"image":{"@id":"https:\/\/matadorbv.com\/fr\/#\/schema\/logo\/image\/"}}]}},"_links":{"self":[{"href":"https:\/\/matadorbv.com\/fr\/wp-json\/wp\/v2\/product\/30166","targetHints":{"allow":["GET"]}}],"collection":[{"href":"https:\/\/matadorbv.com\/fr\/wp-json\/wp\/v2\/product"}],"about":[{"href":"https:\/\/matadorbv.com\/fr\/wp-json\/wp\/v2\/types\/product"}],"wp:featuredmedia":[{"embeddable":true,"href":"https:\/\/matadorbv.com\/fr\/wp-json\/wp\/v2\/media\/19010"}],"wp:attachment":[{"href":"https:\/\/matadorbv.com\/fr\/wp-json\/wp\/v2\/media?parent=30166"}],"wp:term":[{"taxonomy":"product_brand","embeddable":true,"href":"https:\/\/matadorbv.com\/fr\/wp-json\/wp\/v2\/product_brand?post=30166"},{"taxonomy":"product_cat","embeddable":true,"href":"https:\/\/matadorbv.com\/fr\/wp-json\/wp\/v2\/product_cat?post=30166"},{"taxonomy":"product_tag","embeddable":true,"href":"https:\/\/matadorbv.com\/fr\/wp-json\/wp\/v2\/product_tag?post=30166"}],"curies":[{"name":"wp","href":"https:\/\/api.w.org\/{rel}","templated":true}]}}