{"id":30050,"date":"2021-01-20T01:36:07","date_gmt":"2021-01-20T00:36:07","guid":{"rendered":"https:\/\/matadorbv.com\/product\/13041-diable-acier-professionnel-roue-pneumatique-capacite-350-kgs\/"},"modified":"2025-05-27T12:38:59","modified_gmt":"2025-05-27T10:38:59","slug":"13041-diable-acier-professionnel-roue-pneumatique-capacite-350-kgs","status":"publish","type":"product","link":"https:\/\/matadorbv.com\/fr\/produit\/13041-diable-acier-professionnel-roue-pneumatique-capacite-350-kgs\/","title":{"rendered":"13041 Diable acier Professionnel, roue pneumatique, capacite 350 kgs"},"content":{"rendered":"<p>Diable acier ultra stable.<\/p>\n<p>Dossier haut, id\u00e9al pour empiler cartons, bo\u00eetes ou caisses.<\/p>\n<p>Diable avec bavette fixe.<\/p>\n<p>Bavette large 285mm.<\/p>\n<p>Enti\u00e8rement soud\u00e9, en acier avec peinture \u00e9poxy martel\u00e9e (pas de solvants, moins nocif pour l\u2019environnement).<\/p>\n<p>Poign\u00e9es ergonomiques en caoutchouc naturel avec garde de protection.<\/p>\n<p>Tube plat pour une meilleure r\u00e9partition de la charge, surface de contact avec le chargement plus importante.<br \/>\nPlaque et couvre-roues dans acier ST. 52.<br \/>\nPlus de stabilit\u00e9 gr\u00e2ce \u00e0 la base de roue extra large.<\/p>\n<p>Equip\u00e9 de pneus pneumatiques.<\/p>\n<p>Dossier haut, id\u00e9al pour l&#8217;empilement de cartons, bo\u00eetes ou caisses.<br \/>\nBavette large 285mm.<br \/>\nTube plat pour une meilleure r\u00e9partition de la charge, surface de contact avec le chargement plus importante.<br \/>\nBavette et couvre-roues en acier ST.52.<br \/>\nPlus de stabilit\u00e9 gr\u00e2ce \u00e0 la base de roue extra large.<br \/>\nDiable avec bavette fixe, capacit\u00e9 de charge 350 kg., poign\u00e9es en caoutchouc naturel avec garde de protection.<br \/>\nPneus 260 x 85 mm<br \/>\nPoids\u00a0: 14,4 Kg.<br \/>\nCapacit\u00e9\u00a0 de charge : 350 Kg.<br \/>\nPoign\u00e9es en caoutchouc naturel avec garde de protection.<br \/>\nDimensions\u00a0: (LxPxH) 500x505x1380mm<br \/>\nDimensions plaque\u00a0: (LxP) 285&#215;240<\/p>\n<p>CODE EAN\u00a0: 8717185618174,<br \/>\nGroupe de produits\u00a0: Diables<\/p>\n<p>Vid\u00e9o de Matador\u00a0:<\/p>\n","protected":false},"excerpt":{"rendered":"<p>Diable acier ultra stable. Dossier haut, id\u00e9al pour empiler cartons, bo\u00eetes ou caisses. Diable avec bavette fixe. Bavette large 285mm. Enti\u00e8rement soud\u00e9, en acier avec peinture \u00e9poxy martel\u00e9e (pas de solvants, moins nocif pour l\u2019environnement). Poign\u00e9es ergonomiques en caoutchouc naturel avec garde de protection. Tube plat pour une meilleure r\u00e9partition de la charge, surface de [&hellip;]<\/p>\n","protected":false},"featured_media":13669,"template":"","meta":[],"product_brand":[],"product_cat":[2375],"product_tag":[2595,2482],"class_list":{"0":"post-30050","1":"product","2":"type-product","3":"status-publish","4":"has-post-thumbnail","6":"product_cat-handtrucks-fr","7":"product_tag-handtrucks-fr","8":"product_tag-matador-fr","10":"first","11":"instock","12":"purchasable","13":"product-type-simple"},"yoast_head":"<!-- This site is optimized with the Yoast SEO plugin v25.4 - https:\/\/yoast.com\/wordpress\/plugins\/seo\/ -->\n<title>13041 Diable acier Professionnel, roue pneumatique, capacite 350 kgs - MATADOR<\/title>\n<meta name=\"robots\" content=\"index, follow, max-snippet:-1, max-image-preview:large, max-video-preview:-1\" \/>\n<link rel=\"canonical\" href=\"https:\/\/matadorbv.com\/fr\/produit\/13041-diable-acier-professionnel-roue-pneumatique-capacite-350-kgs\/\" \/>\n<meta property=\"og:locale\" content=\"fr_FR\" \/>\n<meta property=\"og:type\" content=\"article\" \/>\n<meta property=\"og:title\" content=\"13041 Diable acier Professionnel, roue pneumatique, capacite 350 kgs - MATADOR\" \/>\n<meta property=\"og:description\" content=\"Diable acier ultra stable. Dossier haut, id\u00e9al pour empiler cartons, bo\u00eetes ou caisses. Diable avec bavette fixe. Bavette large 285mm. Enti\u00e8rement soud\u00e9, en acier avec peinture \u00e9poxy martel\u00e9e (pas de solvants, moins nocif pour l\u2019environnement). Poign\u00e9es ergonomiques en caoutchouc naturel avec garde de protection. Tube plat pour une meilleure r\u00e9partition de la charge, surface de [&hellip;]\" \/>\n<meta property=\"og:url\" content=\"https:\/\/matadorbv.com\/fr\/produit\/13041-diable-acier-professionnel-roue-pneumatique-capacite-350-kgs\/\" \/>\n<meta property=\"og:site_name\" content=\"MATADOR\" \/>\n<meta property=\"article:modified_time\" content=\"2025-05-27T10:38:59+00:00\" \/>\n<meta name=\"twitter:card\" content=\"summary_large_image\" \/>\n<meta name=\"twitter:label1\" content=\"Dur\u00e9e de lecture estim\u00e9e\" \/>\n\t<meta name=\"twitter:data1\" content=\"1 minute\" \/>\n<script type=\"application\/ld+json\" class=\"yoast-schema-graph\">{\"@context\":\"https:\/\/schema.org\",\"@graph\":[{\"@type\":\"WebPage\",\"@id\":\"https:\/\/matadorbv.com\/fr\/produit\/13041-diable-acier-professionnel-roue-pneumatique-capacite-350-kgs\/\",\"url\":\"https:\/\/matadorbv.com\/fr\/produit\/13041-diable-acier-professionnel-roue-pneumatique-capacite-350-kgs\/\",\"name\":\"13041 Diable acier Professionnel, roue pneumatique, capacite 350 kgs - MATADOR\",\"isPartOf\":{\"@id\":\"https:\/\/matadorbv.com\/fr\/#website\"},\"primaryImageOfPage\":{\"@id\":\"https:\/\/matadorbv.com\/fr\/produit\/13041-diable-acier-professionnel-roue-pneumatique-capacite-350-kgs\/#primaryimage\"},\"image\":{\"@id\":\"https:\/\/matadorbv.com\/fr\/produit\/13041-diable-acier-professionnel-roue-pneumatique-capacite-350-kgs\/#primaryimage\"},\"thumbnailUrl\":\"https:\/\/matadorbv.com\/wp-content\/uploads\/13041-M-NST300-L-3.jpg\",\"datePublished\":\"2021-01-20T00:36:07+00:00\",\"dateModified\":\"2025-05-27T10:38:59+00:00\",\"breadcrumb\":{\"@id\":\"https:\/\/matadorbv.com\/fr\/produit\/13041-diable-acier-professionnel-roue-pneumatique-capacite-350-kgs\/#breadcrumb\"},\"inLanguage\":\"fr-FR\",\"potentialAction\":[{\"@type\":\"ReadAction\",\"target\":[\"https:\/\/matadorbv.com\/fr\/produit\/13041-diable-acier-professionnel-roue-pneumatique-capacite-350-kgs\/\"]}]},{\"@type\":\"ImageObject\",\"inLanguage\":\"fr-FR\",\"@id\":\"https:\/\/matadorbv.com\/fr\/produit\/13041-diable-acier-professionnel-roue-pneumatique-capacite-350-kgs\/#primaryimage\",\"url\":\"https:\/\/matadorbv.com\/wp-content\/uploads\/13041-M-NST300-L-3.jpg\",\"contentUrl\":\"https:\/\/matadorbv.com\/wp-content\/uploads\/13041-M-NST300-L-3.jpg\",\"width\":1200,\"height\":1200,\"caption\":\"Stapelkarre mit fester Schaufel\"},{\"@type\":\"BreadcrumbList\",\"@id\":\"https:\/\/matadorbv.com\/fr\/produit\/13041-diable-acier-professionnel-roue-pneumatique-capacite-350-kgs\/#breadcrumb\",\"itemListElement\":[{\"@type\":\"ListItem\",\"position\":1,\"name\":\"Home\",\"item\":\"https:\/\/matadorbv.com\/fr\/\"},{\"@type\":\"ListItem\",\"position\":2,\"name\":\"Boutique\",\"item\":\"https:\/\/matadorbv.com\/fr\/boutique\/\"},{\"@type\":\"ListItem\",\"position\":3,\"name\":\"13041 Diable acier Professionnel, roue pneumatique, capacite 350 kgs\"}]},{\"@type\":\"WebSite\",\"@id\":\"https:\/\/matadorbv.com\/fr\/#website\",\"url\":\"https:\/\/matadorbv.com\/fr\/\",\"name\":\"MATADOR\",\"description\":\" for solid products - Since 1895 Dutch manufacturer, supplier, wholesaler and expert in the steel area.\",\"publisher\":{\"@id\":\"https:\/\/matadorbv.com\/fr\/#organization\"},\"potentialAction\":[{\"@type\":\"SearchAction\",\"target\":{\"@type\":\"EntryPoint\",\"urlTemplate\":\"https:\/\/matadorbv.com\/fr\/?s={search_term_string}\"},\"query-input\":{\"@type\":\"PropertyValueSpecification\",\"valueRequired\":true,\"valueName\":\"search_term_string\"}}],\"inLanguage\":\"fr-FR\"},{\"@type\":\"Organization\",\"@id\":\"https:\/\/matadorbv.com\/fr\/#organization\",\"name\":\"MATADOR\",\"url\":\"https:\/\/matadorbv.com\/fr\/\",\"logo\":{\"@type\":\"ImageObject\",\"inLanguage\":\"fr-FR\",\"@id\":\"https:\/\/matadorbv.com\/fr\/#\/schema\/logo\/image\/\",\"url\":\"https:\/\/matadorbv.com\/wp-content\/uploads\/cropped-22MAT003-Matador-Logo-tagline-RGB-Black-BG.png\",\"contentUrl\":\"https:\/\/matadorbv.com\/wp-content\/uploads\/cropped-22MAT003-Matador-Logo-tagline-RGB-Black-BG.png\",\"width\":1200,\"height\":342,\"caption\":\"MATADOR\"},\"image\":{\"@id\":\"https:\/\/matadorbv.com\/fr\/#\/schema\/logo\/image\/\"}}]}<\/script>\n<!-- \/ Yoast SEO plugin. -->","yoast_head_json":{"title":"13041 Diable acier Professionnel, roue pneumatique, capacite 350 kgs - MATADOR","robots":{"index":"index","follow":"follow","max-snippet":"max-snippet:-1","max-image-preview":"max-image-preview:large","max-video-preview":"max-video-preview:-1"},"canonical":"https:\/\/matadorbv.com\/fr\/produit\/13041-diable-acier-professionnel-roue-pneumatique-capacite-350-kgs\/","og_locale":"fr_FR","og_type":"article","og_title":"13041 Diable acier Professionnel, roue pneumatique, capacite 350 kgs - MATADOR","og_description":"Diable acier ultra stable. Dossier haut, id\u00e9al pour empiler cartons, bo\u00eetes ou caisses. Diable avec bavette fixe. Bavette large 285mm. Enti\u00e8rement soud\u00e9, en acier avec peinture \u00e9poxy martel\u00e9e (pas de solvants, moins nocif pour l\u2019environnement). Poign\u00e9es ergonomiques en caoutchouc naturel avec garde de protection. Tube plat pour une meilleure r\u00e9partition de la charge, surface de [&hellip;]","og_url":"https:\/\/matadorbv.com\/fr\/produit\/13041-diable-acier-professionnel-roue-pneumatique-capacite-350-kgs\/","og_site_name":"MATADOR","article_modified_time":"2025-05-27T10:38:59+00:00","twitter_card":"summary_large_image","twitter_misc":{"Dur\u00e9e de lecture estim\u00e9e":"1 minute"},"schema":{"@context":"https:\/\/schema.org","@graph":[{"@type":"WebPage","@id":"https:\/\/matadorbv.com\/fr\/produit\/13041-diable-acier-professionnel-roue-pneumatique-capacite-350-kgs\/","url":"https:\/\/matadorbv.com\/fr\/produit\/13041-diable-acier-professionnel-roue-pneumatique-capacite-350-kgs\/","name":"13041 Diable acier Professionnel, roue pneumatique, capacite 350 kgs - MATADOR","isPartOf":{"@id":"https:\/\/matadorbv.com\/fr\/#website"},"primaryImageOfPage":{"@id":"https:\/\/matadorbv.com\/fr\/produit\/13041-diable-acier-professionnel-roue-pneumatique-capacite-350-kgs\/#primaryimage"},"image":{"@id":"https:\/\/matadorbv.com\/fr\/produit\/13041-diable-acier-professionnel-roue-pneumatique-capacite-350-kgs\/#primaryimage"},"thumbnailUrl":"https:\/\/matadorbv.com\/wp-content\/uploads\/13041-M-NST300-L-3.jpg","datePublished":"2021-01-20T00:36:07+00:00","dateModified":"2025-05-27T10:38:59+00:00","breadcrumb":{"@id":"https:\/\/matadorbv.com\/fr\/produit\/13041-diable-acier-professionnel-roue-pneumatique-capacite-350-kgs\/#breadcrumb"},"inLanguage":"fr-FR","potentialAction":[{"@type":"ReadAction","target":["https:\/\/matadorbv.com\/fr\/produit\/13041-diable-acier-professionnel-roue-pneumatique-capacite-350-kgs\/"]}]},{"@type":"ImageObject","inLanguage":"fr-FR","@id":"https:\/\/matadorbv.com\/fr\/produit\/13041-diable-acier-professionnel-roue-pneumatique-capacite-350-kgs\/#primaryimage","url":"https:\/\/matadorbv.com\/wp-content\/uploads\/13041-M-NST300-L-3.jpg","contentUrl":"https:\/\/matadorbv.com\/wp-content\/uploads\/13041-M-NST300-L-3.jpg","width":1200,"height":1200,"caption":"Stapelkarre mit fester Schaufel"},{"@type":"BreadcrumbList","@id":"https:\/\/matadorbv.com\/fr\/produit\/13041-diable-acier-professionnel-roue-pneumatique-capacite-350-kgs\/#breadcrumb","itemListElement":[{"@type":"ListItem","position":1,"name":"Home","item":"https:\/\/matadorbv.com\/fr\/"},{"@type":"ListItem","position":2,"name":"Boutique","item":"https:\/\/matadorbv.com\/fr\/boutique\/"},{"@type":"ListItem","position":3,"name":"13041 Diable acier Professionnel, roue pneumatique, capacite 350 kgs"}]},{"@type":"WebSite","@id":"https:\/\/matadorbv.com\/fr\/#website","url":"https:\/\/matadorbv.com\/fr\/","name":"MATADOR","description":" for solid products - Since 1895 Dutch manufacturer, supplier, wholesaler and expert in the steel area.","publisher":{"@id":"https:\/\/matadorbv.com\/fr\/#organization"},"potentialAction":[{"@type":"SearchAction","target":{"@type":"EntryPoint","urlTemplate":"https:\/\/matadorbv.com\/fr\/?s={search_term_string}"},"query-input":{"@type":"PropertyValueSpecification","valueRequired":true,"valueName":"search_term_string"}}],"inLanguage":"fr-FR"},{"@type":"Organization","@id":"https:\/\/matadorbv.com\/fr\/#organization","name":"MATADOR","url":"https:\/\/matadorbv.com\/fr\/","logo":{"@type":"ImageObject","inLanguage":"fr-FR","@id":"https:\/\/matadorbv.com\/fr\/#\/schema\/logo\/image\/","url":"https:\/\/matadorbv.com\/wp-content\/uploads\/cropped-22MAT003-Matador-Logo-tagline-RGB-Black-BG.png","contentUrl":"https:\/\/matadorbv.com\/wp-content\/uploads\/cropped-22MAT003-Matador-Logo-tagline-RGB-Black-BG.png","width":1200,"height":342,"caption":"MATADOR"},"image":{"@id":"https:\/\/matadorbv.com\/fr\/#\/schema\/logo\/image\/"}}]}},"_links":{"self":[{"href":"https:\/\/matadorbv.com\/fr\/wp-json\/wp\/v2\/product\/30050","targetHints":{"allow":["GET"]}}],"collection":[{"href":"https:\/\/matadorbv.com\/fr\/wp-json\/wp\/v2\/product"}],"about":[{"href":"https:\/\/matadorbv.com\/fr\/wp-json\/wp\/v2\/types\/product"}],"wp:featuredmedia":[{"embeddable":true,"href":"https:\/\/matadorbv.com\/fr\/wp-json\/wp\/v2\/media\/13669"}],"wp:attachment":[{"href":"https:\/\/matadorbv.com\/fr\/wp-json\/wp\/v2\/media?parent=30050"}],"wp:term":[{"taxonomy":"product_brand","embeddable":true,"href":"https:\/\/matadorbv.com\/fr\/wp-json\/wp\/v2\/product_brand?post=30050"},{"taxonomy":"product_cat","embeddable":true,"href":"https:\/\/matadorbv.com\/fr\/wp-json\/wp\/v2\/product_cat?post=30050"},{"taxonomy":"product_tag","embeddable":true,"href":"https:\/\/matadorbv.com\/fr\/wp-json\/wp\/v2\/product_tag?post=30050"}],"curies":[{"name":"wp","href":"https:\/\/api.w.org\/{rel}","templated":true}]}}