{"id":29936,"date":"2021-01-20T01:38:50","date_gmt":"2021-01-20T00:38:50","guid":{"rendered":"https:\/\/matadorbv.com\/product\/13516-diable-acier-avec-bavette-extra-large-400x400-capacite-350-kg\/"},"modified":"2023-12-04T11:14:00","modified_gmt":"2023-12-04T10:14:00","slug":"13516-diable-acier-avec-bavette-extra-large-400x400-capacite-350-kg","status":"publish","type":"product","link":"https:\/\/matadorbv.com\/fr\/produit\/13516-diable-acier-avec-bavette-extra-large-400x400-capacite-350-kg\/","title":{"rendered":"13516 Diable acier avec bavette extra large 400&#215;400, capacit\u00e9 350 kg"},"content":{"rendered":"<p>CODE EAN\u00a0: 8718692434882.<\/p>\n<p>Diable acier ultra stable.<\/p>\n<p>Dossier plat, id\u00e9al pour les chargements volumineux.<\/p>\n<p>Diable avec bavette fixe.<\/p>\n<p>Tr\u00e8s grande bavette 400x400mm.<\/p>\n<p>Enti\u00e8rement m\u00e9cano soud\u00e9, peinture \u00e9poxy martel\u00e9e tr\u00e9s r\u00e9sistante (pas de solvants, moins nocif pour l\u2019environnement).<\/p>\n<p>Poign\u00e9es ergonomiques en caoutchouc naturel avec garde de protection.<\/p>\n<p>Tube plat pour une plus grande surface de contact du chargement.<br \/>\nPlaque et couvre-roues en acier robuste ST. 52.<br \/>\nPlus de stabilit\u00e9 gr\u00e2ce \u00e0 la base de roue extra large.<\/p>\n<p>\u00c9quip\u00e9 de pneus anti-crevaison<\/p>\n<p>Dossier plat, id\u00e9al pour les chargements volumineux.<br \/>\nTr\u00e8s grande bavette 400x400mm.<br \/>\nTube plat pour une meilleure r\u00e9partition du poids.<br \/>\nPlaque et couvre-roues en acier ST.52.<br \/>\nPlus de stabilit\u00e9 gr\u00e2ce \u00e0 un empattement extra large<br \/>\nDiable acier type NST-200-XXL roue increvable, avec bavette extra large. Charge max 350 kg, peinture \u00e9poxy martel\u00e9e grise<\/p>\n<p>Poids\u00a0: 13,4 Kg.<br \/>\nCapacit\u00e9\u00a0: 350 Kg.<br \/>\nPoign\u00e9es avec garde de protection.<br \/>\nDimensions\u00a0: (LxPxH) 585x620x1100mm<br \/>\nDimensions bavette extra large : (LxP) 400x400mm<br \/>\nEssieu \u00d825<\/p>\n<p>Vid\u00e9o de Matador\u00a0:<\/p>\n","protected":false},"excerpt":{"rendered":"<p>CODE EAN\u00a0: 8718692434882. Diable acier ultra stable. Dossier plat, id\u00e9al pour les chargements volumineux. Diable avec bavette fixe. Tr\u00e8s grande bavette 400x400mm. Enti\u00e8rement m\u00e9cano soud\u00e9, peinture \u00e9poxy martel\u00e9e tr\u00e9s r\u00e9sistante (pas de solvants, moins nocif pour l\u2019environnement). Poign\u00e9es ergonomiques en caoutchouc naturel avec garde de protection. Tube plat pour une plus grande surface de contact [&hellip;]<\/p>\n","protected":false},"featured_media":18780,"template":"","meta":[],"product_brand":[],"product_cat":[2375],"product_tag":[2595,2482],"class_list":{"0":"post-29936","1":"product","2":"type-product","3":"status-publish","4":"has-post-thumbnail","6":"product_cat-handtrucks-fr","7":"product_tag-handtrucks-fr","8":"product_tag-matador-fr","10":"first","11":"instock","12":"purchasable","13":"product-type-simple"},"yoast_head":"<!-- This site is optimized with the Yoast SEO plugin v25.4 - https:\/\/yoast.com\/wordpress\/plugins\/seo\/ -->\n<title>13516 Diable acier avec bavette extra large 400x400, capacit\u00e9 350 kg - MATADOR<\/title>\n<meta name=\"robots\" content=\"index, follow, max-snippet:-1, max-image-preview:large, max-video-preview:-1\" \/>\n<link rel=\"canonical\" href=\"https:\/\/matadorbv.com\/fr\/produit\/13516-diable-acier-avec-bavette-extra-large-400x400-capacite-350-kg\/\" \/>\n<meta property=\"og:locale\" content=\"fr_FR\" \/>\n<meta property=\"og:type\" content=\"article\" \/>\n<meta property=\"og:title\" content=\"13516 Diable acier avec bavette extra large 400x400, capacit\u00e9 350 kg - MATADOR\" \/>\n<meta property=\"og:description\" content=\"CODE EAN\u00a0: 8718692434882. Diable acier ultra stable. Dossier plat, id\u00e9al pour les chargements volumineux. Diable avec bavette fixe. Tr\u00e8s grande bavette 400x400mm. Enti\u00e8rement m\u00e9cano soud\u00e9, peinture \u00e9poxy martel\u00e9e tr\u00e9s r\u00e9sistante (pas de solvants, moins nocif pour l\u2019environnement). Poign\u00e9es ergonomiques en caoutchouc naturel avec garde de protection. Tube plat pour une plus grande surface de contact [&hellip;]\" \/>\n<meta property=\"og:url\" content=\"https:\/\/matadorbv.com\/fr\/produit\/13516-diable-acier-avec-bavette-extra-large-400x400-capacite-350-kg\/\" \/>\n<meta property=\"og:site_name\" content=\"MATADOR\" \/>\n<meta property=\"article:modified_time\" content=\"2023-12-04T10:14:00+00:00\" \/>\n<meta name=\"twitter:card\" content=\"summary_large_image\" \/>\n<meta name=\"twitter:label1\" content=\"Dur\u00e9e de lecture estim\u00e9e\" \/>\n\t<meta name=\"twitter:data1\" content=\"1 minute\" \/>\n<script type=\"application\/ld+json\" class=\"yoast-schema-graph\">{\"@context\":\"https:\/\/schema.org\",\"@graph\":[{\"@type\":\"WebPage\",\"@id\":\"https:\/\/matadorbv.com\/fr\/produit\/13516-diable-acier-avec-bavette-extra-large-400x400-capacite-350-kg\/\",\"url\":\"https:\/\/matadorbv.com\/fr\/produit\/13516-diable-acier-avec-bavette-extra-large-400x400-capacite-350-kg\/\",\"name\":\"13516 Diable acier avec bavette extra large 400x400, capacit\u00e9 350 kg - MATADOR\",\"isPartOf\":{\"@id\":\"https:\/\/matadorbv.com\/fr\/#website\"},\"primaryImageOfPage\":{\"@id\":\"https:\/\/matadorbv.com\/fr\/produit\/13516-diable-acier-avec-bavette-extra-large-400x400-capacite-350-kg\/#primaryimage\"},\"image\":{\"@id\":\"https:\/\/matadorbv.com\/fr\/produit\/13516-diable-acier-avec-bavette-extra-large-400x400-capacite-350-kg\/#primaryimage\"},\"thumbnailUrl\":\"https:\/\/matadorbv.com\/wp-content\/uploads\/13516-M-NST200-XXL-CT-ISO-FRONT-LEFT.jpg\",\"datePublished\":\"2021-01-20T00:38:50+00:00\",\"dateModified\":\"2023-12-04T10:14:00+00:00\",\"breadcrumb\":{\"@id\":\"https:\/\/matadorbv.com\/fr\/produit\/13516-diable-acier-avec-bavette-extra-large-400x400-capacite-350-kg\/#breadcrumb\"},\"inLanguage\":\"fr-FR\",\"potentialAction\":[{\"@type\":\"ReadAction\",\"target\":[\"https:\/\/matadorbv.com\/fr\/produit\/13516-diable-acier-avec-bavette-extra-large-400x400-capacite-350-kg\/\"]}]},{\"@type\":\"ImageObject\",\"inLanguage\":\"fr-FR\",\"@id\":\"https:\/\/matadorbv.com\/fr\/produit\/13516-diable-acier-avec-bavette-extra-large-400x400-capacite-350-kg\/#primaryimage\",\"url\":\"https:\/\/matadorbv.com\/wp-content\/uploads\/13516-M-NST200-XXL-CT-ISO-FRONT-LEFT.jpg\",\"contentUrl\":\"https:\/\/matadorbv.com\/wp-content\/uploads\/13516-M-NST200-XXL-CT-ISO-FRONT-LEFT.jpg\",\"width\":1200,\"height\":1200},{\"@type\":\"BreadcrumbList\",\"@id\":\"https:\/\/matadorbv.com\/fr\/produit\/13516-diable-acier-avec-bavette-extra-large-400x400-capacite-350-kg\/#breadcrumb\",\"itemListElement\":[{\"@type\":\"ListItem\",\"position\":1,\"name\":\"Home\",\"item\":\"https:\/\/matadorbv.com\/fr\/\"},{\"@type\":\"ListItem\",\"position\":2,\"name\":\"Boutique\",\"item\":\"https:\/\/matadorbv.com\/fr\/boutique\/\"},{\"@type\":\"ListItem\",\"position\":3,\"name\":\"13516 Diable acier avec bavette extra large 400&#215;400, capacit\u00e9 350 kg\"}]},{\"@type\":\"WebSite\",\"@id\":\"https:\/\/matadorbv.com\/fr\/#website\",\"url\":\"https:\/\/matadorbv.com\/fr\/\",\"name\":\"MATADOR\",\"description\":\" for solid products - Since 1895 Dutch manufacturer, supplier, wholesaler and expert in the steel area.\",\"publisher\":{\"@id\":\"https:\/\/matadorbv.com\/fr\/#organization\"},\"potentialAction\":[{\"@type\":\"SearchAction\",\"target\":{\"@type\":\"EntryPoint\",\"urlTemplate\":\"https:\/\/matadorbv.com\/fr\/?s={search_term_string}\"},\"query-input\":{\"@type\":\"PropertyValueSpecification\",\"valueRequired\":true,\"valueName\":\"search_term_string\"}}],\"inLanguage\":\"fr-FR\"},{\"@type\":\"Organization\",\"@id\":\"https:\/\/matadorbv.com\/fr\/#organization\",\"name\":\"MATADOR\",\"url\":\"https:\/\/matadorbv.com\/fr\/\",\"logo\":{\"@type\":\"ImageObject\",\"inLanguage\":\"fr-FR\",\"@id\":\"https:\/\/matadorbv.com\/fr\/#\/schema\/logo\/image\/\",\"url\":\"https:\/\/matadorbv.com\/wp-content\/uploads\/cropped-22MAT003-Matador-Logo-tagline-RGB-Black-BG.png\",\"contentUrl\":\"https:\/\/matadorbv.com\/wp-content\/uploads\/cropped-22MAT003-Matador-Logo-tagline-RGB-Black-BG.png\",\"width\":1200,\"height\":342,\"caption\":\"MATADOR\"},\"image\":{\"@id\":\"https:\/\/matadorbv.com\/fr\/#\/schema\/logo\/image\/\"}}]}<\/script>\n<!-- \/ Yoast SEO plugin. -->","yoast_head_json":{"title":"13516 Diable acier avec bavette extra large 400x400, capacit\u00e9 350 kg - MATADOR","robots":{"index":"index","follow":"follow","max-snippet":"max-snippet:-1","max-image-preview":"max-image-preview:large","max-video-preview":"max-video-preview:-1"},"canonical":"https:\/\/matadorbv.com\/fr\/produit\/13516-diable-acier-avec-bavette-extra-large-400x400-capacite-350-kg\/","og_locale":"fr_FR","og_type":"article","og_title":"13516 Diable acier avec bavette extra large 400x400, capacit\u00e9 350 kg - MATADOR","og_description":"CODE EAN\u00a0: 8718692434882. Diable acier ultra stable. Dossier plat, id\u00e9al pour les chargements volumineux. Diable avec bavette fixe. Tr\u00e8s grande bavette 400x400mm. Enti\u00e8rement m\u00e9cano soud\u00e9, peinture \u00e9poxy martel\u00e9e tr\u00e9s r\u00e9sistante (pas de solvants, moins nocif pour l\u2019environnement). Poign\u00e9es ergonomiques en caoutchouc naturel avec garde de protection. Tube plat pour une plus grande surface de contact [&hellip;]","og_url":"https:\/\/matadorbv.com\/fr\/produit\/13516-diable-acier-avec-bavette-extra-large-400x400-capacite-350-kg\/","og_site_name":"MATADOR","article_modified_time":"2023-12-04T10:14:00+00:00","twitter_card":"summary_large_image","twitter_misc":{"Dur\u00e9e de lecture estim\u00e9e":"1 minute"},"schema":{"@context":"https:\/\/schema.org","@graph":[{"@type":"WebPage","@id":"https:\/\/matadorbv.com\/fr\/produit\/13516-diable-acier-avec-bavette-extra-large-400x400-capacite-350-kg\/","url":"https:\/\/matadorbv.com\/fr\/produit\/13516-diable-acier-avec-bavette-extra-large-400x400-capacite-350-kg\/","name":"13516 Diable acier avec bavette extra large 400x400, capacit\u00e9 350 kg - MATADOR","isPartOf":{"@id":"https:\/\/matadorbv.com\/fr\/#website"},"primaryImageOfPage":{"@id":"https:\/\/matadorbv.com\/fr\/produit\/13516-diable-acier-avec-bavette-extra-large-400x400-capacite-350-kg\/#primaryimage"},"image":{"@id":"https:\/\/matadorbv.com\/fr\/produit\/13516-diable-acier-avec-bavette-extra-large-400x400-capacite-350-kg\/#primaryimage"},"thumbnailUrl":"https:\/\/matadorbv.com\/wp-content\/uploads\/13516-M-NST200-XXL-CT-ISO-FRONT-LEFT.jpg","datePublished":"2021-01-20T00:38:50+00:00","dateModified":"2023-12-04T10:14:00+00:00","breadcrumb":{"@id":"https:\/\/matadorbv.com\/fr\/produit\/13516-diable-acier-avec-bavette-extra-large-400x400-capacite-350-kg\/#breadcrumb"},"inLanguage":"fr-FR","potentialAction":[{"@type":"ReadAction","target":["https:\/\/matadorbv.com\/fr\/produit\/13516-diable-acier-avec-bavette-extra-large-400x400-capacite-350-kg\/"]}]},{"@type":"ImageObject","inLanguage":"fr-FR","@id":"https:\/\/matadorbv.com\/fr\/produit\/13516-diable-acier-avec-bavette-extra-large-400x400-capacite-350-kg\/#primaryimage","url":"https:\/\/matadorbv.com\/wp-content\/uploads\/13516-M-NST200-XXL-CT-ISO-FRONT-LEFT.jpg","contentUrl":"https:\/\/matadorbv.com\/wp-content\/uploads\/13516-M-NST200-XXL-CT-ISO-FRONT-LEFT.jpg","width":1200,"height":1200},{"@type":"BreadcrumbList","@id":"https:\/\/matadorbv.com\/fr\/produit\/13516-diable-acier-avec-bavette-extra-large-400x400-capacite-350-kg\/#breadcrumb","itemListElement":[{"@type":"ListItem","position":1,"name":"Home","item":"https:\/\/matadorbv.com\/fr\/"},{"@type":"ListItem","position":2,"name":"Boutique","item":"https:\/\/matadorbv.com\/fr\/boutique\/"},{"@type":"ListItem","position":3,"name":"13516 Diable acier avec bavette extra large 400&#215;400, capacit\u00e9 350 kg"}]},{"@type":"WebSite","@id":"https:\/\/matadorbv.com\/fr\/#website","url":"https:\/\/matadorbv.com\/fr\/","name":"MATADOR","description":" for solid products - Since 1895 Dutch manufacturer, supplier, wholesaler and expert in the steel area.","publisher":{"@id":"https:\/\/matadorbv.com\/fr\/#organization"},"potentialAction":[{"@type":"SearchAction","target":{"@type":"EntryPoint","urlTemplate":"https:\/\/matadorbv.com\/fr\/?s={search_term_string}"},"query-input":{"@type":"PropertyValueSpecification","valueRequired":true,"valueName":"search_term_string"}}],"inLanguage":"fr-FR"},{"@type":"Organization","@id":"https:\/\/matadorbv.com\/fr\/#organization","name":"MATADOR","url":"https:\/\/matadorbv.com\/fr\/","logo":{"@type":"ImageObject","inLanguage":"fr-FR","@id":"https:\/\/matadorbv.com\/fr\/#\/schema\/logo\/image\/","url":"https:\/\/matadorbv.com\/wp-content\/uploads\/cropped-22MAT003-Matador-Logo-tagline-RGB-Black-BG.png","contentUrl":"https:\/\/matadorbv.com\/wp-content\/uploads\/cropped-22MAT003-Matador-Logo-tagline-RGB-Black-BG.png","width":1200,"height":342,"caption":"MATADOR"},"image":{"@id":"https:\/\/matadorbv.com\/fr\/#\/schema\/logo\/image\/"}}]}},"_links":{"self":[{"href":"https:\/\/matadorbv.com\/fr\/wp-json\/wp\/v2\/product\/29936","targetHints":{"allow":["GET"]}}],"collection":[{"href":"https:\/\/matadorbv.com\/fr\/wp-json\/wp\/v2\/product"}],"about":[{"href":"https:\/\/matadorbv.com\/fr\/wp-json\/wp\/v2\/types\/product"}],"wp:featuredmedia":[{"embeddable":true,"href":"https:\/\/matadorbv.com\/fr\/wp-json\/wp\/v2\/media\/18780"}],"wp:attachment":[{"href":"https:\/\/matadorbv.com\/fr\/wp-json\/wp\/v2\/media?parent=29936"}],"wp:term":[{"taxonomy":"product_brand","embeddable":true,"href":"https:\/\/matadorbv.com\/fr\/wp-json\/wp\/v2\/product_brand?post=29936"},{"taxonomy":"product_cat","embeddable":true,"href":"https:\/\/matadorbv.com\/fr\/wp-json\/wp\/v2\/product_cat?post=29936"},{"taxonomy":"product_tag","embeddable":true,"href":"https:\/\/matadorbv.com\/fr\/wp-json\/wp\/v2\/product_tag?post=29936"}],"curies":[{"name":"wp","href":"https:\/\/api.w.org\/{rel}","templated":true}]}}