{"id":29905,"date":"2021-01-20T01:55:07","date_gmt":"2021-01-20T00:55:07","guid":{"rendered":"https:\/\/matadorbv.com\/product\/16002-diable-acier-capacite-de-charge-350kg-roue-anti-crevaison-bavette-large-40x25\/"},"modified":"2021-01-20T01:55:07","modified_gmt":"2021-01-20T00:55:07","slug":"16002-diable-acier-capacite-de-charge-350kg-roue-anti-crevaison-bavette-large-40x25","status":"publish","type":"product","link":"https:\/\/matadorbv.com\/fr\/produit\/16002-diable-acier-capacite-de-charge-350kg-roue-anti-crevaison-bavette-large-40x25\/","title":{"rendered":"16002 Diable acier, capacit\u00e9 de charge 350kg, roue anti crevaison, bavette large 40&#215;25"},"content":{"rendered":"<p>CODE EAN\u00a0: 8719638511018.<\/p>\n<p>Diable acier ultra stable.<\/p>\n<p>Dossier plat, id\u00e9al pour les chargements volumineux.<\/p>\n<p>Diable avec bavette fixe.<\/p>\n<p>Bavette large de 400x250mm.<\/p>\n<p>Enti\u00e8rement m\u00e9cano soud\u00e9, peinture \u00e9poxy martel\u00e9e tr\u00e9s r\u00e9sistantes aux chocs.(pas de solvants, moins nocif pour l\u2019environnement).<\/p>\n<p>Poign\u00e9es ergonomiques en caoutchouc naturel avec garde de protection.<\/p>\n<p>Tube plat pour une meilleure surface de contact avec le chargement.<br \/>\nPlaque et couvre-roues en acier robuste ST. 52.<br \/>\nPlus de stabilit\u00e9 gr\u00e2ce \u00e0 la base de roue extra large.<\/p>\n<p>\u00c9quip\u00e9 de pneus increvables.<\/p>\n<p>Dossier plat, id\u00e9al pour les chargements volumineux.<br \/>\nBavette large 400x250mm.<br \/>\nTube plat pour une meilleure r\u00e9partition de la charge.<br \/>\nPlaque et couvre-roues en acier robuste ST.52.<br \/>\nPlus de stabilit\u00e9 gr\u00e2ce \u00e0 la base de roue extra large.<br \/>\nDiable avec une capacit\u00e9 de 350 kg., poign\u00e9es en caoutchouc naturel avec garde de protection, pneus increvables polyur\u00e9thane expans\u00e9 260 x 85mm.<\/p>\n<p>Poids\u00a0: 13,4 Kg.<br \/>\nCapacit\u00e9\u00a0: 350 Kg.<br \/>\nPoign\u00e9es en caoutchouc naturel avec garde de protection<br \/>\nInclinaison du chassis \u00a0: 14 degr\u00e9s<br \/>\nDimensions : (WxDxH) x585x450x1100mm<br \/>\nDimensions grande bavette\u00a0: (LxP) 400x250mm<br \/>\nRoues\u00a0: Anti-crevaison \u00d8260x85mm<br \/>\nEssieu \u00d8 25<\/p>\n<p>Vid\u00e9o de Matador\u00a0:<\/p>\n","protected":false},"excerpt":{"rendered":"<p>CODE EAN\u00a0: 8719638511018. Diable acier ultra stable. Dossier plat, id\u00e9al pour les chargements volumineux. Diable avec bavette fixe. Bavette large de 400x250mm. Enti\u00e8rement m\u00e9cano soud\u00e9, peinture \u00e9poxy martel\u00e9e tr\u00e9s r\u00e9sistantes aux chocs.(pas de solvants, moins nocif pour l\u2019environnement). Poign\u00e9es ergonomiques en caoutchouc naturel avec garde de protection. Tube plat pour une meilleure surface de contact [&hellip;]<\/p>\n","protected":false},"featured_media":19004,"template":"","meta":[],"product_brand":[],"product_cat":[2375],"product_tag":[2595,2482],"class_list":{"0":"post-29905","1":"product","2":"type-product","3":"status-publish","4":"has-post-thumbnail","6":"product_cat-handtrucks-fr","7":"product_tag-handtrucks-fr","8":"product_tag-matador-fr","10":"first","11":"instock","12":"purchasable","13":"product-type-simple"},"yoast_head":"<!-- This site is optimized with the Yoast SEO plugin v25.4 - https:\/\/yoast.com\/wordpress\/plugins\/seo\/ -->\n<title>16002 Diable acier, capacit\u00e9 de charge 350kg, roue anti crevaison, bavette large 40x25 - MATADOR<\/title>\n<meta name=\"robots\" content=\"index, follow, max-snippet:-1, max-image-preview:large, max-video-preview:-1\" \/>\n<link rel=\"canonical\" href=\"https:\/\/matadorbv.com\/fr\/produit\/16002-diable-acier-capacite-de-charge-350kg-roue-anti-crevaison-bavette-large-40x25\/\" \/>\n<meta property=\"og:locale\" content=\"fr_FR\" \/>\n<meta property=\"og:type\" content=\"article\" \/>\n<meta property=\"og:title\" content=\"16002 Diable acier, capacit\u00e9 de charge 350kg, roue anti crevaison, bavette large 40x25 - MATADOR\" \/>\n<meta property=\"og:description\" content=\"CODE EAN\u00a0: 8719638511018. Diable acier ultra stable. Dossier plat, id\u00e9al pour les chargements volumineux. Diable avec bavette fixe. Bavette large de 400x250mm. Enti\u00e8rement m\u00e9cano soud\u00e9, peinture \u00e9poxy martel\u00e9e tr\u00e9s r\u00e9sistantes aux chocs.(pas de solvants, moins nocif pour l\u2019environnement). Poign\u00e9es ergonomiques en caoutchouc naturel avec garde de protection. Tube plat pour une meilleure surface de contact [&hellip;]\" \/>\n<meta property=\"og:url\" content=\"https:\/\/matadorbv.com\/fr\/produit\/16002-diable-acier-capacite-de-charge-350kg-roue-anti-crevaison-bavette-large-40x25\/\" \/>\n<meta property=\"og:site_name\" content=\"MATADOR\" \/>\n<meta name=\"twitter:card\" content=\"summary_large_image\" \/>\n<meta name=\"twitter:label1\" content=\"Dur\u00e9e de lecture estim\u00e9e\" \/>\n\t<meta name=\"twitter:data1\" content=\"1 minute\" \/>\n<script type=\"application\/ld+json\" class=\"yoast-schema-graph\">{\"@context\":\"https:\/\/schema.org\",\"@graph\":[{\"@type\":\"WebPage\",\"@id\":\"https:\/\/matadorbv.com\/fr\/produit\/16002-diable-acier-capacite-de-charge-350kg-roue-anti-crevaison-bavette-large-40x25\/\",\"url\":\"https:\/\/matadorbv.com\/fr\/produit\/16002-diable-acier-capacite-de-charge-350kg-roue-anti-crevaison-bavette-large-40x25\/\",\"name\":\"16002 Diable acier, capacit\u00e9 de charge 350kg, roue anti crevaison, bavette large 40x25 - MATADOR\",\"isPartOf\":{\"@id\":\"https:\/\/matadorbv.com\/fr\/#website\"},\"primaryImageOfPage\":{\"@id\":\"https:\/\/matadorbv.com\/fr\/produit\/16002-diable-acier-capacite-de-charge-350kg-roue-anti-crevaison-bavette-large-40x25\/#primaryimage\"},\"image\":{\"@id\":\"https:\/\/matadorbv.com\/fr\/produit\/16002-diable-acier-capacite-de-charge-350kg-roue-anti-crevaison-bavette-large-40x25\/#primaryimage\"},\"thumbnailUrl\":\"https:\/\/matadorbv.com\/wp-content\/uploads\/16002-M-NST200-CT-4025-ISO-LEFT-FRONT-1.jpg\",\"datePublished\":\"2021-01-20T00:55:07+00:00\",\"breadcrumb\":{\"@id\":\"https:\/\/matadorbv.com\/fr\/produit\/16002-diable-acier-capacite-de-charge-350kg-roue-anti-crevaison-bavette-large-40x25\/#breadcrumb\"},\"inLanguage\":\"fr-FR\",\"potentialAction\":[{\"@type\":\"ReadAction\",\"target\":[\"https:\/\/matadorbv.com\/fr\/produit\/16002-diable-acier-capacite-de-charge-350kg-roue-anti-crevaison-bavette-large-40x25\/\"]}]},{\"@type\":\"ImageObject\",\"inLanguage\":\"fr-FR\",\"@id\":\"https:\/\/matadorbv.com\/fr\/produit\/16002-diable-acier-capacite-de-charge-350kg-roue-anti-crevaison-bavette-large-40x25\/#primaryimage\",\"url\":\"https:\/\/matadorbv.com\/wp-content\/uploads\/16002-M-NST200-CT-4025-ISO-LEFT-FRONT-1.jpg\",\"contentUrl\":\"https:\/\/matadorbv.com\/wp-content\/uploads\/16002-M-NST200-CT-4025-ISO-LEFT-FRONT-1.jpg\",\"width\":1200,\"height\":1200},{\"@type\":\"BreadcrumbList\",\"@id\":\"https:\/\/matadorbv.com\/fr\/produit\/16002-diable-acier-capacite-de-charge-350kg-roue-anti-crevaison-bavette-large-40x25\/#breadcrumb\",\"itemListElement\":[{\"@type\":\"ListItem\",\"position\":1,\"name\":\"Home\",\"item\":\"https:\/\/matadorbv.com\/fr\/\"},{\"@type\":\"ListItem\",\"position\":2,\"name\":\"Boutique\",\"item\":\"https:\/\/matadorbv.com\/fr\/boutique\/\"},{\"@type\":\"ListItem\",\"position\":3,\"name\":\"16002 Diable acier, capacit\u00e9 de charge 350kg, roue anti crevaison, bavette large 40&#215;25\"}]},{\"@type\":\"WebSite\",\"@id\":\"https:\/\/matadorbv.com\/fr\/#website\",\"url\":\"https:\/\/matadorbv.com\/fr\/\",\"name\":\"MATADOR\",\"description\":\" for solid products - Since 1895 Dutch manufacturer, supplier, wholesaler and expert in the steel area.\",\"publisher\":{\"@id\":\"https:\/\/matadorbv.com\/fr\/#organization\"},\"potentialAction\":[{\"@type\":\"SearchAction\",\"target\":{\"@type\":\"EntryPoint\",\"urlTemplate\":\"https:\/\/matadorbv.com\/fr\/?s={search_term_string}\"},\"query-input\":{\"@type\":\"PropertyValueSpecification\",\"valueRequired\":true,\"valueName\":\"search_term_string\"}}],\"inLanguage\":\"fr-FR\"},{\"@type\":\"Organization\",\"@id\":\"https:\/\/matadorbv.com\/fr\/#organization\",\"name\":\"MATADOR\",\"url\":\"https:\/\/matadorbv.com\/fr\/\",\"logo\":{\"@type\":\"ImageObject\",\"inLanguage\":\"fr-FR\",\"@id\":\"https:\/\/matadorbv.com\/fr\/#\/schema\/logo\/image\/\",\"url\":\"https:\/\/matadorbv.com\/wp-content\/uploads\/cropped-22MAT003-Matador-Logo-tagline-RGB-Black-BG.png\",\"contentUrl\":\"https:\/\/matadorbv.com\/wp-content\/uploads\/cropped-22MAT003-Matador-Logo-tagline-RGB-Black-BG.png\",\"width\":1200,\"height\":342,\"caption\":\"MATADOR\"},\"image\":{\"@id\":\"https:\/\/matadorbv.com\/fr\/#\/schema\/logo\/image\/\"}}]}<\/script>\n<!-- \/ Yoast SEO plugin. -->","yoast_head_json":{"title":"16002 Diable acier, capacit\u00e9 de charge 350kg, roue anti crevaison, bavette large 40x25 - MATADOR","robots":{"index":"index","follow":"follow","max-snippet":"max-snippet:-1","max-image-preview":"max-image-preview:large","max-video-preview":"max-video-preview:-1"},"canonical":"https:\/\/matadorbv.com\/fr\/produit\/16002-diable-acier-capacite-de-charge-350kg-roue-anti-crevaison-bavette-large-40x25\/","og_locale":"fr_FR","og_type":"article","og_title":"16002 Diable acier, capacit\u00e9 de charge 350kg, roue anti crevaison, bavette large 40x25 - MATADOR","og_description":"CODE EAN\u00a0: 8719638511018. Diable acier ultra stable. Dossier plat, id\u00e9al pour les chargements volumineux. Diable avec bavette fixe. Bavette large de 400x250mm. Enti\u00e8rement m\u00e9cano soud\u00e9, peinture \u00e9poxy martel\u00e9e tr\u00e9s r\u00e9sistantes aux chocs.(pas de solvants, moins nocif pour l\u2019environnement). Poign\u00e9es ergonomiques en caoutchouc naturel avec garde de protection. Tube plat pour une meilleure surface de contact [&hellip;]","og_url":"https:\/\/matadorbv.com\/fr\/produit\/16002-diable-acier-capacite-de-charge-350kg-roue-anti-crevaison-bavette-large-40x25\/","og_site_name":"MATADOR","twitter_card":"summary_large_image","twitter_misc":{"Dur\u00e9e de lecture estim\u00e9e":"1 minute"},"schema":{"@context":"https:\/\/schema.org","@graph":[{"@type":"WebPage","@id":"https:\/\/matadorbv.com\/fr\/produit\/16002-diable-acier-capacite-de-charge-350kg-roue-anti-crevaison-bavette-large-40x25\/","url":"https:\/\/matadorbv.com\/fr\/produit\/16002-diable-acier-capacite-de-charge-350kg-roue-anti-crevaison-bavette-large-40x25\/","name":"16002 Diable acier, capacit\u00e9 de charge 350kg, roue anti crevaison, bavette large 40x25 - MATADOR","isPartOf":{"@id":"https:\/\/matadorbv.com\/fr\/#website"},"primaryImageOfPage":{"@id":"https:\/\/matadorbv.com\/fr\/produit\/16002-diable-acier-capacite-de-charge-350kg-roue-anti-crevaison-bavette-large-40x25\/#primaryimage"},"image":{"@id":"https:\/\/matadorbv.com\/fr\/produit\/16002-diable-acier-capacite-de-charge-350kg-roue-anti-crevaison-bavette-large-40x25\/#primaryimage"},"thumbnailUrl":"https:\/\/matadorbv.com\/wp-content\/uploads\/16002-M-NST200-CT-4025-ISO-LEFT-FRONT-1.jpg","datePublished":"2021-01-20T00:55:07+00:00","breadcrumb":{"@id":"https:\/\/matadorbv.com\/fr\/produit\/16002-diable-acier-capacite-de-charge-350kg-roue-anti-crevaison-bavette-large-40x25\/#breadcrumb"},"inLanguage":"fr-FR","potentialAction":[{"@type":"ReadAction","target":["https:\/\/matadorbv.com\/fr\/produit\/16002-diable-acier-capacite-de-charge-350kg-roue-anti-crevaison-bavette-large-40x25\/"]}]},{"@type":"ImageObject","inLanguage":"fr-FR","@id":"https:\/\/matadorbv.com\/fr\/produit\/16002-diable-acier-capacite-de-charge-350kg-roue-anti-crevaison-bavette-large-40x25\/#primaryimage","url":"https:\/\/matadorbv.com\/wp-content\/uploads\/16002-M-NST200-CT-4025-ISO-LEFT-FRONT-1.jpg","contentUrl":"https:\/\/matadorbv.com\/wp-content\/uploads\/16002-M-NST200-CT-4025-ISO-LEFT-FRONT-1.jpg","width":1200,"height":1200},{"@type":"BreadcrumbList","@id":"https:\/\/matadorbv.com\/fr\/produit\/16002-diable-acier-capacite-de-charge-350kg-roue-anti-crevaison-bavette-large-40x25\/#breadcrumb","itemListElement":[{"@type":"ListItem","position":1,"name":"Home","item":"https:\/\/matadorbv.com\/fr\/"},{"@type":"ListItem","position":2,"name":"Boutique","item":"https:\/\/matadorbv.com\/fr\/boutique\/"},{"@type":"ListItem","position":3,"name":"16002 Diable acier, capacit\u00e9 de charge 350kg, roue anti crevaison, bavette large 40&#215;25"}]},{"@type":"WebSite","@id":"https:\/\/matadorbv.com\/fr\/#website","url":"https:\/\/matadorbv.com\/fr\/","name":"MATADOR","description":" for solid products - Since 1895 Dutch manufacturer, supplier, wholesaler and expert in the steel area.","publisher":{"@id":"https:\/\/matadorbv.com\/fr\/#organization"},"potentialAction":[{"@type":"SearchAction","target":{"@type":"EntryPoint","urlTemplate":"https:\/\/matadorbv.com\/fr\/?s={search_term_string}"},"query-input":{"@type":"PropertyValueSpecification","valueRequired":true,"valueName":"search_term_string"}}],"inLanguage":"fr-FR"},{"@type":"Organization","@id":"https:\/\/matadorbv.com\/fr\/#organization","name":"MATADOR","url":"https:\/\/matadorbv.com\/fr\/","logo":{"@type":"ImageObject","inLanguage":"fr-FR","@id":"https:\/\/matadorbv.com\/fr\/#\/schema\/logo\/image\/","url":"https:\/\/matadorbv.com\/wp-content\/uploads\/cropped-22MAT003-Matador-Logo-tagline-RGB-Black-BG.png","contentUrl":"https:\/\/matadorbv.com\/wp-content\/uploads\/cropped-22MAT003-Matador-Logo-tagline-RGB-Black-BG.png","width":1200,"height":342,"caption":"MATADOR"},"image":{"@id":"https:\/\/matadorbv.com\/fr\/#\/schema\/logo\/image\/"}}]}},"_links":{"self":[{"href":"https:\/\/matadorbv.com\/fr\/wp-json\/wp\/v2\/product\/29905","targetHints":{"allow":["GET"]}}],"collection":[{"href":"https:\/\/matadorbv.com\/fr\/wp-json\/wp\/v2\/product"}],"about":[{"href":"https:\/\/matadorbv.com\/fr\/wp-json\/wp\/v2\/types\/product"}],"wp:featuredmedia":[{"embeddable":true,"href":"https:\/\/matadorbv.com\/fr\/wp-json\/wp\/v2\/media\/19004"}],"wp:attachment":[{"href":"https:\/\/matadorbv.com\/fr\/wp-json\/wp\/v2\/media?parent=29905"}],"wp:term":[{"taxonomy":"product_brand","embeddable":true,"href":"https:\/\/matadorbv.com\/fr\/wp-json\/wp\/v2\/product_brand?post=29905"},{"taxonomy":"product_cat","embeddable":true,"href":"https:\/\/matadorbv.com\/fr\/wp-json\/wp\/v2\/product_cat?post=29905"},{"taxonomy":"product_tag","embeddable":true,"href":"https:\/\/matadorbv.com\/fr\/wp-json\/wp\/v2\/product_tag?post=29905"}],"curies":[{"name":"wp","href":"https:\/\/api.w.org\/{rel}","templated":true}]}}