{"id":29903,"date":"2021-01-20T01:36:07","date_gmt":"2021-01-20T00:36:07","guid":{"rendered":"https:\/\/matadorbv.com\/product\/13034-diable-acier-professionnel-capacite-350-kg-roue-anti-crevaison\/"},"modified":"2025-05-27T12:35:01","modified_gmt":"2025-05-27T10:35:01","slug":"13034-diable-acier-professionnel-capacite-350-kg-roue-anti-crevaison","status":"publish","type":"product","link":"https:\/\/matadorbv.com\/fr\/produit\/13034-diable-acier-professionnel-capacite-350-kg-roue-anti-crevaison\/","title":{"rendered":"13034 Diable acier professionnel, capacite 350 kg, roue anti crevaison"},"content":{"rendered":"<p>CODE EAN\u00a0: 8717185618105.<\/p>\n<p>Diable acier ultra stable.<\/p>\n<p>Dossier , id\u00e9al pour les charges volumineuses basses .<\/p>\n<p>Diable avec bavette fixe.<\/p>\n<p>Dimension bavette 400x157mm.<\/p>\n<p>Enti\u00e8rement fabriqu\u00e9 en acier, peinture epoxy martel\u00e9e r\u00e9sistante au chocs (pas de solvants, moins nocif pour l\u2019environnement).<\/p>\n<p>Poign\u00e9es ergonomiques en caoutchouc naturel avec garde de protection.<\/p>\n<p>Tube chassis pour une plus grande surface de charge.<br \/>\nBavette et couvre-rouesen acier robuste ST. 52.<br \/>\nPlus de stabilit\u00e9 gr\u00e2ce \u00e0 la base de roue extra large.<\/p>\n<p>\u00c9quip\u00e9 de pneus increvables.<\/p>\n<p>Dossier plat, id\u00e9al pour les charges volu mineuses basses.<br \/>\nBavette 400x157mm.<br \/>\nTube plat pour une meilleure r\u00e9partition du poids.<br \/>\nBavette et couvre-roues en acier robuste ST.52.<br \/>\nPlus de stabilit\u00e9 gr\u00e2ce \u00e0 la base de roue extra large.<br \/>\nDiable avec bavette fixe capacit\u00e9 350 kg., poign\u00e9es en caoutchouc naturel evec garde de protection, pneus PU r\u00e9sistant aux perforations (anti crevaison) 260 x 85 mm<br \/>\nPoids\u00a0: 13,4 Kg.<br \/>\nCapacit\u00e9\u00a0: 350 Kg.<br \/>\nPoign\u00e9es avec garde de protection.<br \/>\nInclinaison de l\u2019angle du chassis\u00a0: 14 degr\u00e9s<br \/>\nDimensions\u00a0: (LxPxH) 450x585x1100mm<br \/>\nDimensions bavette\u00a0: (LxP) 400&#215;157<\/p>\n<p>Couleur Ral\u00a0: 7001<\/p>\n<p>Vid\u00e9o de Matador\u00a0:<\/p>\n","protected":false},"excerpt":{"rendered":"<p>CODE EAN\u00a0: 8717185618105. Diable acier ultra stable. Dossier , id\u00e9al pour les charges volumineuses basses . Diable avec bavette fixe. Dimension bavette 400x157mm. Enti\u00e8rement fabriqu\u00e9 en acier, peinture epoxy martel\u00e9e r\u00e9sistante au chocs (pas de solvants, moins nocif pour l\u2019environnement). Poign\u00e9es ergonomiques en caoutchouc naturel avec garde de protection. Tube chassis pour une plus grande [&hellip;]<\/p>\n","protected":false},"featured_media":18743,"template":"","meta":[],"product_brand":[],"product_cat":[2375],"product_tag":[2595,2482],"class_list":{"0":"post-29903","1":"product","2":"type-product","3":"status-publish","4":"has-post-thumbnail","6":"product_cat-handtrucks-fr","7":"product_tag-handtrucks-fr","8":"product_tag-matador-fr","10":"first","11":"instock","12":"purchasable","13":"product-type-simple"},"yoast_head":"<!-- This site is optimized with the Yoast SEO plugin v25.4 - https:\/\/yoast.com\/wordpress\/plugins\/seo\/ -->\n<title>13034 Diable acier professionnel, capacite 350 kg, roue anti crevaison - MATADOR<\/title>\n<meta name=\"robots\" content=\"index, follow, max-snippet:-1, max-image-preview:large, max-video-preview:-1\" \/>\n<link rel=\"canonical\" href=\"https:\/\/matadorbv.com\/fr\/produit\/13034-diable-acier-professionnel-capacite-350-kg-roue-anti-crevaison\/\" \/>\n<meta property=\"og:locale\" content=\"fr_FR\" \/>\n<meta property=\"og:type\" content=\"article\" \/>\n<meta property=\"og:title\" content=\"13034 Diable acier professionnel, capacite 350 kg, roue anti crevaison - MATADOR\" \/>\n<meta property=\"og:description\" content=\"CODE EAN\u00a0: 8717185618105. Diable acier ultra stable. Dossier , id\u00e9al pour les charges volumineuses basses . Diable avec bavette fixe. Dimension bavette 400x157mm. Enti\u00e8rement fabriqu\u00e9 en acier, peinture epoxy martel\u00e9e r\u00e9sistante au chocs (pas de solvants, moins nocif pour l\u2019environnement). Poign\u00e9es ergonomiques en caoutchouc naturel avec garde de protection. Tube chassis pour une plus grande [&hellip;]\" \/>\n<meta property=\"og:url\" content=\"https:\/\/matadorbv.com\/fr\/produit\/13034-diable-acier-professionnel-capacite-350-kg-roue-anti-crevaison\/\" \/>\n<meta property=\"og:site_name\" content=\"MATADOR\" \/>\n<meta property=\"article:modified_time\" content=\"2025-05-27T10:35:01+00:00\" \/>\n<meta name=\"twitter:card\" content=\"summary_large_image\" \/>\n<meta name=\"twitter:label1\" content=\"Dur\u00e9e de lecture estim\u00e9e\" \/>\n\t<meta name=\"twitter:data1\" content=\"1 minute\" \/>\n<script type=\"application\/ld+json\" class=\"yoast-schema-graph\">{\"@context\":\"https:\/\/schema.org\",\"@graph\":[{\"@type\":\"WebPage\",\"@id\":\"https:\/\/matadorbv.com\/fr\/produit\/13034-diable-acier-professionnel-capacite-350-kg-roue-anti-crevaison\/\",\"url\":\"https:\/\/matadorbv.com\/fr\/produit\/13034-diable-acier-professionnel-capacite-350-kg-roue-anti-crevaison\/\",\"name\":\"13034 Diable acier professionnel, capacite 350 kg, roue anti crevaison - MATADOR\",\"isPartOf\":{\"@id\":\"https:\/\/matadorbv.com\/fr\/#website\"},\"primaryImageOfPage\":{\"@id\":\"https:\/\/matadorbv.com\/fr\/produit\/13034-diable-acier-professionnel-capacite-350-kg-roue-anti-crevaison\/#primaryimage\"},\"image\":{\"@id\":\"https:\/\/matadorbv.com\/fr\/produit\/13034-diable-acier-professionnel-capacite-350-kg-roue-anti-crevaison\/#primaryimage\"},\"thumbnailUrl\":\"https:\/\/matadorbv.com\/wp-content\/uploads\/13034-M-NST200-CT-ISO-RIGHT-FRONT-1.jpg\",\"datePublished\":\"2021-01-20T00:36:07+00:00\",\"dateModified\":\"2025-05-27T10:35:01+00:00\",\"breadcrumb\":{\"@id\":\"https:\/\/matadorbv.com\/fr\/produit\/13034-diable-acier-professionnel-capacite-350-kg-roue-anti-crevaison\/#breadcrumb\"},\"inLanguage\":\"fr-FR\",\"potentialAction\":[{\"@type\":\"ReadAction\",\"target\":[\"https:\/\/matadorbv.com\/fr\/produit\/13034-diable-acier-professionnel-capacite-350-kg-roue-anti-crevaison\/\"]}]},{\"@type\":\"ImageObject\",\"inLanguage\":\"fr-FR\",\"@id\":\"https:\/\/matadorbv.com\/fr\/produit\/13034-diable-acier-professionnel-capacite-350-kg-roue-anti-crevaison\/#primaryimage\",\"url\":\"https:\/\/matadorbv.com\/wp-content\/uploads\/13034-M-NST200-CT-ISO-RIGHT-FRONT-1.jpg\",\"contentUrl\":\"https:\/\/matadorbv.com\/wp-content\/uploads\/13034-M-NST200-CT-ISO-RIGHT-FRONT-1.jpg\",\"width\":1200,\"height\":1200},{\"@type\":\"BreadcrumbList\",\"@id\":\"https:\/\/matadorbv.com\/fr\/produit\/13034-diable-acier-professionnel-capacite-350-kg-roue-anti-crevaison\/#breadcrumb\",\"itemListElement\":[{\"@type\":\"ListItem\",\"position\":1,\"name\":\"Home\",\"item\":\"https:\/\/matadorbv.com\/fr\/\"},{\"@type\":\"ListItem\",\"position\":2,\"name\":\"Boutique\",\"item\":\"https:\/\/matadorbv.com\/fr\/boutique\/\"},{\"@type\":\"ListItem\",\"position\":3,\"name\":\"13034 Diable acier professionnel, capacite 350 kg, roue anti crevaison\"}]},{\"@type\":\"WebSite\",\"@id\":\"https:\/\/matadorbv.com\/fr\/#website\",\"url\":\"https:\/\/matadorbv.com\/fr\/\",\"name\":\"MATADOR\",\"description\":\" for solid products - Since 1895 Dutch manufacturer, supplier, wholesaler and expert in the steel area.\",\"publisher\":{\"@id\":\"https:\/\/matadorbv.com\/fr\/#organization\"},\"potentialAction\":[{\"@type\":\"SearchAction\",\"target\":{\"@type\":\"EntryPoint\",\"urlTemplate\":\"https:\/\/matadorbv.com\/fr\/?s={search_term_string}\"},\"query-input\":{\"@type\":\"PropertyValueSpecification\",\"valueRequired\":true,\"valueName\":\"search_term_string\"}}],\"inLanguage\":\"fr-FR\"},{\"@type\":\"Organization\",\"@id\":\"https:\/\/matadorbv.com\/fr\/#organization\",\"name\":\"MATADOR\",\"url\":\"https:\/\/matadorbv.com\/fr\/\",\"logo\":{\"@type\":\"ImageObject\",\"inLanguage\":\"fr-FR\",\"@id\":\"https:\/\/matadorbv.com\/fr\/#\/schema\/logo\/image\/\",\"url\":\"https:\/\/matadorbv.com\/wp-content\/uploads\/cropped-22MAT003-Matador-Logo-tagline-RGB-Black-BG.png\",\"contentUrl\":\"https:\/\/matadorbv.com\/wp-content\/uploads\/cropped-22MAT003-Matador-Logo-tagline-RGB-Black-BG.png\",\"width\":1200,\"height\":342,\"caption\":\"MATADOR\"},\"image\":{\"@id\":\"https:\/\/matadorbv.com\/fr\/#\/schema\/logo\/image\/\"}}]}<\/script>\n<!-- \/ Yoast SEO plugin. -->","yoast_head_json":{"title":"13034 Diable acier professionnel, capacite 350 kg, roue anti crevaison - MATADOR","robots":{"index":"index","follow":"follow","max-snippet":"max-snippet:-1","max-image-preview":"max-image-preview:large","max-video-preview":"max-video-preview:-1"},"canonical":"https:\/\/matadorbv.com\/fr\/produit\/13034-diable-acier-professionnel-capacite-350-kg-roue-anti-crevaison\/","og_locale":"fr_FR","og_type":"article","og_title":"13034 Diable acier professionnel, capacite 350 kg, roue anti crevaison - MATADOR","og_description":"CODE EAN\u00a0: 8717185618105. Diable acier ultra stable. Dossier , id\u00e9al pour les charges volumineuses basses . Diable avec bavette fixe. Dimension bavette 400x157mm. Enti\u00e8rement fabriqu\u00e9 en acier, peinture epoxy martel\u00e9e r\u00e9sistante au chocs (pas de solvants, moins nocif pour l\u2019environnement). Poign\u00e9es ergonomiques en caoutchouc naturel avec garde de protection. Tube chassis pour une plus grande [&hellip;]","og_url":"https:\/\/matadorbv.com\/fr\/produit\/13034-diable-acier-professionnel-capacite-350-kg-roue-anti-crevaison\/","og_site_name":"MATADOR","article_modified_time":"2025-05-27T10:35:01+00:00","twitter_card":"summary_large_image","twitter_misc":{"Dur\u00e9e de lecture estim\u00e9e":"1 minute"},"schema":{"@context":"https:\/\/schema.org","@graph":[{"@type":"WebPage","@id":"https:\/\/matadorbv.com\/fr\/produit\/13034-diable-acier-professionnel-capacite-350-kg-roue-anti-crevaison\/","url":"https:\/\/matadorbv.com\/fr\/produit\/13034-diable-acier-professionnel-capacite-350-kg-roue-anti-crevaison\/","name":"13034 Diable acier professionnel, capacite 350 kg, roue anti crevaison - MATADOR","isPartOf":{"@id":"https:\/\/matadorbv.com\/fr\/#website"},"primaryImageOfPage":{"@id":"https:\/\/matadorbv.com\/fr\/produit\/13034-diable-acier-professionnel-capacite-350-kg-roue-anti-crevaison\/#primaryimage"},"image":{"@id":"https:\/\/matadorbv.com\/fr\/produit\/13034-diable-acier-professionnel-capacite-350-kg-roue-anti-crevaison\/#primaryimage"},"thumbnailUrl":"https:\/\/matadorbv.com\/wp-content\/uploads\/13034-M-NST200-CT-ISO-RIGHT-FRONT-1.jpg","datePublished":"2021-01-20T00:36:07+00:00","dateModified":"2025-05-27T10:35:01+00:00","breadcrumb":{"@id":"https:\/\/matadorbv.com\/fr\/produit\/13034-diable-acier-professionnel-capacite-350-kg-roue-anti-crevaison\/#breadcrumb"},"inLanguage":"fr-FR","potentialAction":[{"@type":"ReadAction","target":["https:\/\/matadorbv.com\/fr\/produit\/13034-diable-acier-professionnel-capacite-350-kg-roue-anti-crevaison\/"]}]},{"@type":"ImageObject","inLanguage":"fr-FR","@id":"https:\/\/matadorbv.com\/fr\/produit\/13034-diable-acier-professionnel-capacite-350-kg-roue-anti-crevaison\/#primaryimage","url":"https:\/\/matadorbv.com\/wp-content\/uploads\/13034-M-NST200-CT-ISO-RIGHT-FRONT-1.jpg","contentUrl":"https:\/\/matadorbv.com\/wp-content\/uploads\/13034-M-NST200-CT-ISO-RIGHT-FRONT-1.jpg","width":1200,"height":1200},{"@type":"BreadcrumbList","@id":"https:\/\/matadorbv.com\/fr\/produit\/13034-diable-acier-professionnel-capacite-350-kg-roue-anti-crevaison\/#breadcrumb","itemListElement":[{"@type":"ListItem","position":1,"name":"Home","item":"https:\/\/matadorbv.com\/fr\/"},{"@type":"ListItem","position":2,"name":"Boutique","item":"https:\/\/matadorbv.com\/fr\/boutique\/"},{"@type":"ListItem","position":3,"name":"13034 Diable acier professionnel, capacite 350 kg, roue anti crevaison"}]},{"@type":"WebSite","@id":"https:\/\/matadorbv.com\/fr\/#website","url":"https:\/\/matadorbv.com\/fr\/","name":"MATADOR","description":" for solid products - Since 1895 Dutch manufacturer, supplier, wholesaler and expert in the steel area.","publisher":{"@id":"https:\/\/matadorbv.com\/fr\/#organization"},"potentialAction":[{"@type":"SearchAction","target":{"@type":"EntryPoint","urlTemplate":"https:\/\/matadorbv.com\/fr\/?s={search_term_string}"},"query-input":{"@type":"PropertyValueSpecification","valueRequired":true,"valueName":"search_term_string"}}],"inLanguage":"fr-FR"},{"@type":"Organization","@id":"https:\/\/matadorbv.com\/fr\/#organization","name":"MATADOR","url":"https:\/\/matadorbv.com\/fr\/","logo":{"@type":"ImageObject","inLanguage":"fr-FR","@id":"https:\/\/matadorbv.com\/fr\/#\/schema\/logo\/image\/","url":"https:\/\/matadorbv.com\/wp-content\/uploads\/cropped-22MAT003-Matador-Logo-tagline-RGB-Black-BG.png","contentUrl":"https:\/\/matadorbv.com\/wp-content\/uploads\/cropped-22MAT003-Matador-Logo-tagline-RGB-Black-BG.png","width":1200,"height":342,"caption":"MATADOR"},"image":{"@id":"https:\/\/matadorbv.com\/fr\/#\/schema\/logo\/image\/"}}]}},"_links":{"self":[{"href":"https:\/\/matadorbv.com\/fr\/wp-json\/wp\/v2\/product\/29903","targetHints":{"allow":["GET"]}}],"collection":[{"href":"https:\/\/matadorbv.com\/fr\/wp-json\/wp\/v2\/product"}],"about":[{"href":"https:\/\/matadorbv.com\/fr\/wp-json\/wp\/v2\/types\/product"}],"wp:featuredmedia":[{"embeddable":true,"href":"https:\/\/matadorbv.com\/fr\/wp-json\/wp\/v2\/media\/18743"}],"wp:attachment":[{"href":"https:\/\/matadorbv.com\/fr\/wp-json\/wp\/v2\/media?parent=29903"}],"wp:term":[{"taxonomy":"product_brand","embeddable":true,"href":"https:\/\/matadorbv.com\/fr\/wp-json\/wp\/v2\/product_brand?post=29903"},{"taxonomy":"product_cat","embeddable":true,"href":"https:\/\/matadorbv.com\/fr\/wp-json\/wp\/v2\/product_cat?post=29903"},{"taxonomy":"product_tag","embeddable":true,"href":"https:\/\/matadorbv.com\/fr\/wp-json\/wp\/v2\/product_tag?post=29903"}],"curies":[{"name":"wp","href":"https:\/\/api.w.org\/{rel}","templated":true}]}}