{"id":29437,"date":"2021-01-20T01:46:09","date_gmt":"2021-01-20T00:46:09","guid":{"rendered":"https:\/\/matadorbv.com\/product\/14052-diable-nst-100ct-avec-des-roues-anti-crevaison-200-kg\/"},"modified":"2023-11-28T14:59:56","modified_gmt":"2023-11-28T13:59:56","slug":"14052-diable-nst-100ct-avec-des-roues-anti-crevaison-200-kg","status":"publish","type":"product","link":"https:\/\/matadorbv.com\/fr\/produit\/14052-diable-nst-100ct-avec-des-roues-anti-crevaison-200-kg\/","title":{"rendered":"14052 Diable acier NST-100CT avec des roues anti-crevaison, 200 kg"},"content":{"rendered":"<p>CODE EAN\u00a0: 8717185618716,<br \/>\nGroupe de produits\u00a0: Diables<\/p>\n<p>Diable acier, rouea increvables, bavette fixe capacit\u00e9 charge 200 kg., poign\u00e9es en caoutchouc, pneus polyur\u00e9thane 260 x 85 mm, peinture \u00e9poxy<\/p>\n<p>Poids\u00a0: 10,8 Kg.<br \/>\nCapacit\u00e9\u00a0: 200 Kg.<br \/>\nDimensions\u00a0: (LxPxH) 425x430x1191mm<br \/>\nDimensions plaque\u00a0: (LxP) 425&#215;148<\/p>\n<p>Vid\u00e9o de Matador\u00a0:<\/p>\n","protected":false},"excerpt":{"rendered":"<p>CODE EAN\u00a0: 8717185618716, Groupe de produits\u00a0: Diables Diable acier, rouea increvables, bavette fixe capacit\u00e9 charge 200 kg., poign\u00e9es en caoutchouc, pneus polyur\u00e9thane 260 x 85 mm, peinture \u00e9poxy Poids\u00a0: 10,8 Kg. Capacit\u00e9\u00a0: 200 Kg. Dimensions\u00a0: (LxPxH) 425x430x1191mm Dimensions plaque\u00a0: (LxP) 425&#215;148 Vid\u00e9o de Matador\u00a0:<\/p>\n","protected":false},"featured_media":18962,"template":"","meta":[],"product_brand":[],"product_cat":[2375],"product_tag":[2595,2482],"class_list":{"0":"post-29437","1":"product","2":"type-product","3":"status-publish","4":"has-post-thumbnail","6":"product_cat-handtrucks-fr","7":"product_tag-handtrucks-fr","8":"product_tag-matador-fr","10":"first","11":"instock","12":"purchasable","13":"product-type-simple"},"yoast_head":"<!-- This site is optimized with the Yoast SEO plugin v25.4 - https:\/\/yoast.com\/wordpress\/plugins\/seo\/ -->\n<title>14052 Diable acier NST-100CT avec des roues anti-crevaison, 200 kg - MATADOR<\/title>\n<meta name=\"robots\" content=\"index, follow, max-snippet:-1, max-image-preview:large, max-video-preview:-1\" \/>\n<link rel=\"canonical\" href=\"https:\/\/matadorbv.com\/fr\/produit\/14052-diable-nst-100ct-avec-des-roues-anti-crevaison-200-kg\/\" \/>\n<meta property=\"og:locale\" content=\"fr_FR\" \/>\n<meta property=\"og:type\" content=\"article\" \/>\n<meta property=\"og:title\" content=\"14052 Diable acier NST-100CT avec des roues anti-crevaison, 200 kg - MATADOR\" \/>\n<meta property=\"og:description\" content=\"CODE EAN\u00a0: 8717185618716, Groupe de produits\u00a0: Diables Diable acier, rouea increvables, bavette fixe capacit\u00e9 charge 200 kg., poign\u00e9es en caoutchouc, pneus polyur\u00e9thane 260 x 85 mm, peinture \u00e9poxy Poids\u00a0: 10,8 Kg. Capacit\u00e9\u00a0: 200 Kg. Dimensions\u00a0: (LxPxH) 425x430x1191mm Dimensions plaque\u00a0: (LxP) 425&#215;148 Vid\u00e9o de Matador\u00a0:\" \/>\n<meta property=\"og:url\" content=\"https:\/\/matadorbv.com\/fr\/produit\/14052-diable-nst-100ct-avec-des-roues-anti-crevaison-200-kg\/\" \/>\n<meta property=\"og:site_name\" content=\"MATADOR\" \/>\n<meta property=\"article:modified_time\" content=\"2023-11-28T13:59:56+00:00\" \/>\n<meta name=\"twitter:card\" content=\"summary_large_image\" \/>\n<meta name=\"twitter:label1\" content=\"Dur\u00e9e de lecture estim\u00e9e\" \/>\n\t<meta name=\"twitter:data1\" content=\"1 minute\" \/>\n<script type=\"application\/ld+json\" class=\"yoast-schema-graph\">{\"@context\":\"https:\/\/schema.org\",\"@graph\":[{\"@type\":\"WebPage\",\"@id\":\"https:\/\/matadorbv.com\/fr\/produit\/14052-diable-nst-100ct-avec-des-roues-anti-crevaison-200-kg\/\",\"url\":\"https:\/\/matadorbv.com\/fr\/produit\/14052-diable-nst-100ct-avec-des-roues-anti-crevaison-200-kg\/\",\"name\":\"14052 Diable acier NST-100CT avec des roues anti-crevaison, 200 kg - MATADOR\",\"isPartOf\":{\"@id\":\"https:\/\/matadorbv.com\/fr\/#website\"},\"primaryImageOfPage\":{\"@id\":\"https:\/\/matadorbv.com\/fr\/produit\/14052-diable-nst-100ct-avec-des-roues-anti-crevaison-200-kg\/#primaryimage\"},\"image\":{\"@id\":\"https:\/\/matadorbv.com\/fr\/produit\/14052-diable-nst-100ct-avec-des-roues-anti-crevaison-200-kg\/#primaryimage\"},\"thumbnailUrl\":\"https:\/\/matadorbv.com\/wp-content\/uploads\/14052-M-NST-100-CT-ISO-LEFT-FRONT.jpg\",\"datePublished\":\"2021-01-20T00:46:09+00:00\",\"dateModified\":\"2023-11-28T13:59:56+00:00\",\"breadcrumb\":{\"@id\":\"https:\/\/matadorbv.com\/fr\/produit\/14052-diable-nst-100ct-avec-des-roues-anti-crevaison-200-kg\/#breadcrumb\"},\"inLanguage\":\"fr-FR\",\"potentialAction\":[{\"@type\":\"ReadAction\",\"target\":[\"https:\/\/matadorbv.com\/fr\/produit\/14052-diable-nst-100ct-avec-des-roues-anti-crevaison-200-kg\/\"]}]},{\"@type\":\"ImageObject\",\"inLanguage\":\"fr-FR\",\"@id\":\"https:\/\/matadorbv.com\/fr\/produit\/14052-diable-nst-100ct-avec-des-roues-anti-crevaison-200-kg\/#primaryimage\",\"url\":\"https:\/\/matadorbv.com\/wp-content\/uploads\/14052-M-NST-100-CT-ISO-LEFT-FRONT.jpg\",\"contentUrl\":\"https:\/\/matadorbv.com\/wp-content\/uploads\/14052-M-NST-100-CT-ISO-LEFT-FRONT.jpg\",\"width\":1200,\"height\":1200},{\"@type\":\"BreadcrumbList\",\"@id\":\"https:\/\/matadorbv.com\/fr\/produit\/14052-diable-nst-100ct-avec-des-roues-anti-crevaison-200-kg\/#breadcrumb\",\"itemListElement\":[{\"@type\":\"ListItem\",\"position\":1,\"name\":\"Home\",\"item\":\"https:\/\/matadorbv.com\/fr\/\"},{\"@type\":\"ListItem\",\"position\":2,\"name\":\"Boutique\",\"item\":\"https:\/\/matadorbv.com\/fr\/boutique\/\"},{\"@type\":\"ListItem\",\"position\":3,\"name\":\"14052 Diable acier NST-100CT avec des roues anti-crevaison, 200 kg\"}]},{\"@type\":\"WebSite\",\"@id\":\"https:\/\/matadorbv.com\/fr\/#website\",\"url\":\"https:\/\/matadorbv.com\/fr\/\",\"name\":\"MATADOR\",\"description\":\" for solid products - Since 1895 Dutch manufacturer, supplier, wholesaler and expert in the steel area.\",\"publisher\":{\"@id\":\"https:\/\/matadorbv.com\/fr\/#organization\"},\"potentialAction\":[{\"@type\":\"SearchAction\",\"target\":{\"@type\":\"EntryPoint\",\"urlTemplate\":\"https:\/\/matadorbv.com\/fr\/?s={search_term_string}\"},\"query-input\":{\"@type\":\"PropertyValueSpecification\",\"valueRequired\":true,\"valueName\":\"search_term_string\"}}],\"inLanguage\":\"fr-FR\"},{\"@type\":\"Organization\",\"@id\":\"https:\/\/matadorbv.com\/fr\/#organization\",\"name\":\"MATADOR\",\"url\":\"https:\/\/matadorbv.com\/fr\/\",\"logo\":{\"@type\":\"ImageObject\",\"inLanguage\":\"fr-FR\",\"@id\":\"https:\/\/matadorbv.com\/fr\/#\/schema\/logo\/image\/\",\"url\":\"https:\/\/matadorbv.com\/wp-content\/uploads\/cropped-22MAT003-Matador-Logo-tagline-RGB-Black-BG.png\",\"contentUrl\":\"https:\/\/matadorbv.com\/wp-content\/uploads\/cropped-22MAT003-Matador-Logo-tagline-RGB-Black-BG.png\",\"width\":1200,\"height\":342,\"caption\":\"MATADOR\"},\"image\":{\"@id\":\"https:\/\/matadorbv.com\/fr\/#\/schema\/logo\/image\/\"}}]}<\/script>\n<!-- \/ Yoast SEO plugin. -->","yoast_head_json":{"title":"14052 Diable acier NST-100CT avec des roues anti-crevaison, 200 kg - MATADOR","robots":{"index":"index","follow":"follow","max-snippet":"max-snippet:-1","max-image-preview":"max-image-preview:large","max-video-preview":"max-video-preview:-1"},"canonical":"https:\/\/matadorbv.com\/fr\/produit\/14052-diable-nst-100ct-avec-des-roues-anti-crevaison-200-kg\/","og_locale":"fr_FR","og_type":"article","og_title":"14052 Diable acier NST-100CT avec des roues anti-crevaison, 200 kg - MATADOR","og_description":"CODE EAN\u00a0: 8717185618716, Groupe de produits\u00a0: Diables Diable acier, rouea increvables, bavette fixe capacit\u00e9 charge 200 kg., poign\u00e9es en caoutchouc, pneus polyur\u00e9thane 260 x 85 mm, peinture \u00e9poxy Poids\u00a0: 10,8 Kg. Capacit\u00e9\u00a0: 200 Kg. Dimensions\u00a0: (LxPxH) 425x430x1191mm Dimensions plaque\u00a0: (LxP) 425&#215;148 Vid\u00e9o de Matador\u00a0:","og_url":"https:\/\/matadorbv.com\/fr\/produit\/14052-diable-nst-100ct-avec-des-roues-anti-crevaison-200-kg\/","og_site_name":"MATADOR","article_modified_time":"2023-11-28T13:59:56+00:00","twitter_card":"summary_large_image","twitter_misc":{"Dur\u00e9e de lecture estim\u00e9e":"1 minute"},"schema":{"@context":"https:\/\/schema.org","@graph":[{"@type":"WebPage","@id":"https:\/\/matadorbv.com\/fr\/produit\/14052-diable-nst-100ct-avec-des-roues-anti-crevaison-200-kg\/","url":"https:\/\/matadorbv.com\/fr\/produit\/14052-diable-nst-100ct-avec-des-roues-anti-crevaison-200-kg\/","name":"14052 Diable acier NST-100CT avec des roues anti-crevaison, 200 kg - MATADOR","isPartOf":{"@id":"https:\/\/matadorbv.com\/fr\/#website"},"primaryImageOfPage":{"@id":"https:\/\/matadorbv.com\/fr\/produit\/14052-diable-nst-100ct-avec-des-roues-anti-crevaison-200-kg\/#primaryimage"},"image":{"@id":"https:\/\/matadorbv.com\/fr\/produit\/14052-diable-nst-100ct-avec-des-roues-anti-crevaison-200-kg\/#primaryimage"},"thumbnailUrl":"https:\/\/matadorbv.com\/wp-content\/uploads\/14052-M-NST-100-CT-ISO-LEFT-FRONT.jpg","datePublished":"2021-01-20T00:46:09+00:00","dateModified":"2023-11-28T13:59:56+00:00","breadcrumb":{"@id":"https:\/\/matadorbv.com\/fr\/produit\/14052-diable-nst-100ct-avec-des-roues-anti-crevaison-200-kg\/#breadcrumb"},"inLanguage":"fr-FR","potentialAction":[{"@type":"ReadAction","target":["https:\/\/matadorbv.com\/fr\/produit\/14052-diable-nst-100ct-avec-des-roues-anti-crevaison-200-kg\/"]}]},{"@type":"ImageObject","inLanguage":"fr-FR","@id":"https:\/\/matadorbv.com\/fr\/produit\/14052-diable-nst-100ct-avec-des-roues-anti-crevaison-200-kg\/#primaryimage","url":"https:\/\/matadorbv.com\/wp-content\/uploads\/14052-M-NST-100-CT-ISO-LEFT-FRONT.jpg","contentUrl":"https:\/\/matadorbv.com\/wp-content\/uploads\/14052-M-NST-100-CT-ISO-LEFT-FRONT.jpg","width":1200,"height":1200},{"@type":"BreadcrumbList","@id":"https:\/\/matadorbv.com\/fr\/produit\/14052-diable-nst-100ct-avec-des-roues-anti-crevaison-200-kg\/#breadcrumb","itemListElement":[{"@type":"ListItem","position":1,"name":"Home","item":"https:\/\/matadorbv.com\/fr\/"},{"@type":"ListItem","position":2,"name":"Boutique","item":"https:\/\/matadorbv.com\/fr\/boutique\/"},{"@type":"ListItem","position":3,"name":"14052 Diable acier NST-100CT avec des roues anti-crevaison, 200 kg"}]},{"@type":"WebSite","@id":"https:\/\/matadorbv.com\/fr\/#website","url":"https:\/\/matadorbv.com\/fr\/","name":"MATADOR","description":" for solid products - Since 1895 Dutch manufacturer, supplier, wholesaler and expert in the steel area.","publisher":{"@id":"https:\/\/matadorbv.com\/fr\/#organization"},"potentialAction":[{"@type":"SearchAction","target":{"@type":"EntryPoint","urlTemplate":"https:\/\/matadorbv.com\/fr\/?s={search_term_string}"},"query-input":{"@type":"PropertyValueSpecification","valueRequired":true,"valueName":"search_term_string"}}],"inLanguage":"fr-FR"},{"@type":"Organization","@id":"https:\/\/matadorbv.com\/fr\/#organization","name":"MATADOR","url":"https:\/\/matadorbv.com\/fr\/","logo":{"@type":"ImageObject","inLanguage":"fr-FR","@id":"https:\/\/matadorbv.com\/fr\/#\/schema\/logo\/image\/","url":"https:\/\/matadorbv.com\/wp-content\/uploads\/cropped-22MAT003-Matador-Logo-tagline-RGB-Black-BG.png","contentUrl":"https:\/\/matadorbv.com\/wp-content\/uploads\/cropped-22MAT003-Matador-Logo-tagline-RGB-Black-BG.png","width":1200,"height":342,"caption":"MATADOR"},"image":{"@id":"https:\/\/matadorbv.com\/fr\/#\/schema\/logo\/image\/"}}]}},"_links":{"self":[{"href":"https:\/\/matadorbv.com\/fr\/wp-json\/wp\/v2\/product\/29437","targetHints":{"allow":["GET"]}}],"collection":[{"href":"https:\/\/matadorbv.com\/fr\/wp-json\/wp\/v2\/product"}],"about":[{"href":"https:\/\/matadorbv.com\/fr\/wp-json\/wp\/v2\/types\/product"}],"wp:featuredmedia":[{"embeddable":true,"href":"https:\/\/matadorbv.com\/fr\/wp-json\/wp\/v2\/media\/18962"}],"wp:attachment":[{"href":"https:\/\/matadorbv.com\/fr\/wp-json\/wp\/v2\/media?parent=29437"}],"wp:term":[{"taxonomy":"product_brand","embeddable":true,"href":"https:\/\/matadorbv.com\/fr\/wp-json\/wp\/v2\/product_brand?post=29437"},{"taxonomy":"product_cat","embeddable":true,"href":"https:\/\/matadorbv.com\/fr\/wp-json\/wp\/v2\/product_cat?post=29437"},{"taxonomy":"product_tag","embeddable":true,"href":"https:\/\/matadorbv.com\/fr\/wp-json\/wp\/v2\/product_tag?post=29437"}],"curies":[{"name":"wp","href":"https:\/\/api.w.org\/{rel}","templated":true}]}}