{"id":30476,"date":"2022-05-19T12:40:10","date_gmt":"2022-05-19T10:40:10","guid":{"rendered":"https:\/\/matadorbv.com\/product\/10673-plattformwagen-rebel-400s-2-p-grosse-750x490mm-produktgruppe-pritschenwagen-rollcontainer\/"},"modified":"2023-12-18T11:30:01","modified_gmt":"2023-12-18T10:30:01","slug":"10673-plattformwagen-rebel-400s-2-p-grosse-750x490mm-produktgruppe-pritschenwagen-rollcontainer","status":"publish","type":"product","link":"https:\/\/matadorbv.com\/de\/produkt\/10673-plattformwagen-rebel-400s-2-p-grosse-750x490mm-produktgruppe-pritschenwagen-rollcontainer\/","title":{"rendered":"10673 PLATTFORMWAGEN REBEL-400S 2-P. GR\u00d6SSE 750X490MM, PRODUKTGRUPPE: PRITSCHENWAGEN\/ROLLCONTAINER"},"content":{"rendered":"<p>Professioneller Aluminium Etagenwagen mit Bremse<\/p>\n<p>Aspekte des Designs:<br \/>\n&#8211; Mit 2 Plattformen.<br \/>\n&#8211; Superleichtes ovales Rohr aus magnesiumverst\u00e4rktem, geschwei\u00dftem Aluminium.<br \/>\n&#8211; Kantenrad-Sto\u00dff\u00e4nger.<br \/>\n&#8211; Integrierte feste Ausbuchtung R\u00e4der f\u00fcr einfachen Schritt Zugang.<br \/>\n&#8211; Vollst\u00e4ndige Plattform f\u00fcr Ladung mit externem Griffanschluss verf\u00fcgbar.<br \/>\n&#8211; Intelligentes V-f\u00f6rmiges Design.<br \/>\n&#8211; Wabenf\u00f6rmige Plattform mit hoher Schlagfestigkeit, superleicht und superstark.<br \/>\n&#8211; Rutschfeste Oberfl\u00e4che auf der Plattform.<br \/>\n&#8211; Extra Seiten- und Frontb\u00fcgel zur Sicherung der Ladung.<br \/>\nHandgriff:<br \/>\n&#8211; Zur\u00fcckklappbarer Griff f\u00fcr einfaches Begehen vor und hinter dem Wagen.<br \/>\n&#8211; Einfache Positionierung des Griffs in 3 Positionen: Bremsen, Gehen, Heben\/Lagern.<br \/>\n&#8211; Ergonomisches Design, mit Null-Position Gebrauch.<br \/>\n&#8211; Hoher europ\u00e4ischer Griff.<br \/>\n&#8211; Handgriff mit integrierter Bremsposition auf zwei R\u00e4dern.<br \/>\nR\u00e4der:<br \/>\n&#8211; 130 und 160 mm gro\u00dfe R\u00e4der f\u00fcr weniger Widerstand.<br \/>\n&#8211; Kugellager in den R\u00e4dern und Kugellager in der Drehscheibe.<br \/>\n&#8211; Gegossene Aluminiumfelge, superleicht, superstark.<br \/>\n&#8211; Ultra-ger\u00e4uscharme Reifen mit neuer Mischung, 20% weniger Widerstand.<br \/>\n&#8211; Nicht markierende graue Reifen.<br \/>\n&#8211; Runde Profilreifen f\u00fcr leichte Drehfunktion.<br \/>\n&#8211; Offene Felge mit glattem Design.<\/p>\n<p>&#8211; Magnesiumverst\u00e4rkter, geschwei\u00dfter Aluminiumrahmen mit hoher Spannung.<br \/>\n&#8211; Plattform faserverst\u00e4rkt f\u00fcr hohe Sto\u00dffestigkeit.<br \/>\n&#8211; Plattform Netto-Ladefl\u00e4che: 750x490mm.<br \/>\n&#8211; Plateauh\u00f6he unteres Plateau: 240mm.<br \/>\n&#8211; Tragf\u00e4higkeit der unteren Platte: 400 Kg.<br \/>\n&#8211; H\u00f6he der oberen Ablage: 810 mm.<br \/>\n&#8211; Tragf\u00e4higkeit des oberen Bodens: 50 Kg.<br \/>\n&#8211; Schlankes Design mit kombinierten Benutzerfunktionen.<\/p>\n<p><iframe title=\"M-Rebel\" width=\"800\" height=\"450\" src=\"https:\/\/www.youtube.com\/embed\/u2bHYrlzRV0?feature=oembed\" frameborder=\"0\" allow=\"accelerometer; autoplay; clipboard-write; encrypted-media; gyroscope; picture-in-picture; web-share\" allowfullscreen><\/iframe><\/p>\n","protected":false},"excerpt":{"rendered":"<p>Professioneller Aluminium Etagenwagen mit Bremse Aspekte des Designs: &#8211; Mit 2 Plattformen. &#8211; Superleichtes ovales Rohr aus magnesiumverst\u00e4rktem, geschwei\u00dftem Aluminium. &#8211; Kantenrad-Sto\u00dff\u00e4nger. &#8211; Integrierte feste Ausbuchtung R\u00e4der f\u00fcr einfachen Schritt Zugang. &#8211; Vollst\u00e4ndige Plattform f\u00fcr Ladung mit externem Griffanschluss verf\u00fcgbar. &#8211; Intelligentes V-f\u00f6rmiges Design. &#8211; Wabenf\u00f6rmige Plattform mit hoher Schlagfestigkeit, superleicht und superstark. &#8211; Rutschfeste [&hellip;]<\/p>\n","protected":false},"featured_media":21521,"template":"","meta":[],"product_brand":[],"product_cat":[2408],"product_tag":[],"class_list":{"0":"post-30476","1":"product","2":"type-product","3":"status-publish","4":"has-post-thumbnail","6":"product_cat-platformtrucks-rollcontainers-de","8":"first","9":"instock","10":"shipping-taxable","11":"purchasable","12":"product-type-simple"},"yoast_head":"<!-- This site is optimized with the Yoast SEO plugin v25.4 - https:\/\/yoast.com\/wordpress\/plugins\/seo\/ -->\n<title>10673 PLATTFORMWAGEN REBEL-400S 2-P. GR\u00d6SSE 750X490MM, PRODUKTGRUPPE: PRITSCHENWAGEN\/ROLLCONTAINER - MATADOR<\/title>\n<meta name=\"robots\" content=\"index, follow, max-snippet:-1, max-image-preview:large, max-video-preview:-1\" \/>\n<link rel=\"canonical\" href=\"https:\/\/matadorbv.com\/de\/produkt\/10673-plattformwagen-rebel-400s-2-p-grosse-750x490mm-produktgruppe-pritschenwagen-rollcontainer\/\" \/>\n<meta property=\"og:locale\" content=\"de_DE\" \/>\n<meta property=\"og:type\" content=\"article\" \/>\n<meta property=\"og:title\" content=\"10673 PLATTFORMWAGEN REBEL-400S 2-P. GR\u00d6SSE 750X490MM, PRODUKTGRUPPE: PRITSCHENWAGEN\/ROLLCONTAINER - MATADOR\" \/>\n<meta property=\"og:description\" content=\"Professioneller Aluminium Etagenwagen mit Bremse Aspekte des Designs: &#8211; Mit 2 Plattformen. &#8211; Superleichtes ovales Rohr aus magnesiumverst\u00e4rktem, geschwei\u00dftem Aluminium. &#8211; Kantenrad-Sto\u00dff\u00e4nger. &#8211; Integrierte feste Ausbuchtung R\u00e4der f\u00fcr einfachen Schritt Zugang. &#8211; Vollst\u00e4ndige Plattform f\u00fcr Ladung mit externem Griffanschluss verf\u00fcgbar. &#8211; Intelligentes V-f\u00f6rmiges Design. &#8211; Wabenf\u00f6rmige Plattform mit hoher Schlagfestigkeit, superleicht und superstark. &#8211; Rutschfeste [&hellip;]\" \/>\n<meta property=\"og:url\" content=\"https:\/\/matadorbv.com\/de\/produkt\/10673-plattformwagen-rebel-400s-2-p-grosse-750x490mm-produktgruppe-pritschenwagen-rollcontainer\/\" \/>\n<meta property=\"og:site_name\" content=\"MATADOR\" \/>\n<meta property=\"article:modified_time\" content=\"2023-12-18T10:30:01+00:00\" \/>\n<meta property=\"og:image\" content=\"https:\/\/matadorbv.com\/wp-content\/uploads\/10673-M-REBEL-400S-2-P-ISO-RIGHT-LOW-RES.jpg\" \/>\n\t<meta property=\"og:image:width\" content=\"1200\" \/>\n\t<meta property=\"og:image:height\" content=\"1200\" \/>\n\t<meta property=\"og:image:type\" content=\"image\/jpeg\" \/>\n<meta name=\"twitter:card\" content=\"summary_large_image\" \/>\n<meta name=\"twitter:label1\" content=\"Gesch\u00e4tzte Lesezeit\" \/>\n\t<meta name=\"twitter:data1\" content=\"1\u00a0Minute\" \/>\n<script type=\"application\/ld+json\" class=\"yoast-schema-graph\">{\"@context\":\"https:\/\/schema.org\",\"@graph\":[{\"@type\":\"WebPage\",\"@id\":\"https:\/\/matadorbv.com\/de\/produkt\/10673-plattformwagen-rebel-400s-2-p-grosse-750x490mm-produktgruppe-pritschenwagen-rollcontainer\/\",\"url\":\"https:\/\/matadorbv.com\/de\/produkt\/10673-plattformwagen-rebel-400s-2-p-grosse-750x490mm-produktgruppe-pritschenwagen-rollcontainer\/\",\"name\":\"10673 PLATTFORMWAGEN REBEL-400S 2-P. GR\u00d6SSE 750X490MM, PRODUKTGRUPPE: PRITSCHENWAGEN\/ROLLCONTAINER - MATADOR\",\"isPartOf\":{\"@id\":\"https:\/\/matadorbv.com\/de\/#website\"},\"primaryImageOfPage\":{\"@id\":\"https:\/\/matadorbv.com\/de\/produkt\/10673-plattformwagen-rebel-400s-2-p-grosse-750x490mm-produktgruppe-pritschenwagen-rollcontainer\/#primaryimage\"},\"image\":{\"@id\":\"https:\/\/matadorbv.com\/de\/produkt\/10673-plattformwagen-rebel-400s-2-p-grosse-750x490mm-produktgruppe-pritschenwagen-rollcontainer\/#primaryimage\"},\"thumbnailUrl\":\"https:\/\/matadorbv.com\/wp-content\/uploads\/10673-M-REBEL-400S-2-P-ISO-RIGHT-LOW-RES.jpg\",\"datePublished\":\"2022-05-19T10:40:10+00:00\",\"dateModified\":\"2023-12-18T10:30:01+00:00\",\"breadcrumb\":{\"@id\":\"https:\/\/matadorbv.com\/de\/produkt\/10673-plattformwagen-rebel-400s-2-p-grosse-750x490mm-produktgruppe-pritschenwagen-rollcontainer\/#breadcrumb\"},\"inLanguage\":\"de\",\"potentialAction\":[{\"@type\":\"ReadAction\",\"target\":[\"https:\/\/matadorbv.com\/de\/produkt\/10673-plattformwagen-rebel-400s-2-p-grosse-750x490mm-produktgruppe-pritschenwagen-rollcontainer\/\"]}]},{\"@type\":\"ImageObject\",\"inLanguage\":\"de\",\"@id\":\"https:\/\/matadorbv.com\/de\/produkt\/10673-plattformwagen-rebel-400s-2-p-grosse-750x490mm-produktgruppe-pritschenwagen-rollcontainer\/#primaryimage\",\"url\":\"https:\/\/matadorbv.com\/wp-content\/uploads\/10673-M-REBEL-400S-2-P-ISO-RIGHT-LOW-RES.jpg\",\"contentUrl\":\"https:\/\/matadorbv.com\/wp-content\/uploads\/10673-M-REBEL-400S-2-P-ISO-RIGHT-LOW-RES.jpg\",\"width\":1200,\"height\":1200},{\"@type\":\"BreadcrumbList\",\"@id\":\"https:\/\/matadorbv.com\/de\/produkt\/10673-plattformwagen-rebel-400s-2-p-grosse-750x490mm-produktgruppe-pritschenwagen-rollcontainer\/#breadcrumb\",\"itemListElement\":[{\"@type\":\"ListItem\",\"position\":1,\"name\":\"Home\",\"item\":\"https:\/\/matadorbv.com\/de\/\"},{\"@type\":\"ListItem\",\"position\":2,\"name\":\"Alle Produkte\",\"item\":\"https:\/\/matadorbv.com\/de\/shop\/\"},{\"@type\":\"ListItem\",\"position\":3,\"name\":\"10673 PLATTFORMWAGEN REBEL-400S 2-P. GR\u00d6SSE 750X490MM, PRODUKTGRUPPE: PRITSCHENWAGEN\/ROLLCONTAINER\"}]},{\"@type\":\"WebSite\",\"@id\":\"https:\/\/matadorbv.com\/de\/#website\",\"url\":\"https:\/\/matadorbv.com\/de\/\",\"name\":\"MATADOR\",\"description\":\" for solid products - Since 1895 Dutch manufacturer, supplier, wholesaler and expert in the steel area.\",\"publisher\":{\"@id\":\"https:\/\/matadorbv.com\/de\/#organization\"},\"potentialAction\":[{\"@type\":\"SearchAction\",\"target\":{\"@type\":\"EntryPoint\",\"urlTemplate\":\"https:\/\/matadorbv.com\/de\/?s={search_term_string}\"},\"query-input\":{\"@type\":\"PropertyValueSpecification\",\"valueRequired\":true,\"valueName\":\"search_term_string\"}}],\"inLanguage\":\"de\"},{\"@type\":\"Organization\",\"@id\":\"https:\/\/matadorbv.com\/de\/#organization\",\"name\":\"MATADOR\",\"url\":\"https:\/\/matadorbv.com\/de\/\",\"logo\":{\"@type\":\"ImageObject\",\"inLanguage\":\"de\",\"@id\":\"https:\/\/matadorbv.com\/de\/#\/schema\/logo\/image\/\",\"url\":\"https:\/\/matadorbv.com\/wp-content\/uploads\/cropped-22MAT003-Matador-Logo-tagline-RGB-Black-BG.png\",\"contentUrl\":\"https:\/\/matadorbv.com\/wp-content\/uploads\/cropped-22MAT003-Matador-Logo-tagline-RGB-Black-BG.png\",\"width\":1200,\"height\":342,\"caption\":\"MATADOR\"},\"image\":{\"@id\":\"https:\/\/matadorbv.com\/de\/#\/schema\/logo\/image\/\"}}]}<\/script>\n<!-- \/ Yoast SEO plugin. -->","yoast_head_json":{"title":"10673 PLATTFORMWAGEN REBEL-400S 2-P. GR\u00d6SSE 750X490MM, PRODUKTGRUPPE: PRITSCHENWAGEN\/ROLLCONTAINER - MATADOR","robots":{"index":"index","follow":"follow","max-snippet":"max-snippet:-1","max-image-preview":"max-image-preview:large","max-video-preview":"max-video-preview:-1"},"canonical":"https:\/\/matadorbv.com\/de\/produkt\/10673-plattformwagen-rebel-400s-2-p-grosse-750x490mm-produktgruppe-pritschenwagen-rollcontainer\/","og_locale":"de_DE","og_type":"article","og_title":"10673 PLATTFORMWAGEN REBEL-400S 2-P. GR\u00d6SSE 750X490MM, PRODUKTGRUPPE: PRITSCHENWAGEN\/ROLLCONTAINER - MATADOR","og_description":"Professioneller Aluminium Etagenwagen mit Bremse Aspekte des Designs: &#8211; Mit 2 Plattformen. &#8211; Superleichtes ovales Rohr aus magnesiumverst\u00e4rktem, geschwei\u00dftem Aluminium. &#8211; Kantenrad-Sto\u00dff\u00e4nger. &#8211; Integrierte feste Ausbuchtung R\u00e4der f\u00fcr einfachen Schritt Zugang. &#8211; Vollst\u00e4ndige Plattform f\u00fcr Ladung mit externem Griffanschluss verf\u00fcgbar. &#8211; Intelligentes V-f\u00f6rmiges Design. &#8211; Wabenf\u00f6rmige Plattform mit hoher Schlagfestigkeit, superleicht und superstark. &#8211; Rutschfeste [&hellip;]","og_url":"https:\/\/matadorbv.com\/de\/produkt\/10673-plattformwagen-rebel-400s-2-p-grosse-750x490mm-produktgruppe-pritschenwagen-rollcontainer\/","og_site_name":"MATADOR","article_modified_time":"2023-12-18T10:30:01+00:00","og_image":[{"width":1200,"height":1200,"url":"https:\/\/matadorbv.com\/wp-content\/uploads\/10673-M-REBEL-400S-2-P-ISO-RIGHT-LOW-RES.jpg","type":"image\/jpeg"}],"twitter_card":"summary_large_image","twitter_misc":{"Gesch\u00e4tzte Lesezeit":"1\u00a0Minute"},"schema":{"@context":"https:\/\/schema.org","@graph":[{"@type":"WebPage","@id":"https:\/\/matadorbv.com\/de\/produkt\/10673-plattformwagen-rebel-400s-2-p-grosse-750x490mm-produktgruppe-pritschenwagen-rollcontainer\/","url":"https:\/\/matadorbv.com\/de\/produkt\/10673-plattformwagen-rebel-400s-2-p-grosse-750x490mm-produktgruppe-pritschenwagen-rollcontainer\/","name":"10673 PLATTFORMWAGEN REBEL-400S 2-P. GR\u00d6SSE 750X490MM, PRODUKTGRUPPE: PRITSCHENWAGEN\/ROLLCONTAINER - MATADOR","isPartOf":{"@id":"https:\/\/matadorbv.com\/de\/#website"},"primaryImageOfPage":{"@id":"https:\/\/matadorbv.com\/de\/produkt\/10673-plattformwagen-rebel-400s-2-p-grosse-750x490mm-produktgruppe-pritschenwagen-rollcontainer\/#primaryimage"},"image":{"@id":"https:\/\/matadorbv.com\/de\/produkt\/10673-plattformwagen-rebel-400s-2-p-grosse-750x490mm-produktgruppe-pritschenwagen-rollcontainer\/#primaryimage"},"thumbnailUrl":"https:\/\/matadorbv.com\/wp-content\/uploads\/10673-M-REBEL-400S-2-P-ISO-RIGHT-LOW-RES.jpg","datePublished":"2022-05-19T10:40:10+00:00","dateModified":"2023-12-18T10:30:01+00:00","breadcrumb":{"@id":"https:\/\/matadorbv.com\/de\/produkt\/10673-plattformwagen-rebel-400s-2-p-grosse-750x490mm-produktgruppe-pritschenwagen-rollcontainer\/#breadcrumb"},"inLanguage":"de","potentialAction":[{"@type":"ReadAction","target":["https:\/\/matadorbv.com\/de\/produkt\/10673-plattformwagen-rebel-400s-2-p-grosse-750x490mm-produktgruppe-pritschenwagen-rollcontainer\/"]}]},{"@type":"ImageObject","inLanguage":"de","@id":"https:\/\/matadorbv.com\/de\/produkt\/10673-plattformwagen-rebel-400s-2-p-grosse-750x490mm-produktgruppe-pritschenwagen-rollcontainer\/#primaryimage","url":"https:\/\/matadorbv.com\/wp-content\/uploads\/10673-M-REBEL-400S-2-P-ISO-RIGHT-LOW-RES.jpg","contentUrl":"https:\/\/matadorbv.com\/wp-content\/uploads\/10673-M-REBEL-400S-2-P-ISO-RIGHT-LOW-RES.jpg","width":1200,"height":1200},{"@type":"BreadcrumbList","@id":"https:\/\/matadorbv.com\/de\/produkt\/10673-plattformwagen-rebel-400s-2-p-grosse-750x490mm-produktgruppe-pritschenwagen-rollcontainer\/#breadcrumb","itemListElement":[{"@type":"ListItem","position":1,"name":"Home","item":"https:\/\/matadorbv.com\/de\/"},{"@type":"ListItem","position":2,"name":"Alle Produkte","item":"https:\/\/matadorbv.com\/de\/shop\/"},{"@type":"ListItem","position":3,"name":"10673 PLATTFORMWAGEN REBEL-400S 2-P. GR\u00d6SSE 750X490MM, PRODUKTGRUPPE: PRITSCHENWAGEN\/ROLLCONTAINER"}]},{"@type":"WebSite","@id":"https:\/\/matadorbv.com\/de\/#website","url":"https:\/\/matadorbv.com\/de\/","name":"MATADOR","description":" for solid products - Since 1895 Dutch manufacturer, supplier, wholesaler and expert in the steel area.","publisher":{"@id":"https:\/\/matadorbv.com\/de\/#organization"},"potentialAction":[{"@type":"SearchAction","target":{"@type":"EntryPoint","urlTemplate":"https:\/\/matadorbv.com\/de\/?s={search_term_string}"},"query-input":{"@type":"PropertyValueSpecification","valueRequired":true,"valueName":"search_term_string"}}],"inLanguage":"de"},{"@type":"Organization","@id":"https:\/\/matadorbv.com\/de\/#organization","name":"MATADOR","url":"https:\/\/matadorbv.com\/de\/","logo":{"@type":"ImageObject","inLanguage":"de","@id":"https:\/\/matadorbv.com\/de\/#\/schema\/logo\/image\/","url":"https:\/\/matadorbv.com\/wp-content\/uploads\/cropped-22MAT003-Matador-Logo-tagline-RGB-Black-BG.png","contentUrl":"https:\/\/matadorbv.com\/wp-content\/uploads\/cropped-22MAT003-Matador-Logo-tagline-RGB-Black-BG.png","width":1200,"height":342,"caption":"MATADOR"},"image":{"@id":"https:\/\/matadorbv.com\/de\/#\/schema\/logo\/image\/"}}]}},"_links":{"self":[{"href":"https:\/\/matadorbv.com\/de\/wp-json\/wp\/v2\/product\/30476","targetHints":{"allow":["GET"]}}],"collection":[{"href":"https:\/\/matadorbv.com\/de\/wp-json\/wp\/v2\/product"}],"about":[{"href":"https:\/\/matadorbv.com\/de\/wp-json\/wp\/v2\/types\/product"}],"wp:featuredmedia":[{"embeddable":true,"href":"https:\/\/matadorbv.com\/de\/wp-json\/wp\/v2\/media\/21521"}],"wp:attachment":[{"href":"https:\/\/matadorbv.com\/de\/wp-json\/wp\/v2\/media?parent=30476"}],"wp:term":[{"taxonomy":"product_brand","embeddable":true,"href":"https:\/\/matadorbv.com\/de\/wp-json\/wp\/v2\/product_brand?post=30476"},{"taxonomy":"product_cat","embeddable":true,"href":"https:\/\/matadorbv.com\/de\/wp-json\/wp\/v2\/product_cat?post=30476"},{"taxonomy":"product_tag","embeddable":true,"href":"https:\/\/matadorbv.com\/de\/wp-json\/wp\/v2\/product_tag?post=30476"}],"curies":[{"name":"wp","href":"https:\/\/api.w.org\/{rel}","templated":true}]}}