{"id":30453,"date":"2023-10-25T14:58:57","date_gmt":"2023-10-25T12:58:57","guid":{"rendered":"https:\/\/matadorbv.com\/product\/17772-m-rebel-400m-standard-plattform-aluminium\/"},"modified":"2023-12-18T11:17:51","modified_gmt":"2023-12-18T10:17:51","slug":"17772-m-rebel-400m-standard-plattform-aluminium","status":"publish","type":"product","link":"https:\/\/matadorbv.com\/de\/produkt\/17772-m-rebel-400m-standard-plattform-aluminium\/","title":{"rendered":"17772 M-REBEL 400M Standard-Plattform Aluminium"},"content":{"rendered":"<p>Professioneller Aluminium-Plattformwagen<\/p>\n<p>Konstruktive Aspekte:<br \/>\n&#8211; Hohe Plattform (240 mm) f\u00fcr bessere Ergonomie.<br \/>\n&#8211; Superleichtes ovales Rohr aus magnesium- und titanverst\u00e4rktem, geschwei\u00dftem Aluminium.<br \/>\n&#8211; Vollst\u00e4ndige Plattform f\u00fcr Ladung mit externem Griffanschluss verf\u00fcgbar.<br \/>\n&#8211; Intelligentes V-f\u00f6rmiges Design.<br \/>\n&#8211; Wabenf\u00f6rmige Plattform mit hoher Schlagz\u00e4higkeit, superleicht, superstark und mit hoher Tragf\u00e4higkeit.<br \/>\n&#8211; Rutschfeste Oberfl\u00e4che auf der Plattform.<br \/>\n&#8211; Extra Seiten- und Frontb\u00fcgel f\u00fcr die Sicherung der Ladung mit Gurten.<\/p>\n<p>Bedienung:<br \/>\n&#8211; Handgriff f\u00fcr einfaches Gehen und Schieben mit dem Wagen.<br \/>\n&#8211; Ergonomisches Design, mit Null-Position verwenden.<br \/>\n&#8211; Hoher europ\u00e4ischer Griff.<\/p>\n<p><iframe title=\"M-Rebel\" width=\"800\" height=\"450\" src=\"https:\/\/www.youtube.com\/embed\/u2bHYrlzRV0?feature=oembed\" frameborder=\"0\" allow=\"accelerometer; autoplay; clipboard-write; encrypted-media; gyroscope; picture-in-picture; web-share\" allowfullscreen><\/iframe><\/p>\n<p>&nbsp;<\/p>\n","protected":false},"excerpt":{"rendered":"<p>Professioneller Aluminium-Plattformwagen Konstruktive Aspekte: &#8211; Hohe Plattform (240 mm) f\u00fcr bessere Ergonomie. &#8211; Superleichtes ovales Rohr aus magnesium- und titanverst\u00e4rktem, geschwei\u00dftem Aluminium. &#8211; Vollst\u00e4ndige Plattform f\u00fcr Ladung mit externem Griffanschluss verf\u00fcgbar. &#8211; Intelligentes V-f\u00f6rmiges Design. &#8211; Wabenf\u00f6rmige Plattform mit hoher Schlagz\u00e4higkeit, superleicht, superstark und mit hoher Tragf\u00e4higkeit. &#8211; Rutschfeste Oberfl\u00e4che auf der Plattform. &#8211; Extra [&hellip;]<\/p>\n","protected":false},"featured_media":25974,"template":"","meta":[],"product_brand":[],"product_cat":[2408],"product_tag":[2866],"class_list":{"0":"post-30453","1":"product","2":"type-product","3":"status-publish","4":"has-post-thumbnail","6":"product_cat-platformtrucks-rollcontainers-de","7":"product_tag-17772-m-rebel-400m-standard-de","9":"first","10":"instock","11":"shipping-taxable","12":"purchasable","13":"product-type-simple"},"yoast_head":"<!-- This site is optimized with the Yoast SEO plugin v25.4 - https:\/\/yoast.com\/wordpress\/plugins\/seo\/ -->\n<title>17772 M-REBEL 400M Standard-Plattform Aluminium - MATADOR<\/title>\n<meta name=\"robots\" content=\"index, follow, max-snippet:-1, max-image-preview:large, max-video-preview:-1\" \/>\n<link rel=\"canonical\" href=\"https:\/\/matadorbv.com\/de\/produkt\/17772-m-rebel-400m-standard-plattform-aluminium\/\" \/>\n<meta property=\"og:locale\" content=\"de_DE\" \/>\n<meta property=\"og:type\" content=\"article\" \/>\n<meta property=\"og:title\" content=\"17772 M-REBEL 400M Standard-Plattform Aluminium - MATADOR\" \/>\n<meta property=\"og:description\" content=\"Professioneller Aluminium-Plattformwagen Konstruktive Aspekte: &#8211; Hohe Plattform (240 mm) f\u00fcr bessere Ergonomie. &#8211; Superleichtes ovales Rohr aus magnesium- und titanverst\u00e4rktem, geschwei\u00dftem Aluminium. &#8211; Vollst\u00e4ndige Plattform f\u00fcr Ladung mit externem Griffanschluss verf\u00fcgbar. &#8211; Intelligentes V-f\u00f6rmiges Design. &#8211; Wabenf\u00f6rmige Plattform mit hoher Schlagz\u00e4higkeit, superleicht, superstark und mit hoher Tragf\u00e4higkeit. &#8211; Rutschfeste Oberfl\u00e4che auf der Plattform. &#8211; Extra [&hellip;]\" \/>\n<meta property=\"og:url\" content=\"https:\/\/matadorbv.com\/de\/produkt\/17772-m-rebel-400m-standard-plattform-aluminium\/\" \/>\n<meta property=\"og:site_name\" content=\"MATADOR\" \/>\n<meta property=\"article:modified_time\" content=\"2023-12-18T10:17:51+00:00\" \/>\n<meta property=\"og:image\" content=\"https:\/\/matadorbv.com\/wp-content\/uploads\/17772-M-REBEL-400M-STANDARD-2.jpg\" \/>\n\t<meta property=\"og:image:width\" content=\"1500\" \/>\n\t<meta property=\"og:image:height\" content=\"1500\" \/>\n\t<meta property=\"og:image:type\" content=\"image\/jpeg\" \/>\n<meta name=\"twitter:card\" content=\"summary_large_image\" \/>\n<meta name=\"twitter:label1\" content=\"Gesch\u00e4tzte Lesezeit\" \/>\n\t<meta name=\"twitter:data1\" content=\"1\u00a0Minute\" \/>\n<script type=\"application\/ld+json\" class=\"yoast-schema-graph\">{\"@context\":\"https:\/\/schema.org\",\"@graph\":[{\"@type\":\"WebPage\",\"@id\":\"https:\/\/matadorbv.com\/de\/produkt\/17772-m-rebel-400m-standard-plattform-aluminium\/\",\"url\":\"https:\/\/matadorbv.com\/de\/produkt\/17772-m-rebel-400m-standard-plattform-aluminium\/\",\"name\":\"17772 M-REBEL 400M Standard-Plattform Aluminium - MATADOR\",\"isPartOf\":{\"@id\":\"https:\/\/matadorbv.com\/de\/#website\"},\"primaryImageOfPage\":{\"@id\":\"https:\/\/matadorbv.com\/de\/produkt\/17772-m-rebel-400m-standard-plattform-aluminium\/#primaryimage\"},\"image\":{\"@id\":\"https:\/\/matadorbv.com\/de\/produkt\/17772-m-rebel-400m-standard-plattform-aluminium\/#primaryimage\"},\"thumbnailUrl\":\"https:\/\/matadorbv.com\/wp-content\/uploads\/17772-M-REBEL-400M-STANDARD-2.jpg\",\"datePublished\":\"2023-10-25T12:58:57+00:00\",\"dateModified\":\"2023-12-18T10:17:51+00:00\",\"breadcrumb\":{\"@id\":\"https:\/\/matadorbv.com\/de\/produkt\/17772-m-rebel-400m-standard-plattform-aluminium\/#breadcrumb\"},\"inLanguage\":\"de\",\"potentialAction\":[{\"@type\":\"ReadAction\",\"target\":[\"https:\/\/matadorbv.com\/de\/produkt\/17772-m-rebel-400m-standard-plattform-aluminium\/\"]}]},{\"@type\":\"ImageObject\",\"inLanguage\":\"de\",\"@id\":\"https:\/\/matadorbv.com\/de\/produkt\/17772-m-rebel-400m-standard-plattform-aluminium\/#primaryimage\",\"url\":\"https:\/\/matadorbv.com\/wp-content\/uploads\/17772-M-REBEL-400M-STANDARD-2.jpg\",\"contentUrl\":\"https:\/\/matadorbv.com\/wp-content\/uploads\/17772-M-REBEL-400M-STANDARD-2.jpg\",\"width\":1500,\"height\":1500},{\"@type\":\"BreadcrumbList\",\"@id\":\"https:\/\/matadorbv.com\/de\/produkt\/17772-m-rebel-400m-standard-plattform-aluminium\/#breadcrumb\",\"itemListElement\":[{\"@type\":\"ListItem\",\"position\":1,\"name\":\"Home\",\"item\":\"https:\/\/matadorbv.com\/de\/\"},{\"@type\":\"ListItem\",\"position\":2,\"name\":\"Alle Produkte\",\"item\":\"https:\/\/matadorbv.com\/de\/shop\/\"},{\"@type\":\"ListItem\",\"position\":3,\"name\":\"17772 M-REBEL 400M Standard-Plattform Aluminium\"}]},{\"@type\":\"WebSite\",\"@id\":\"https:\/\/matadorbv.com\/de\/#website\",\"url\":\"https:\/\/matadorbv.com\/de\/\",\"name\":\"MATADOR\",\"description\":\" for solid products - Since 1895 Dutch manufacturer, supplier, wholesaler and expert in the steel area.\",\"publisher\":{\"@id\":\"https:\/\/matadorbv.com\/de\/#organization\"},\"potentialAction\":[{\"@type\":\"SearchAction\",\"target\":{\"@type\":\"EntryPoint\",\"urlTemplate\":\"https:\/\/matadorbv.com\/de\/?s={search_term_string}\"},\"query-input\":{\"@type\":\"PropertyValueSpecification\",\"valueRequired\":true,\"valueName\":\"search_term_string\"}}],\"inLanguage\":\"de\"},{\"@type\":\"Organization\",\"@id\":\"https:\/\/matadorbv.com\/de\/#organization\",\"name\":\"MATADOR\",\"url\":\"https:\/\/matadorbv.com\/de\/\",\"logo\":{\"@type\":\"ImageObject\",\"inLanguage\":\"de\",\"@id\":\"https:\/\/matadorbv.com\/de\/#\/schema\/logo\/image\/\",\"url\":\"https:\/\/matadorbv.com\/wp-content\/uploads\/cropped-22MAT003-Matador-Logo-tagline-RGB-Black-BG.png\",\"contentUrl\":\"https:\/\/matadorbv.com\/wp-content\/uploads\/cropped-22MAT003-Matador-Logo-tagline-RGB-Black-BG.png\",\"width\":1200,\"height\":342,\"caption\":\"MATADOR\"},\"image\":{\"@id\":\"https:\/\/matadorbv.com\/de\/#\/schema\/logo\/image\/\"}}]}<\/script>\n<!-- \/ Yoast SEO plugin. -->","yoast_head_json":{"title":"17772 M-REBEL 400M Standard-Plattform Aluminium - MATADOR","robots":{"index":"index","follow":"follow","max-snippet":"max-snippet:-1","max-image-preview":"max-image-preview:large","max-video-preview":"max-video-preview:-1"},"canonical":"https:\/\/matadorbv.com\/de\/produkt\/17772-m-rebel-400m-standard-plattform-aluminium\/","og_locale":"de_DE","og_type":"article","og_title":"17772 M-REBEL 400M Standard-Plattform Aluminium - MATADOR","og_description":"Professioneller Aluminium-Plattformwagen Konstruktive Aspekte: &#8211; Hohe Plattform (240 mm) f\u00fcr bessere Ergonomie. &#8211; Superleichtes ovales Rohr aus magnesium- und titanverst\u00e4rktem, geschwei\u00dftem Aluminium. &#8211; Vollst\u00e4ndige Plattform f\u00fcr Ladung mit externem Griffanschluss verf\u00fcgbar. &#8211; Intelligentes V-f\u00f6rmiges Design. &#8211; Wabenf\u00f6rmige Plattform mit hoher Schlagz\u00e4higkeit, superleicht, superstark und mit hoher Tragf\u00e4higkeit. &#8211; Rutschfeste Oberfl\u00e4che auf der Plattform. &#8211; Extra [&hellip;]","og_url":"https:\/\/matadorbv.com\/de\/produkt\/17772-m-rebel-400m-standard-plattform-aluminium\/","og_site_name":"MATADOR","article_modified_time":"2023-12-18T10:17:51+00:00","og_image":[{"width":1500,"height":1500,"url":"https:\/\/matadorbv.com\/wp-content\/uploads\/17772-M-REBEL-400M-STANDARD-2.jpg","type":"image\/jpeg"}],"twitter_card":"summary_large_image","twitter_misc":{"Gesch\u00e4tzte Lesezeit":"1\u00a0Minute"},"schema":{"@context":"https:\/\/schema.org","@graph":[{"@type":"WebPage","@id":"https:\/\/matadorbv.com\/de\/produkt\/17772-m-rebel-400m-standard-plattform-aluminium\/","url":"https:\/\/matadorbv.com\/de\/produkt\/17772-m-rebel-400m-standard-plattform-aluminium\/","name":"17772 M-REBEL 400M Standard-Plattform Aluminium - MATADOR","isPartOf":{"@id":"https:\/\/matadorbv.com\/de\/#website"},"primaryImageOfPage":{"@id":"https:\/\/matadorbv.com\/de\/produkt\/17772-m-rebel-400m-standard-plattform-aluminium\/#primaryimage"},"image":{"@id":"https:\/\/matadorbv.com\/de\/produkt\/17772-m-rebel-400m-standard-plattform-aluminium\/#primaryimage"},"thumbnailUrl":"https:\/\/matadorbv.com\/wp-content\/uploads\/17772-M-REBEL-400M-STANDARD-2.jpg","datePublished":"2023-10-25T12:58:57+00:00","dateModified":"2023-12-18T10:17:51+00:00","breadcrumb":{"@id":"https:\/\/matadorbv.com\/de\/produkt\/17772-m-rebel-400m-standard-plattform-aluminium\/#breadcrumb"},"inLanguage":"de","potentialAction":[{"@type":"ReadAction","target":["https:\/\/matadorbv.com\/de\/produkt\/17772-m-rebel-400m-standard-plattform-aluminium\/"]}]},{"@type":"ImageObject","inLanguage":"de","@id":"https:\/\/matadorbv.com\/de\/produkt\/17772-m-rebel-400m-standard-plattform-aluminium\/#primaryimage","url":"https:\/\/matadorbv.com\/wp-content\/uploads\/17772-M-REBEL-400M-STANDARD-2.jpg","contentUrl":"https:\/\/matadorbv.com\/wp-content\/uploads\/17772-M-REBEL-400M-STANDARD-2.jpg","width":1500,"height":1500},{"@type":"BreadcrumbList","@id":"https:\/\/matadorbv.com\/de\/produkt\/17772-m-rebel-400m-standard-plattform-aluminium\/#breadcrumb","itemListElement":[{"@type":"ListItem","position":1,"name":"Home","item":"https:\/\/matadorbv.com\/de\/"},{"@type":"ListItem","position":2,"name":"Alle Produkte","item":"https:\/\/matadorbv.com\/de\/shop\/"},{"@type":"ListItem","position":3,"name":"17772 M-REBEL 400M Standard-Plattform Aluminium"}]},{"@type":"WebSite","@id":"https:\/\/matadorbv.com\/de\/#website","url":"https:\/\/matadorbv.com\/de\/","name":"MATADOR","description":" for solid products - Since 1895 Dutch manufacturer, supplier, wholesaler and expert in the steel area.","publisher":{"@id":"https:\/\/matadorbv.com\/de\/#organization"},"potentialAction":[{"@type":"SearchAction","target":{"@type":"EntryPoint","urlTemplate":"https:\/\/matadorbv.com\/de\/?s={search_term_string}"},"query-input":{"@type":"PropertyValueSpecification","valueRequired":true,"valueName":"search_term_string"}}],"inLanguage":"de"},{"@type":"Organization","@id":"https:\/\/matadorbv.com\/de\/#organization","name":"MATADOR","url":"https:\/\/matadorbv.com\/de\/","logo":{"@type":"ImageObject","inLanguage":"de","@id":"https:\/\/matadorbv.com\/de\/#\/schema\/logo\/image\/","url":"https:\/\/matadorbv.com\/wp-content\/uploads\/cropped-22MAT003-Matador-Logo-tagline-RGB-Black-BG.png","contentUrl":"https:\/\/matadorbv.com\/wp-content\/uploads\/cropped-22MAT003-Matador-Logo-tagline-RGB-Black-BG.png","width":1200,"height":342,"caption":"MATADOR"},"image":{"@id":"https:\/\/matadorbv.com\/de\/#\/schema\/logo\/image\/"}}]}},"_links":{"self":[{"href":"https:\/\/matadorbv.com\/de\/wp-json\/wp\/v2\/product\/30453","targetHints":{"allow":["GET"]}}],"collection":[{"href":"https:\/\/matadorbv.com\/de\/wp-json\/wp\/v2\/product"}],"about":[{"href":"https:\/\/matadorbv.com\/de\/wp-json\/wp\/v2\/types\/product"}],"wp:featuredmedia":[{"embeddable":true,"href":"https:\/\/matadorbv.com\/de\/wp-json\/wp\/v2\/media\/25974"}],"wp:attachment":[{"href":"https:\/\/matadorbv.com\/de\/wp-json\/wp\/v2\/media?parent=30453"}],"wp:term":[{"taxonomy":"product_brand","embeddable":true,"href":"https:\/\/matadorbv.com\/de\/wp-json\/wp\/v2\/product_brand?post=30453"},{"taxonomy":"product_cat","embeddable":true,"href":"https:\/\/matadorbv.com\/de\/wp-json\/wp\/v2\/product_cat?post=30453"},{"taxonomy":"product_tag","embeddable":true,"href":"https:\/\/matadorbv.com\/de\/wp-json\/wp\/v2\/product_tag?post=30453"}],"curies":[{"name":"wp","href":"https:\/\/api.w.org\/{rel}","templated":true}]}}