{"id":28941,"date":"2022-12-13T10:14:11","date_gmt":"2022-12-13T09:14:11","guid":{"rendered":"https:\/\/matadorbv.com\/product\/15932-matador-professional-dolly-tragfahigkeit-400-kg\/"},"modified":"2023-11-27T13:30:06","modified_gmt":"2023-11-27T12:30:06","slug":"15932-matador-professional-dolly-tragfahigkeit-400-kg","status":"publish","type":"product","link":"https:\/\/matadorbv.com\/de\/produkt\/15932-matador-professional-dolly-tragfahigkeit-400-kg\/","title":{"rendered":"15932 Matador Professional Dolly, Tragf\u00e4higkeit 400 Kg"},"content":{"rendered":"<p>EAN-Code: 8719638514309<br \/>\nM-DOLLY 600<br \/>\nPerfekte Qualit\u00e4t f\u00fcr den Profi!<br \/>\n\u00c4u\u00dferst stabiler Stahlrahmen.<br \/>\nDie abgerundeten Ecken reduzieren das Risiko von Sch\u00e4den an Waren und Umwelt.<\/p>\n<p>Plateau:<br \/>\nSehr widerstandsf\u00e4higer Kunststoff, wabenf\u00f6rmige Oberfl\u00e4che, superleicht und superstark.<br \/>\nAusgestattet mit einer Anti-Rutsch-Oberfl\u00e4che.<br \/>\nDie Kunststoffplatte bl\u00e4ttert nicht ab.<\/p>\n<p>R\u00e4der:<br \/>\n\u00d8130mm R\u00e4der f\u00fcr weniger Widerstand.<br \/>\nKugellager in den R\u00e4dern und Kugellager im Drehgelenk.<br \/>\nGegossene Aluminiumfelge, superleicht, superstark.<br \/>\nExtrem ger\u00e4uscharme Reifen mit neuer Mischung, 20% weniger Widerstand.<br \/>\nNicht markierende graue Reifen.<br \/>\nRunde Profilreifen f\u00fcr leichte Drehfunktion.<\/p>\n<p>Gewicht: 8 kg.<br \/>\nTragf\u00e4higkeit: 400 Kg.<br \/>\nAbmessungen: (LxBxH) 600x400x200mm<\/p>\n<p>Optional erh\u00e4ltlich ein Dolly-Stapler, Art.nr. 17375, 20 Dollies passen in diesen. Ausgestattet mit \u00d8125mm spurlosen R\u00e4dern. 2 mit Bremse und 2 ohne Bremse.<\/p>\n<p>Matador Video:<\/p>\n<p><iframe title=\"Matador - Quality &amp; Service that work\" width=\"800\" height=\"450\" src=\"https:\/\/www.youtube.com\/embed\/7U2FhjZyGAo?feature=oembed\" frameborder=\"0\" allow=\"accelerometer; autoplay; clipboard-write; encrypted-media; gyroscope; picture-in-picture; web-share\" allowfullscreen><\/iframe><\/p>\n<p>&nbsp;<\/p>\n<p><strong>\u00a0<\/strong><\/p>\n","protected":false},"excerpt":{"rendered":"<p>EAN-Code: 8719638514309 M-DOLLY 600 Perfekte Qualit\u00e4t f\u00fcr den Profi! \u00c4u\u00dferst stabiler Stahlrahmen. Die abgerundeten Ecken reduzieren das Risiko von Sch\u00e4den an Waren und Umwelt. Plateau: Sehr widerstandsf\u00e4higer Kunststoff, wabenf\u00f6rmige Oberfl\u00e4che, superleicht und superstark. Ausgestattet mit einer Anti-Rutsch-Oberfl\u00e4che. Die Kunststoffplatte bl\u00e4ttert nicht ab. R\u00e4der: \u00d8130mm R\u00e4der f\u00fcr weniger Widerstand. Kugellager in den R\u00e4dern und Kugellager im [&hellip;]<\/p>\n","protected":false},"featured_media":22345,"template":"","meta":[],"product_brand":[],"product_cat":[2356],"product_tag":[],"class_list":{"0":"post-28941","1":"product","2":"type-product","3":"status-publish","4":"has-post-thumbnail","6":"product_cat-building-logistics-de","8":"first","9":"instock","10":"shipping-taxable","11":"purchasable","12":"product-type-simple"},"yoast_head":"<!-- This site is optimized with the Yoast SEO plugin v25.4 - https:\/\/yoast.com\/wordpress\/plugins\/seo\/ -->\n<title>15932 Matador Professional Dolly, Tragf\u00e4higkeit 400 Kg - MATADOR<\/title>\n<meta name=\"robots\" content=\"index, follow, max-snippet:-1, max-image-preview:large, max-video-preview:-1\" \/>\n<link rel=\"canonical\" href=\"https:\/\/matadorbv.com\/de\/produkt\/15932-matador-professional-dolly-tragfahigkeit-400-kg\/\" \/>\n<meta property=\"og:locale\" content=\"de_DE\" \/>\n<meta property=\"og:type\" content=\"article\" \/>\n<meta property=\"og:title\" content=\"15932 Matador Professional Dolly, Tragf\u00e4higkeit 400 Kg - MATADOR\" \/>\n<meta property=\"og:description\" content=\"EAN-Code: 8719638514309 M-DOLLY 600 Perfekte Qualit\u00e4t f\u00fcr den Profi! \u00c4u\u00dferst stabiler Stahlrahmen. Die abgerundeten Ecken reduzieren das Risiko von Sch\u00e4den an Waren und Umwelt. Plateau: Sehr widerstandsf\u00e4higer Kunststoff, wabenf\u00f6rmige Oberfl\u00e4che, superleicht und superstark. Ausgestattet mit einer Anti-Rutsch-Oberfl\u00e4che. Die Kunststoffplatte bl\u00e4ttert nicht ab. R\u00e4der: \u00d8130mm R\u00e4der f\u00fcr weniger Widerstand. Kugellager in den R\u00e4dern und Kugellager im [&hellip;]\" \/>\n<meta property=\"og:url\" content=\"https:\/\/matadorbv.com\/de\/produkt\/15932-matador-professional-dolly-tragfahigkeit-400-kg\/\" \/>\n<meta property=\"og:site_name\" content=\"MATADOR\" \/>\n<meta property=\"article:modified_time\" content=\"2023-11-27T12:30:06+00:00\" \/>\n<meta property=\"og:image\" content=\"https:\/\/matadorbv.com\/wp-content\/uploads\/M-Dolly-600x400-15932-3.jpg\" \/>\n\t<meta property=\"og:image:width\" content=\"1200\" \/>\n\t<meta property=\"og:image:height\" content=\"1200\" \/>\n\t<meta property=\"og:image:type\" content=\"image\/jpeg\" \/>\n<meta name=\"twitter:card\" content=\"summary_large_image\" \/>\n<meta name=\"twitter:label1\" content=\"Gesch\u00e4tzte Lesezeit\" \/>\n\t<meta name=\"twitter:data1\" content=\"1\u00a0Minute\" \/>\n<script type=\"application\/ld+json\" class=\"yoast-schema-graph\">{\"@context\":\"https:\/\/schema.org\",\"@graph\":[{\"@type\":\"WebPage\",\"@id\":\"https:\/\/matadorbv.com\/de\/produkt\/15932-matador-professional-dolly-tragfahigkeit-400-kg\/\",\"url\":\"https:\/\/matadorbv.com\/de\/produkt\/15932-matador-professional-dolly-tragfahigkeit-400-kg\/\",\"name\":\"15932 Matador Professional Dolly, Tragf\u00e4higkeit 400 Kg - MATADOR\",\"isPartOf\":{\"@id\":\"https:\/\/matadorbv.com\/de\/#website\"},\"primaryImageOfPage\":{\"@id\":\"https:\/\/matadorbv.com\/de\/produkt\/15932-matador-professional-dolly-tragfahigkeit-400-kg\/#primaryimage\"},\"image\":{\"@id\":\"https:\/\/matadorbv.com\/de\/produkt\/15932-matador-professional-dolly-tragfahigkeit-400-kg\/#primaryimage\"},\"thumbnailUrl\":\"https:\/\/matadorbv.com\/wp-content\/uploads\/M-Dolly-600x400-15932-6.jpg\",\"datePublished\":\"2022-12-13T09:14:11+00:00\",\"dateModified\":\"2023-11-27T12:30:06+00:00\",\"breadcrumb\":{\"@id\":\"https:\/\/matadorbv.com\/de\/produkt\/15932-matador-professional-dolly-tragfahigkeit-400-kg\/#breadcrumb\"},\"inLanguage\":\"de\",\"potentialAction\":[{\"@type\":\"ReadAction\",\"target\":[\"https:\/\/matadorbv.com\/de\/produkt\/15932-matador-professional-dolly-tragfahigkeit-400-kg\/\"]}]},{\"@type\":\"ImageObject\",\"inLanguage\":\"de\",\"@id\":\"https:\/\/matadorbv.com\/de\/produkt\/15932-matador-professional-dolly-tragfahigkeit-400-kg\/#primaryimage\",\"url\":\"https:\/\/matadorbv.com\/wp-content\/uploads\/M-Dolly-600x400-15932-6.jpg\",\"contentUrl\":\"https:\/\/matadorbv.com\/wp-content\/uploads\/M-Dolly-600x400-15932-6.jpg\",\"width\":1200,\"height\":1200},{\"@type\":\"BreadcrumbList\",\"@id\":\"https:\/\/matadorbv.com\/de\/produkt\/15932-matador-professional-dolly-tragfahigkeit-400-kg\/#breadcrumb\",\"itemListElement\":[{\"@type\":\"ListItem\",\"position\":1,\"name\":\"Home\",\"item\":\"https:\/\/matadorbv.com\/de\/\"},{\"@type\":\"ListItem\",\"position\":2,\"name\":\"Alle Produkte\",\"item\":\"https:\/\/matadorbv.com\/de\/shop\/\"},{\"@type\":\"ListItem\",\"position\":3,\"name\":\"15932 Matador Professional Dolly, Tragf\u00e4higkeit 400 Kg\"}]},{\"@type\":\"WebSite\",\"@id\":\"https:\/\/matadorbv.com\/de\/#website\",\"url\":\"https:\/\/matadorbv.com\/de\/\",\"name\":\"MATADOR\",\"description\":\" for solid products - Since 1895 Dutch manufacturer, supplier, wholesaler and expert in the steel area.\",\"publisher\":{\"@id\":\"https:\/\/matadorbv.com\/de\/#organization\"},\"potentialAction\":[{\"@type\":\"SearchAction\",\"target\":{\"@type\":\"EntryPoint\",\"urlTemplate\":\"https:\/\/matadorbv.com\/de\/?s={search_term_string}\"},\"query-input\":{\"@type\":\"PropertyValueSpecification\",\"valueRequired\":true,\"valueName\":\"search_term_string\"}}],\"inLanguage\":\"de\"},{\"@type\":\"Organization\",\"@id\":\"https:\/\/matadorbv.com\/de\/#organization\",\"name\":\"MATADOR\",\"url\":\"https:\/\/matadorbv.com\/de\/\",\"logo\":{\"@type\":\"ImageObject\",\"inLanguage\":\"de\",\"@id\":\"https:\/\/matadorbv.com\/de\/#\/schema\/logo\/image\/\",\"url\":\"https:\/\/matadorbv.com\/wp-content\/uploads\/cropped-22MAT003-Matador-Logo-tagline-RGB-Black-BG.png\",\"contentUrl\":\"https:\/\/matadorbv.com\/wp-content\/uploads\/cropped-22MAT003-Matador-Logo-tagline-RGB-Black-BG.png\",\"width\":1200,\"height\":342,\"caption\":\"MATADOR\"},\"image\":{\"@id\":\"https:\/\/matadorbv.com\/de\/#\/schema\/logo\/image\/\"}}]}<\/script>\n<!-- \/ Yoast SEO plugin. -->","yoast_head_json":{"title":"15932 Matador Professional Dolly, Tragf\u00e4higkeit 400 Kg - MATADOR","robots":{"index":"index","follow":"follow","max-snippet":"max-snippet:-1","max-image-preview":"max-image-preview:large","max-video-preview":"max-video-preview:-1"},"canonical":"https:\/\/matadorbv.com\/de\/produkt\/15932-matador-professional-dolly-tragfahigkeit-400-kg\/","og_locale":"de_DE","og_type":"article","og_title":"15932 Matador Professional Dolly, Tragf\u00e4higkeit 400 Kg - MATADOR","og_description":"EAN-Code: 8719638514309 M-DOLLY 600 Perfekte Qualit\u00e4t f\u00fcr den Profi! \u00c4u\u00dferst stabiler Stahlrahmen. Die abgerundeten Ecken reduzieren das Risiko von Sch\u00e4den an Waren und Umwelt. Plateau: Sehr widerstandsf\u00e4higer Kunststoff, wabenf\u00f6rmige Oberfl\u00e4che, superleicht und superstark. Ausgestattet mit einer Anti-Rutsch-Oberfl\u00e4che. Die Kunststoffplatte bl\u00e4ttert nicht ab. R\u00e4der: \u00d8130mm R\u00e4der f\u00fcr weniger Widerstand. Kugellager in den R\u00e4dern und Kugellager im [&hellip;]","og_url":"https:\/\/matadorbv.com\/de\/produkt\/15932-matador-professional-dolly-tragfahigkeit-400-kg\/","og_site_name":"MATADOR","article_modified_time":"2023-11-27T12:30:06+00:00","og_image":[{"width":1200,"height":1200,"url":"https:\/\/matadorbv.com\/wp-content\/uploads\/M-Dolly-600x400-15932-3.jpg","type":"image\/jpeg"}],"twitter_card":"summary_large_image","twitter_misc":{"Gesch\u00e4tzte Lesezeit":"1\u00a0Minute"},"schema":{"@context":"https:\/\/schema.org","@graph":[{"@type":"WebPage","@id":"https:\/\/matadorbv.com\/de\/produkt\/15932-matador-professional-dolly-tragfahigkeit-400-kg\/","url":"https:\/\/matadorbv.com\/de\/produkt\/15932-matador-professional-dolly-tragfahigkeit-400-kg\/","name":"15932 Matador Professional Dolly, Tragf\u00e4higkeit 400 Kg - MATADOR","isPartOf":{"@id":"https:\/\/matadorbv.com\/de\/#website"},"primaryImageOfPage":{"@id":"https:\/\/matadorbv.com\/de\/produkt\/15932-matador-professional-dolly-tragfahigkeit-400-kg\/#primaryimage"},"image":{"@id":"https:\/\/matadorbv.com\/de\/produkt\/15932-matador-professional-dolly-tragfahigkeit-400-kg\/#primaryimage"},"thumbnailUrl":"https:\/\/matadorbv.com\/wp-content\/uploads\/M-Dolly-600x400-15932-6.jpg","datePublished":"2022-12-13T09:14:11+00:00","dateModified":"2023-11-27T12:30:06+00:00","breadcrumb":{"@id":"https:\/\/matadorbv.com\/de\/produkt\/15932-matador-professional-dolly-tragfahigkeit-400-kg\/#breadcrumb"},"inLanguage":"de","potentialAction":[{"@type":"ReadAction","target":["https:\/\/matadorbv.com\/de\/produkt\/15932-matador-professional-dolly-tragfahigkeit-400-kg\/"]}]},{"@type":"ImageObject","inLanguage":"de","@id":"https:\/\/matadorbv.com\/de\/produkt\/15932-matador-professional-dolly-tragfahigkeit-400-kg\/#primaryimage","url":"https:\/\/matadorbv.com\/wp-content\/uploads\/M-Dolly-600x400-15932-6.jpg","contentUrl":"https:\/\/matadorbv.com\/wp-content\/uploads\/M-Dolly-600x400-15932-6.jpg","width":1200,"height":1200},{"@type":"BreadcrumbList","@id":"https:\/\/matadorbv.com\/de\/produkt\/15932-matador-professional-dolly-tragfahigkeit-400-kg\/#breadcrumb","itemListElement":[{"@type":"ListItem","position":1,"name":"Home","item":"https:\/\/matadorbv.com\/de\/"},{"@type":"ListItem","position":2,"name":"Alle Produkte","item":"https:\/\/matadorbv.com\/de\/shop\/"},{"@type":"ListItem","position":3,"name":"15932 Matador Professional Dolly, Tragf\u00e4higkeit 400 Kg"}]},{"@type":"WebSite","@id":"https:\/\/matadorbv.com\/de\/#website","url":"https:\/\/matadorbv.com\/de\/","name":"MATADOR","description":" for solid products - Since 1895 Dutch manufacturer, supplier, wholesaler and expert in the steel area.","publisher":{"@id":"https:\/\/matadorbv.com\/de\/#organization"},"potentialAction":[{"@type":"SearchAction","target":{"@type":"EntryPoint","urlTemplate":"https:\/\/matadorbv.com\/de\/?s={search_term_string}"},"query-input":{"@type":"PropertyValueSpecification","valueRequired":true,"valueName":"search_term_string"}}],"inLanguage":"de"},{"@type":"Organization","@id":"https:\/\/matadorbv.com\/de\/#organization","name":"MATADOR","url":"https:\/\/matadorbv.com\/de\/","logo":{"@type":"ImageObject","inLanguage":"de","@id":"https:\/\/matadorbv.com\/de\/#\/schema\/logo\/image\/","url":"https:\/\/matadorbv.com\/wp-content\/uploads\/cropped-22MAT003-Matador-Logo-tagline-RGB-Black-BG.png","contentUrl":"https:\/\/matadorbv.com\/wp-content\/uploads\/cropped-22MAT003-Matador-Logo-tagline-RGB-Black-BG.png","width":1200,"height":342,"caption":"MATADOR"},"image":{"@id":"https:\/\/matadorbv.com\/de\/#\/schema\/logo\/image\/"}}]}},"_links":{"self":[{"href":"https:\/\/matadorbv.com\/de\/wp-json\/wp\/v2\/product\/28941","targetHints":{"allow":["GET"]}}],"collection":[{"href":"https:\/\/matadorbv.com\/de\/wp-json\/wp\/v2\/product"}],"about":[{"href":"https:\/\/matadorbv.com\/de\/wp-json\/wp\/v2\/types\/product"}],"wp:featuredmedia":[{"embeddable":true,"href":"https:\/\/matadorbv.com\/de\/wp-json\/wp\/v2\/media\/22345"}],"wp:attachment":[{"href":"https:\/\/matadorbv.com\/de\/wp-json\/wp\/v2\/media?parent=28941"}],"wp:term":[{"taxonomy":"product_brand","embeddable":true,"href":"https:\/\/matadorbv.com\/de\/wp-json\/wp\/v2\/product_brand?post=28941"},{"taxonomy":"product_cat","embeddable":true,"href":"https:\/\/matadorbv.com\/de\/wp-json\/wp\/v2\/product_cat?post=28941"},{"taxonomy":"product_tag","embeddable":true,"href":"https:\/\/matadorbv.com\/de\/wp-json\/wp\/v2\/product_tag?post=28941"}],"curies":[{"name":"wp","href":"https:\/\/api.w.org\/{rel}","templated":true}]}}