{"id":28934,"date":"2022-02-05T10:00:49","date_gmt":"2022-02-05T09:00:49","guid":{"rendered":"https:\/\/matadorbv.com\/product\/14579-hub-auf-hubproduktgruppe-schlosser-sicherheit\/"},"modified":"2023-11-27T10:26:04","modified_gmt":"2023-11-27T09:26:04","slug":"14579-hub-auf-hubproduktgruppe-schlosser-sicherheit","status":"publish","type":"product","link":"https:\/\/matadorbv.com\/de\/produkt\/14579-hub-auf-hubproduktgruppe-schlosser-sicherheit\/","title":{"rendered":"14579-HUB-AUF-HUB,PRODUKTGRUPPE: SCHL\u00d6SSER &#038; SICHERHEIT"},"content":{"rendered":"<p>Werkzeug f\u00fcr sicheres und einfaches Ankuppeln von Anh\u00e4ngern<\/p>\n<p>Verhindert Sch\u00e4den beim Ankuppeln eines Anh\u00e4ngers.<br \/>\n&#8211; Noch nie war das Ankuppeln eines Anh\u00e4ngers so einfach!<br \/>\n&#8211; Beim R\u00fcckw\u00e4rtsfahren ist das Heck Ihres Fahrzeugs gesch\u00fctzt.<br \/>\n&#8211; Der HUBONHUB\u00ae wird mit vier Bolzen an der Kupplung befestigt.<br \/>\n&#8211; Durch ihre gebogene Form sorgt die HUBONHUB\u00ae daf\u00fcr, dass die Kugel der<br \/>\nAbschleppstange genau unter die Kupplung kommt.<br \/>\n&#8211; Die HUBONHUB\u00ae kann auf der Kupplung verbleiben und bildet kein<br \/>\nHindernis.<br \/>\n&#8211; Um den Diebstahl des Anh\u00e4ngers zu verhindern, kann ein Vorh\u00e4ngeschloss an der HUBONHUB\u00ae angebracht werden.<br \/>\nHUBONHUB\u00ae best\u00e4tigt werden. (Vorh\u00e4ngeschloss nicht enthalten).<br \/>\n&#8211; Passt auf die meisten g\u00e4ngigen Kupplungen:<br \/>\n(Lieferung inklusive verschiedener Halterungen und mit Befestigungsmaterial)<\/p>\n<p>Produkt-Video:<\/p>\n<p><iframe title=\"Hub on Hub\" width=\"800\" height=\"450\" src=\"https:\/\/www.youtube.com\/embed\/p69M3pWJT7A?feature=oembed\" frameborder=\"0\" allow=\"accelerometer; autoplay; clipboard-write; encrypted-media; gyroscope; picture-in-picture; web-share\" allowfullscreen><\/iframe><\/p>\n","protected":false},"excerpt":{"rendered":"<p>Werkzeug f\u00fcr sicheres und einfaches Ankuppeln von Anh\u00e4ngern Verhindert Sch\u00e4den beim Ankuppeln eines Anh\u00e4ngers. &#8211; Noch nie war das Ankuppeln eines Anh\u00e4ngers so einfach! &#8211; Beim R\u00fcckw\u00e4rtsfahren ist das Heck Ihres Fahrzeugs gesch\u00fctzt. &#8211; Der HUBONHUB\u00ae wird mit vier Bolzen an der Kupplung befestigt. &#8211; Durch ihre gebogene Form sorgt die HUBONHUB\u00ae daf\u00fcr, dass die [&hellip;]<\/p>\n","protected":false},"featured_media":19205,"template":"","meta":[],"product_brand":[],"product_cat":[2397],"product_tag":[],"class_list":{"0":"post-28934","1":"product","2":"type-product","3":"status-publish","4":"has-post-thumbnail","6":"product_cat-locks-security-de","8":"first","9":"instock","10":"shipping-taxable","11":"purchasable","12":"product-type-simple"},"yoast_head":"<!-- This site is optimized with the Yoast SEO plugin v25.4 - https:\/\/yoast.com\/wordpress\/plugins\/seo\/ -->\n<title>14579-HUB-AUF-HUB,PRODUKTGRUPPE: SCHL\u00d6SSER &amp; SICHERHEIT - MATADOR<\/title>\n<meta name=\"robots\" content=\"index, follow, max-snippet:-1, max-image-preview:large, max-video-preview:-1\" \/>\n<link rel=\"canonical\" href=\"https:\/\/matadorbv.com\/de\/produkt\/14579-hub-auf-hubproduktgruppe-schlosser-sicherheit\/\" \/>\n<meta property=\"og:locale\" content=\"de_DE\" \/>\n<meta property=\"og:type\" content=\"article\" \/>\n<meta property=\"og:title\" content=\"14579-HUB-AUF-HUB,PRODUKTGRUPPE: SCHL\u00d6SSER &amp; SICHERHEIT - MATADOR\" \/>\n<meta property=\"og:description\" content=\"Werkzeug f\u00fcr sicheres und einfaches Ankuppeln von Anh\u00e4ngern Verhindert Sch\u00e4den beim Ankuppeln eines Anh\u00e4ngers. &#8211; Noch nie war das Ankuppeln eines Anh\u00e4ngers so einfach! &#8211; Beim R\u00fcckw\u00e4rtsfahren ist das Heck Ihres Fahrzeugs gesch\u00fctzt. &#8211; Der HUBONHUB\u00ae wird mit vier Bolzen an der Kupplung befestigt. &#8211; Durch ihre gebogene Form sorgt die HUBONHUB\u00ae daf\u00fcr, dass die [&hellip;]\" \/>\n<meta property=\"og:url\" content=\"https:\/\/matadorbv.com\/de\/produkt\/14579-hub-auf-hubproduktgruppe-schlosser-sicherheit\/\" \/>\n<meta property=\"og:site_name\" content=\"MATADOR\" \/>\n<meta property=\"article:modified_time\" content=\"2023-11-27T09:26:04+00:00\" \/>\n<meta property=\"og:image\" content=\"https:\/\/matadorbv.com\/wp-content\/uploads\/DSC3804-1024x1024.png\" \/>\n\t<meta property=\"og:image:width\" content=\"1024\" \/>\n\t<meta property=\"og:image:height\" content=\"1024\" \/>\n\t<meta property=\"og:image:type\" content=\"image\/png\" \/>\n<meta name=\"twitter:card\" content=\"summary_large_image\" \/>\n<meta name=\"twitter:label1\" content=\"Gesch\u00e4tzte Lesezeit\" \/>\n\t<meta name=\"twitter:data1\" content=\"1\u00a0Minute\" \/>\n<script type=\"application\/ld+json\" class=\"yoast-schema-graph\">{\"@context\":\"https:\/\/schema.org\",\"@graph\":[{\"@type\":\"WebPage\",\"@id\":\"https:\/\/matadorbv.com\/de\/produkt\/14579-hub-auf-hubproduktgruppe-schlosser-sicherheit\/\",\"url\":\"https:\/\/matadorbv.com\/de\/produkt\/14579-hub-auf-hubproduktgruppe-schlosser-sicherheit\/\",\"name\":\"14579-HUB-AUF-HUB,PRODUKTGRUPPE: SCHL\u00d6SSER & SICHERHEIT - MATADOR\",\"isPartOf\":{\"@id\":\"https:\/\/matadorbv.com\/de\/#website\"},\"primaryImageOfPage\":{\"@id\":\"https:\/\/matadorbv.com\/de\/produkt\/14579-hub-auf-hubproduktgruppe-schlosser-sicherheit\/#primaryimage\"},\"image\":{\"@id\":\"https:\/\/matadorbv.com\/de\/produkt\/14579-hub-auf-hubproduktgruppe-schlosser-sicherheit\/#primaryimage\"},\"thumbnailUrl\":\"https:\/\/matadorbv.com\/wp-content\/uploads\/DSC3804.png\",\"datePublished\":\"2022-02-05T09:00:49+00:00\",\"dateModified\":\"2023-11-27T09:26:04+00:00\",\"breadcrumb\":{\"@id\":\"https:\/\/matadorbv.com\/de\/produkt\/14579-hub-auf-hubproduktgruppe-schlosser-sicherheit\/#breadcrumb\"},\"inLanguage\":\"de\",\"potentialAction\":[{\"@type\":\"ReadAction\",\"target\":[\"https:\/\/matadorbv.com\/de\/produkt\/14579-hub-auf-hubproduktgruppe-schlosser-sicherheit\/\"]}]},{\"@type\":\"ImageObject\",\"inLanguage\":\"de\",\"@id\":\"https:\/\/matadorbv.com\/de\/produkt\/14579-hub-auf-hubproduktgruppe-schlosser-sicherheit\/#primaryimage\",\"url\":\"https:\/\/matadorbv.com\/wp-content\/uploads\/DSC3804.png\",\"contentUrl\":\"https:\/\/matadorbv.com\/wp-content\/uploads\/DSC3804.png\",\"width\":4000,\"height\":4000},{\"@type\":\"BreadcrumbList\",\"@id\":\"https:\/\/matadorbv.com\/de\/produkt\/14579-hub-auf-hubproduktgruppe-schlosser-sicherheit\/#breadcrumb\",\"itemListElement\":[{\"@type\":\"ListItem\",\"position\":1,\"name\":\"Home\",\"item\":\"https:\/\/matadorbv.com\/de\/\"},{\"@type\":\"ListItem\",\"position\":2,\"name\":\"Alle Produkte\",\"item\":\"https:\/\/matadorbv.com\/de\/shop\/\"},{\"@type\":\"ListItem\",\"position\":3,\"name\":\"14579-HUB-AUF-HUB,PRODUKTGRUPPE: SCHL\u00d6SSER &#038; SICHERHEIT\"}]},{\"@type\":\"WebSite\",\"@id\":\"https:\/\/matadorbv.com\/de\/#website\",\"url\":\"https:\/\/matadorbv.com\/de\/\",\"name\":\"MATADOR\",\"description\":\" for solid products - Since 1895 Dutch manufacturer, supplier, wholesaler and expert in the steel area.\",\"publisher\":{\"@id\":\"https:\/\/matadorbv.com\/de\/#organization\"},\"potentialAction\":[{\"@type\":\"SearchAction\",\"target\":{\"@type\":\"EntryPoint\",\"urlTemplate\":\"https:\/\/matadorbv.com\/de\/?s={search_term_string}\"},\"query-input\":{\"@type\":\"PropertyValueSpecification\",\"valueRequired\":true,\"valueName\":\"search_term_string\"}}],\"inLanguage\":\"de\"},{\"@type\":\"Organization\",\"@id\":\"https:\/\/matadorbv.com\/de\/#organization\",\"name\":\"MATADOR\",\"url\":\"https:\/\/matadorbv.com\/de\/\",\"logo\":{\"@type\":\"ImageObject\",\"inLanguage\":\"de\",\"@id\":\"https:\/\/matadorbv.com\/de\/#\/schema\/logo\/image\/\",\"url\":\"https:\/\/matadorbv.com\/wp-content\/uploads\/cropped-22MAT003-Matador-Logo-tagline-RGB-Black-BG.png\",\"contentUrl\":\"https:\/\/matadorbv.com\/wp-content\/uploads\/cropped-22MAT003-Matador-Logo-tagline-RGB-Black-BG.png\",\"width\":1200,\"height\":342,\"caption\":\"MATADOR\"},\"image\":{\"@id\":\"https:\/\/matadorbv.com\/de\/#\/schema\/logo\/image\/\"}}]}<\/script>\n<!-- \/ Yoast SEO plugin. -->","yoast_head_json":{"title":"14579-HUB-AUF-HUB,PRODUKTGRUPPE: SCHL\u00d6SSER & SICHERHEIT - MATADOR","robots":{"index":"index","follow":"follow","max-snippet":"max-snippet:-1","max-image-preview":"max-image-preview:large","max-video-preview":"max-video-preview:-1"},"canonical":"https:\/\/matadorbv.com\/de\/produkt\/14579-hub-auf-hubproduktgruppe-schlosser-sicherheit\/","og_locale":"de_DE","og_type":"article","og_title":"14579-HUB-AUF-HUB,PRODUKTGRUPPE: SCHL\u00d6SSER & SICHERHEIT - MATADOR","og_description":"Werkzeug f\u00fcr sicheres und einfaches Ankuppeln von Anh\u00e4ngern Verhindert Sch\u00e4den beim Ankuppeln eines Anh\u00e4ngers. &#8211; Noch nie war das Ankuppeln eines Anh\u00e4ngers so einfach! &#8211; Beim R\u00fcckw\u00e4rtsfahren ist das Heck Ihres Fahrzeugs gesch\u00fctzt. &#8211; Der HUBONHUB\u00ae wird mit vier Bolzen an der Kupplung befestigt. &#8211; Durch ihre gebogene Form sorgt die HUBONHUB\u00ae daf\u00fcr, dass die [&hellip;]","og_url":"https:\/\/matadorbv.com\/de\/produkt\/14579-hub-auf-hubproduktgruppe-schlosser-sicherheit\/","og_site_name":"MATADOR","article_modified_time":"2023-11-27T09:26:04+00:00","og_image":[{"width":1024,"height":1024,"url":"https:\/\/matadorbv.com\/wp-content\/uploads\/DSC3804-1024x1024.png","type":"image\/png"}],"twitter_card":"summary_large_image","twitter_misc":{"Gesch\u00e4tzte Lesezeit":"1\u00a0Minute"},"schema":{"@context":"https:\/\/schema.org","@graph":[{"@type":"WebPage","@id":"https:\/\/matadorbv.com\/de\/produkt\/14579-hub-auf-hubproduktgruppe-schlosser-sicherheit\/","url":"https:\/\/matadorbv.com\/de\/produkt\/14579-hub-auf-hubproduktgruppe-schlosser-sicherheit\/","name":"14579-HUB-AUF-HUB,PRODUKTGRUPPE: SCHL\u00d6SSER & SICHERHEIT - MATADOR","isPartOf":{"@id":"https:\/\/matadorbv.com\/de\/#website"},"primaryImageOfPage":{"@id":"https:\/\/matadorbv.com\/de\/produkt\/14579-hub-auf-hubproduktgruppe-schlosser-sicherheit\/#primaryimage"},"image":{"@id":"https:\/\/matadorbv.com\/de\/produkt\/14579-hub-auf-hubproduktgruppe-schlosser-sicherheit\/#primaryimage"},"thumbnailUrl":"https:\/\/matadorbv.com\/wp-content\/uploads\/DSC3804.png","datePublished":"2022-02-05T09:00:49+00:00","dateModified":"2023-11-27T09:26:04+00:00","breadcrumb":{"@id":"https:\/\/matadorbv.com\/de\/produkt\/14579-hub-auf-hubproduktgruppe-schlosser-sicherheit\/#breadcrumb"},"inLanguage":"de","potentialAction":[{"@type":"ReadAction","target":["https:\/\/matadorbv.com\/de\/produkt\/14579-hub-auf-hubproduktgruppe-schlosser-sicherheit\/"]}]},{"@type":"ImageObject","inLanguage":"de","@id":"https:\/\/matadorbv.com\/de\/produkt\/14579-hub-auf-hubproduktgruppe-schlosser-sicherheit\/#primaryimage","url":"https:\/\/matadorbv.com\/wp-content\/uploads\/DSC3804.png","contentUrl":"https:\/\/matadorbv.com\/wp-content\/uploads\/DSC3804.png","width":4000,"height":4000},{"@type":"BreadcrumbList","@id":"https:\/\/matadorbv.com\/de\/produkt\/14579-hub-auf-hubproduktgruppe-schlosser-sicherheit\/#breadcrumb","itemListElement":[{"@type":"ListItem","position":1,"name":"Home","item":"https:\/\/matadorbv.com\/de\/"},{"@type":"ListItem","position":2,"name":"Alle Produkte","item":"https:\/\/matadorbv.com\/de\/shop\/"},{"@type":"ListItem","position":3,"name":"14579-HUB-AUF-HUB,PRODUKTGRUPPE: SCHL\u00d6SSER &#038; SICHERHEIT"}]},{"@type":"WebSite","@id":"https:\/\/matadorbv.com\/de\/#website","url":"https:\/\/matadorbv.com\/de\/","name":"MATADOR","description":" for solid products - Since 1895 Dutch manufacturer, supplier, wholesaler and expert in the steel area.","publisher":{"@id":"https:\/\/matadorbv.com\/de\/#organization"},"potentialAction":[{"@type":"SearchAction","target":{"@type":"EntryPoint","urlTemplate":"https:\/\/matadorbv.com\/de\/?s={search_term_string}"},"query-input":{"@type":"PropertyValueSpecification","valueRequired":true,"valueName":"search_term_string"}}],"inLanguage":"de"},{"@type":"Organization","@id":"https:\/\/matadorbv.com\/de\/#organization","name":"MATADOR","url":"https:\/\/matadorbv.com\/de\/","logo":{"@type":"ImageObject","inLanguage":"de","@id":"https:\/\/matadorbv.com\/de\/#\/schema\/logo\/image\/","url":"https:\/\/matadorbv.com\/wp-content\/uploads\/cropped-22MAT003-Matador-Logo-tagline-RGB-Black-BG.png","contentUrl":"https:\/\/matadorbv.com\/wp-content\/uploads\/cropped-22MAT003-Matador-Logo-tagline-RGB-Black-BG.png","width":1200,"height":342,"caption":"MATADOR"},"image":{"@id":"https:\/\/matadorbv.com\/de\/#\/schema\/logo\/image\/"}}]}},"_links":{"self":[{"href":"https:\/\/matadorbv.com\/de\/wp-json\/wp\/v2\/product\/28934","targetHints":{"allow":["GET"]}}],"collection":[{"href":"https:\/\/matadorbv.com\/de\/wp-json\/wp\/v2\/product"}],"about":[{"href":"https:\/\/matadorbv.com\/de\/wp-json\/wp\/v2\/types\/product"}],"wp:featuredmedia":[{"embeddable":true,"href":"https:\/\/matadorbv.com\/de\/wp-json\/wp\/v2\/media\/19205"}],"wp:attachment":[{"href":"https:\/\/matadorbv.com\/de\/wp-json\/wp\/v2\/media?parent=28934"}],"wp:term":[{"taxonomy":"product_brand","embeddable":true,"href":"https:\/\/matadorbv.com\/de\/wp-json\/wp\/v2\/product_brand?post=28934"},{"taxonomy":"product_cat","embeddable":true,"href":"https:\/\/matadorbv.com\/de\/wp-json\/wp\/v2\/product_cat?post=28934"},{"taxonomy":"product_tag","embeddable":true,"href":"https:\/\/matadorbv.com\/de\/wp-json\/wp\/v2\/product_tag?post=28934"}],"curies":[{"name":"wp","href":"https:\/\/api.w.org\/{rel}","templated":true}]}}