{"id":28845,"date":"2023-02-09T15:28:46","date_gmt":"2023-02-09T14:28:46","guid":{"rendered":"https:\/\/matadorbv.com\/product\/18883-noka-160-ct-agri-schubkarre-mit-pannensicheren-reifen\/"},"modified":"2023-11-24T12:24:00","modified_gmt":"2023-11-24T11:24:00","slug":"18883-noka-160-ct-agri-schubkarre-mit-pannensicheren-reifen","status":"publish","type":"product","link":"https:\/\/matadorbv.com\/de\/produkt\/18883-noka-160-ct-agri-schubkarre-mit-pannensicheren-reifen\/","title":{"rendered":"18883 NOKA-160-CT AGRI Schubkarre mit pannensicheren Reifen"},"content":{"rendered":"<p>EAN CODE:8719638513234<\/p>\n<p>NOKA-160-CT-2WI PP-ALU AGRI eine landwirtschaftliche Schubkarre<br \/>\nmit Aluminiumrahmen und pannensicherer PU-Bereifung.<\/p>\n<p>Starke Wanne aus Polypropylen 6,5 mm dick (160 Liter).<br \/>\nStabiler Aluminiumrahmen aus Ovalrohr, f\u00fcr intensive Nutzung.<br \/>\nMassiver Aluminium<br \/>\nNasenring zum Schutz und zur Unterst\u00fctzung der<br \/>\nWanne.<br \/>\nVerschlei\u00dfkappen f\u00fcr eine l\u00e4ngere Lebensdauer der Beine.<br \/>\nLeicht zu kippen dank der abgerundeten Form des Chassis<br \/>\nErgonomische Handgriffe aus Naturgummi mit Kn\u00f6chelschutz<br \/>\nSchutz.<br \/>\nPannensicherer PU-Reifen (gesch\u00e4umtes Polyurethan), Stahlfelge mit<br \/>\nhochwertigen, doppelt abgedichteten Kugellagern<\/p>\n<p>&nbsp;<\/p>\n<p><iframe title=\"Matador - Quality &amp; Service that work\" width=\"800\" height=\"450\" src=\"https:\/\/www.youtube.com\/embed\/7U2FhjZyGAo?feature=oembed\" frameborder=\"0\" allow=\"accelerometer; autoplay; clipboard-write; encrypted-media; gyroscope; picture-in-picture; web-share\" allowfullscreen><\/iframe><\/p>\n","protected":false},"excerpt":{"rendered":"<p>EAN CODE:8719638513234 NOKA-160-CT-2WI PP-ALU AGRI eine landwirtschaftliche Schubkarre mit Aluminiumrahmen und pannensicherer PU-Bereifung. Starke Wanne aus Polypropylen 6,5 mm dick (160 Liter). Stabiler Aluminiumrahmen aus Ovalrohr, f\u00fcr intensive Nutzung. Massiver Aluminium Nasenring zum Schutz und zur Unterst\u00fctzung der Wanne. Verschlei\u00dfkappen f\u00fcr eine l\u00e4ngere Lebensdauer der Beine. Leicht zu kippen dank der abgerundeten Form des Chassis [&hellip;]<\/p>\n","protected":false},"featured_media":23255,"template":"","meta":[],"product_brand":[],"product_cat":[2418],"product_tag":[2722,2721,2720],"class_list":{"0":"post-28845","1":"product","2":"type-product","3":"status-publish","4":"has-post-thumbnail","6":"product_cat-wheelbarrows-de","7":"product_tag-18883-de","8":"product_tag-18883-m-noka-160-ct-2w-pp-de","9":"product_tag-m-noka-160-ct-2w-pp-de","11":"first","12":"instock","13":"shipping-taxable","14":"purchasable","15":"product-type-simple"},"yoast_head":"<!-- This site is optimized with the Yoast SEO plugin v25.4 - https:\/\/yoast.com\/wordpress\/plugins\/seo\/ -->\n<title>18883 NOKA-160-CT AGRI Schubkarre mit pannensicheren Reifen - MATADOR<\/title>\n<meta name=\"robots\" content=\"index, follow, max-snippet:-1, max-image-preview:large, max-video-preview:-1\" \/>\n<link rel=\"canonical\" href=\"https:\/\/matadorbv.com\/de\/produkt\/18883-noka-160-ct-agri-schubkarre-mit-pannensicheren-reifen\/\" \/>\n<meta property=\"og:locale\" content=\"de_DE\" \/>\n<meta property=\"og:type\" content=\"article\" \/>\n<meta property=\"og:title\" content=\"18883 NOKA-160-CT AGRI Schubkarre mit pannensicheren Reifen - MATADOR\" \/>\n<meta property=\"og:description\" content=\"EAN CODE:8719638513234 NOKA-160-CT-2WI PP-ALU AGRI eine landwirtschaftliche Schubkarre mit Aluminiumrahmen und pannensicherer PU-Bereifung. Starke Wanne aus Polypropylen 6,5 mm dick (160 Liter). Stabiler Aluminiumrahmen aus Ovalrohr, f\u00fcr intensive Nutzung. Massiver Aluminium Nasenring zum Schutz und zur Unterst\u00fctzung der Wanne. Verschlei\u00dfkappen f\u00fcr eine l\u00e4ngere Lebensdauer der Beine. Leicht zu kippen dank der abgerundeten Form des Chassis [&hellip;]\" \/>\n<meta property=\"og:url\" content=\"https:\/\/matadorbv.com\/de\/produkt\/18883-noka-160-ct-agri-schubkarre-mit-pannensicheren-reifen\/\" \/>\n<meta property=\"og:site_name\" content=\"MATADOR\" \/>\n<meta property=\"article:modified_time\" content=\"2023-11-24T11:24:00+00:00\" \/>\n<meta property=\"og:image\" content=\"https:\/\/matadorbv.com\/wp-content\/uploads\/18883-M-NOKA-160-CT-2W-PP-ISO-RIGHT-BACK-kopie.jpg\" \/>\n\t<meta property=\"og:image:width\" content=\"1400\" \/>\n\t<meta property=\"og:image:height\" content=\"1400\" \/>\n\t<meta property=\"og:image:type\" content=\"image\/jpeg\" \/>\n<meta name=\"twitter:card\" content=\"summary_large_image\" \/>\n<meta name=\"twitter:label1\" content=\"Gesch\u00e4tzte Lesezeit\" \/>\n\t<meta name=\"twitter:data1\" content=\"1\u00a0Minute\" \/>\n<script type=\"application\/ld+json\" class=\"yoast-schema-graph\">{\"@context\":\"https:\/\/schema.org\",\"@graph\":[{\"@type\":\"WebPage\",\"@id\":\"https:\/\/matadorbv.com\/de\/produkt\/18883-noka-160-ct-agri-schubkarre-mit-pannensicheren-reifen\/\",\"url\":\"https:\/\/matadorbv.com\/de\/produkt\/18883-noka-160-ct-agri-schubkarre-mit-pannensicheren-reifen\/\",\"name\":\"18883 NOKA-160-CT AGRI Schubkarre mit pannensicheren Reifen - MATADOR\",\"isPartOf\":{\"@id\":\"https:\/\/matadorbv.com\/de\/#website\"},\"primaryImageOfPage\":{\"@id\":\"https:\/\/matadorbv.com\/de\/produkt\/18883-noka-160-ct-agri-schubkarre-mit-pannensicheren-reifen\/#primaryimage\"},\"image\":{\"@id\":\"https:\/\/matadorbv.com\/de\/produkt\/18883-noka-160-ct-agri-schubkarre-mit-pannensicheren-reifen\/#primaryimage\"},\"thumbnailUrl\":\"https:\/\/matadorbv.com\/wp-content\/uploads\/18883-M-NOKA-160-CT-2W-PP-ISO-RIGHT-BACK-kopie.jpg\",\"datePublished\":\"2023-02-09T14:28:46+00:00\",\"dateModified\":\"2023-11-24T11:24:00+00:00\",\"breadcrumb\":{\"@id\":\"https:\/\/matadorbv.com\/de\/produkt\/18883-noka-160-ct-agri-schubkarre-mit-pannensicheren-reifen\/#breadcrumb\"},\"inLanguage\":\"de\",\"potentialAction\":[{\"@type\":\"ReadAction\",\"target\":[\"https:\/\/matadorbv.com\/de\/produkt\/18883-noka-160-ct-agri-schubkarre-mit-pannensicheren-reifen\/\"]}]},{\"@type\":\"ImageObject\",\"inLanguage\":\"de\",\"@id\":\"https:\/\/matadorbv.com\/de\/produkt\/18883-noka-160-ct-agri-schubkarre-mit-pannensicheren-reifen\/#primaryimage\",\"url\":\"https:\/\/matadorbv.com\/wp-content\/uploads\/18883-M-NOKA-160-CT-2W-PP-ISO-RIGHT-BACK-kopie.jpg\",\"contentUrl\":\"https:\/\/matadorbv.com\/wp-content\/uploads\/18883-M-NOKA-160-CT-2W-PP-ISO-RIGHT-BACK-kopie.jpg\",\"width\":1400,\"height\":1400},{\"@type\":\"BreadcrumbList\",\"@id\":\"https:\/\/matadorbv.com\/de\/produkt\/18883-noka-160-ct-agri-schubkarre-mit-pannensicheren-reifen\/#breadcrumb\",\"itemListElement\":[{\"@type\":\"ListItem\",\"position\":1,\"name\":\"Home\",\"item\":\"https:\/\/matadorbv.com\/de\/\"},{\"@type\":\"ListItem\",\"position\":2,\"name\":\"Alle Produkte\",\"item\":\"https:\/\/matadorbv.com\/de\/shop\/\"},{\"@type\":\"ListItem\",\"position\":3,\"name\":\"18883 NOKA-160-CT AGRI Schubkarre mit pannensicheren Reifen\"}]},{\"@type\":\"WebSite\",\"@id\":\"https:\/\/matadorbv.com\/de\/#website\",\"url\":\"https:\/\/matadorbv.com\/de\/\",\"name\":\"MATADOR\",\"description\":\" for solid products - Since 1895 Dutch manufacturer, supplier, wholesaler and expert in the steel area.\",\"publisher\":{\"@id\":\"https:\/\/matadorbv.com\/de\/#organization\"},\"potentialAction\":[{\"@type\":\"SearchAction\",\"target\":{\"@type\":\"EntryPoint\",\"urlTemplate\":\"https:\/\/matadorbv.com\/de\/?s={search_term_string}\"},\"query-input\":{\"@type\":\"PropertyValueSpecification\",\"valueRequired\":true,\"valueName\":\"search_term_string\"}}],\"inLanguage\":\"de\"},{\"@type\":\"Organization\",\"@id\":\"https:\/\/matadorbv.com\/de\/#organization\",\"name\":\"MATADOR\",\"url\":\"https:\/\/matadorbv.com\/de\/\",\"logo\":{\"@type\":\"ImageObject\",\"inLanguage\":\"de\",\"@id\":\"https:\/\/matadorbv.com\/de\/#\/schema\/logo\/image\/\",\"url\":\"https:\/\/matadorbv.com\/wp-content\/uploads\/cropped-22MAT003-Matador-Logo-tagline-RGB-Black-BG.png\",\"contentUrl\":\"https:\/\/matadorbv.com\/wp-content\/uploads\/cropped-22MAT003-Matador-Logo-tagline-RGB-Black-BG.png\",\"width\":1200,\"height\":342,\"caption\":\"MATADOR\"},\"image\":{\"@id\":\"https:\/\/matadorbv.com\/de\/#\/schema\/logo\/image\/\"}}]}<\/script>\n<!-- \/ Yoast SEO plugin. -->","yoast_head_json":{"title":"18883 NOKA-160-CT AGRI Schubkarre mit pannensicheren Reifen - MATADOR","robots":{"index":"index","follow":"follow","max-snippet":"max-snippet:-1","max-image-preview":"max-image-preview:large","max-video-preview":"max-video-preview:-1"},"canonical":"https:\/\/matadorbv.com\/de\/produkt\/18883-noka-160-ct-agri-schubkarre-mit-pannensicheren-reifen\/","og_locale":"de_DE","og_type":"article","og_title":"18883 NOKA-160-CT AGRI Schubkarre mit pannensicheren Reifen - MATADOR","og_description":"EAN CODE:8719638513234 NOKA-160-CT-2WI PP-ALU AGRI eine landwirtschaftliche Schubkarre mit Aluminiumrahmen und pannensicherer PU-Bereifung. Starke Wanne aus Polypropylen 6,5 mm dick (160 Liter). Stabiler Aluminiumrahmen aus Ovalrohr, f\u00fcr intensive Nutzung. Massiver Aluminium Nasenring zum Schutz und zur Unterst\u00fctzung der Wanne. Verschlei\u00dfkappen f\u00fcr eine l\u00e4ngere Lebensdauer der Beine. Leicht zu kippen dank der abgerundeten Form des Chassis [&hellip;]","og_url":"https:\/\/matadorbv.com\/de\/produkt\/18883-noka-160-ct-agri-schubkarre-mit-pannensicheren-reifen\/","og_site_name":"MATADOR","article_modified_time":"2023-11-24T11:24:00+00:00","og_image":[{"width":1400,"height":1400,"url":"https:\/\/matadorbv.com\/wp-content\/uploads\/18883-M-NOKA-160-CT-2W-PP-ISO-RIGHT-BACK-kopie.jpg","type":"image\/jpeg"}],"twitter_card":"summary_large_image","twitter_misc":{"Gesch\u00e4tzte Lesezeit":"1\u00a0Minute"},"schema":{"@context":"https:\/\/schema.org","@graph":[{"@type":"WebPage","@id":"https:\/\/matadorbv.com\/de\/produkt\/18883-noka-160-ct-agri-schubkarre-mit-pannensicheren-reifen\/","url":"https:\/\/matadorbv.com\/de\/produkt\/18883-noka-160-ct-agri-schubkarre-mit-pannensicheren-reifen\/","name":"18883 NOKA-160-CT AGRI Schubkarre mit pannensicheren Reifen - MATADOR","isPartOf":{"@id":"https:\/\/matadorbv.com\/de\/#website"},"primaryImageOfPage":{"@id":"https:\/\/matadorbv.com\/de\/produkt\/18883-noka-160-ct-agri-schubkarre-mit-pannensicheren-reifen\/#primaryimage"},"image":{"@id":"https:\/\/matadorbv.com\/de\/produkt\/18883-noka-160-ct-agri-schubkarre-mit-pannensicheren-reifen\/#primaryimage"},"thumbnailUrl":"https:\/\/matadorbv.com\/wp-content\/uploads\/18883-M-NOKA-160-CT-2W-PP-ISO-RIGHT-BACK-kopie.jpg","datePublished":"2023-02-09T14:28:46+00:00","dateModified":"2023-11-24T11:24:00+00:00","breadcrumb":{"@id":"https:\/\/matadorbv.com\/de\/produkt\/18883-noka-160-ct-agri-schubkarre-mit-pannensicheren-reifen\/#breadcrumb"},"inLanguage":"de","potentialAction":[{"@type":"ReadAction","target":["https:\/\/matadorbv.com\/de\/produkt\/18883-noka-160-ct-agri-schubkarre-mit-pannensicheren-reifen\/"]}]},{"@type":"ImageObject","inLanguage":"de","@id":"https:\/\/matadorbv.com\/de\/produkt\/18883-noka-160-ct-agri-schubkarre-mit-pannensicheren-reifen\/#primaryimage","url":"https:\/\/matadorbv.com\/wp-content\/uploads\/18883-M-NOKA-160-CT-2W-PP-ISO-RIGHT-BACK-kopie.jpg","contentUrl":"https:\/\/matadorbv.com\/wp-content\/uploads\/18883-M-NOKA-160-CT-2W-PP-ISO-RIGHT-BACK-kopie.jpg","width":1400,"height":1400},{"@type":"BreadcrumbList","@id":"https:\/\/matadorbv.com\/de\/produkt\/18883-noka-160-ct-agri-schubkarre-mit-pannensicheren-reifen\/#breadcrumb","itemListElement":[{"@type":"ListItem","position":1,"name":"Home","item":"https:\/\/matadorbv.com\/de\/"},{"@type":"ListItem","position":2,"name":"Alle Produkte","item":"https:\/\/matadorbv.com\/de\/shop\/"},{"@type":"ListItem","position":3,"name":"18883 NOKA-160-CT AGRI Schubkarre mit pannensicheren Reifen"}]},{"@type":"WebSite","@id":"https:\/\/matadorbv.com\/de\/#website","url":"https:\/\/matadorbv.com\/de\/","name":"MATADOR","description":" for solid products - Since 1895 Dutch manufacturer, supplier, wholesaler and expert in the steel area.","publisher":{"@id":"https:\/\/matadorbv.com\/de\/#organization"},"potentialAction":[{"@type":"SearchAction","target":{"@type":"EntryPoint","urlTemplate":"https:\/\/matadorbv.com\/de\/?s={search_term_string}"},"query-input":{"@type":"PropertyValueSpecification","valueRequired":true,"valueName":"search_term_string"}}],"inLanguage":"de"},{"@type":"Organization","@id":"https:\/\/matadorbv.com\/de\/#organization","name":"MATADOR","url":"https:\/\/matadorbv.com\/de\/","logo":{"@type":"ImageObject","inLanguage":"de","@id":"https:\/\/matadorbv.com\/de\/#\/schema\/logo\/image\/","url":"https:\/\/matadorbv.com\/wp-content\/uploads\/cropped-22MAT003-Matador-Logo-tagline-RGB-Black-BG.png","contentUrl":"https:\/\/matadorbv.com\/wp-content\/uploads\/cropped-22MAT003-Matador-Logo-tagline-RGB-Black-BG.png","width":1200,"height":342,"caption":"MATADOR"},"image":{"@id":"https:\/\/matadorbv.com\/de\/#\/schema\/logo\/image\/"}}]}},"_links":{"self":[{"href":"https:\/\/matadorbv.com\/de\/wp-json\/wp\/v2\/product\/28845","targetHints":{"allow":["GET"]}}],"collection":[{"href":"https:\/\/matadorbv.com\/de\/wp-json\/wp\/v2\/product"}],"about":[{"href":"https:\/\/matadorbv.com\/de\/wp-json\/wp\/v2\/types\/product"}],"wp:featuredmedia":[{"embeddable":true,"href":"https:\/\/matadorbv.com\/de\/wp-json\/wp\/v2\/media\/23255"}],"wp:attachment":[{"href":"https:\/\/matadorbv.com\/de\/wp-json\/wp\/v2\/media?parent=28845"}],"wp:term":[{"taxonomy":"product_brand","embeddable":true,"href":"https:\/\/matadorbv.com\/de\/wp-json\/wp\/v2\/product_brand?post=28845"},{"taxonomy":"product_cat","embeddable":true,"href":"https:\/\/matadorbv.com\/de\/wp-json\/wp\/v2\/product_cat?post=28845"},{"taxonomy":"product_tag","embeddable":true,"href":"https:\/\/matadorbv.com\/de\/wp-json\/wp\/v2\/product_tag?post=28845"}],"curies":[{"name":"wp","href":"https:\/\/api.w.org\/{rel}","templated":true}]}}