{"id":28239,"date":"2023-05-09T13:30:51","date_gmt":"2023-05-09T11:30:51","guid":{"rendered":"https:\/\/matadorbv.com\/product\/17616-schubkarre-easy-rider-mit-hebeosen\/"},"modified":"2023-11-22T12:00:38","modified_gmt":"2023-11-22T11:00:38","slug":"17616-schubkarre-easy-rider-mit-hebeosen","status":"publish","type":"product","link":"https:\/\/matadorbv.com\/de\/produkt\/17616-schubkarre-easy-rider-mit-hebeosen\/","title":{"rendered":"17616 SCHUBKARRE EASY-RIDER MIT HEBE\u00d6SEN"},"content":{"rendered":"<p>Sehr robuste Schubkarre mit Hebe\u00f6sen und Xtra breitem pannensicherem Reifen, Deckel. 80 Liter<br \/>\nM-115-CT Easy-Rider ist eine Bauschubkarre mit Hebe\u00f6sen und Xtra-Breitreifen.<br \/>\npannensicherer Bereifung.<br \/>\n&#8211; St\u00e4rker &#8211; noch ergonomischer!<br \/>\n&#8211; Weniger Gewicht bei voller Beladung.<br \/>\n&#8211; Starke rechteckige Wanne (1,2 mm), mit Wannenst\u00fctze.<br \/>\n&#8211; Grundrahmen aus Ovalrohr 38x20mm.<br \/>\n&#8211; Sehr stabiles Fahrgestell aus 25 mm Rundrohr.<br \/>\n&#8211; Durchgehender Ovalrohrrahmen und R\u00fccken unter der Wanne.<br \/>\n&#8211; Verbesserte Auswuchtung.<br \/>\n&#8211; Stahlfelge mit doppelt geschlossenen Kugellagern.<br \/>\n&#8211; Ergonomisch durch h\u00f6her angebrachte Griffe (610mm), weniger B\u00fccken,<br \/>\nleichter zu heben.<br \/>\n&#8211; Barrierefreie Entleerung.<br \/>\n&#8211; Ergonomische Sicherheitsgriffe aus Naturgummi, die speziell an die Form der Hand<br \/>\nder Hand angepasst.<br \/>\n&#8211; Verschlei\u00dfkappen zur Verl\u00e4ngerung der Lebensdauer der Beine.<br \/>\n&#8211; Horizontaler Griff, so dass das Handgelenk gerade und nicht abgeknickt ist und 4 statt<br \/>\nstatt 2 Finger tragen die Last.<br \/>\n&#8211; Einfaches und leichtes Entleeren durch den unteren Vorderkopf.<br \/>\nSicherheitshinweise:<br \/>\n&#8211; Pr\u00fcfen Sie die Schubkarre vor dem Anheben auf Sch\u00e4den oder \u00fcberm\u00e4\u00dfigen Rost.<br \/>\n&#8211; Heben Sie diese Schubkarre nur mit einem zertifizierten gleichseitigen 4-Bein-Gurt mit einer Mindestbeinl\u00e4nge von 1 Meter.<br \/>\n&#8211; Verwenden Sie nur Haken oder Sch\u00e4kel in den Hebe\u00f6sen der Schubkarre, keine Hebegurte.<br \/>\n&#8211; Die Schubkarre hat eine maximale Tragf\u00e4higkeit von 200 kg.<br \/>\n&#8211; Verwenden Sie die Schubkarre nicht zum Heben von Personen.<br \/>\n&#8211; Heben Sie die Schubkarre nie \u00fcber Personen.<br \/>\n&#8211; Modifikationen an der Schubkarre sind nicht erlaubt.<br \/>\n&#8211; Befestigen Sie die Hebe\u00f6sen nicht an anderen Gegenst\u00e4nden.<br \/>\n&#8211; Stellen Sie sicher, dass sich der Schwerpunkt der Last zwischen den Hebe\u00f6sen befindet.<br \/>\n&#8211; Die Last muss sich innerhalb der Schubkarrenwanne befinden und darf nicht herausragen.<br \/>\n&#8211; Ersetzen Sie die Kennzeichnung der maximalen Tragf\u00e4higkeit, wenn sie unleserlich geworden ist.<\/p>\n<p>&nbsp;<\/p>\n<p><iframe title=\"Matador - Quality &amp; Service that work\" width=\"800\" height=\"450\" src=\"https:\/\/www.youtube.com\/embed\/7U2FhjZyGAo?feature=oembed\" frameborder=\"0\" allow=\"accelerometer; autoplay; clipboard-write; encrypted-media; gyroscope; picture-in-picture; web-share\" allowfullscreen><\/iframe><\/p>\n","protected":false},"excerpt":{"rendered":"<p>Sehr robuste Schubkarre mit Hebe\u00f6sen und Xtra breitem pannensicherem Reifen, Deckel. 80 Liter M-115-CT Easy-Rider ist eine Bauschubkarre mit Hebe\u00f6sen und Xtra-Breitreifen. pannensicherer Bereifung. &#8211; St\u00e4rker &#8211; noch ergonomischer! &#8211; Weniger Gewicht bei voller Beladung. &#8211; Starke rechteckige Wanne (1,2 mm), mit Wannenst\u00fctze. &#8211; Grundrahmen aus Ovalrohr 38x20mm. &#8211; Sehr stabiles Fahrgestell aus 25 mm [&hellip;]<\/p>\n","protected":false},"featured_media":24291,"template":"","meta":[],"product_brand":[],"product_cat":[2418],"product_tag":[],"class_list":{"0":"post-28239","1":"product","2":"type-product","3":"status-publish","4":"has-post-thumbnail","6":"product_cat-wheelbarrows-de","8":"first","9":"instock","10":"shipping-taxable","11":"purchasable","12":"product-type-simple"},"yoast_head":"<!-- This site is optimized with the Yoast SEO plugin v25.4 - https:\/\/yoast.com\/wordpress\/plugins\/seo\/ -->\n<title>17616 SCHUBKARRE EASY-RIDER MIT HEBE\u00d6SEN - MATADOR<\/title>\n<meta name=\"robots\" content=\"index, follow, max-snippet:-1, max-image-preview:large, max-video-preview:-1\" \/>\n<link rel=\"canonical\" href=\"https:\/\/matadorbv.com\/de\/produkt\/17616-schubkarre-easy-rider-mit-hebeosen\/\" \/>\n<meta property=\"og:locale\" content=\"de_DE\" \/>\n<meta property=\"og:type\" content=\"article\" \/>\n<meta property=\"og:title\" content=\"17616 SCHUBKARRE EASY-RIDER MIT HEBE\u00d6SEN - MATADOR\" \/>\n<meta property=\"og:description\" content=\"Sehr robuste Schubkarre mit Hebe\u00f6sen und Xtra breitem pannensicherem Reifen, Deckel. 80 Liter M-115-CT Easy-Rider ist eine Bauschubkarre mit Hebe\u00f6sen und Xtra-Breitreifen. pannensicherer Bereifung. &#8211; St\u00e4rker &#8211; noch ergonomischer! &#8211; Weniger Gewicht bei voller Beladung. &#8211; Starke rechteckige Wanne (1,2 mm), mit Wannenst\u00fctze. &#8211; Grundrahmen aus Ovalrohr 38x20mm. &#8211; Sehr stabiles Fahrgestell aus 25 mm [&hellip;]\" \/>\n<meta property=\"og:url\" content=\"https:\/\/matadorbv.com\/de\/produkt\/17616-schubkarre-easy-rider-mit-hebeosen\/\" \/>\n<meta property=\"og:site_name\" content=\"MATADOR\" \/>\n<meta property=\"article:modified_time\" content=\"2023-11-22T11:00:38+00:00\" \/>\n<meta property=\"og:image\" content=\"https:\/\/matadorbv.com\/wp-content\/uploads\/17616-M-115-WB-MET_HIJSOGEN_2549.jpg\" \/>\n\t<meta property=\"og:image:width\" content=\"1500\" \/>\n\t<meta property=\"og:image:height\" content=\"1500\" \/>\n\t<meta property=\"og:image:type\" content=\"image\/jpeg\" \/>\n<meta name=\"twitter:card\" content=\"summary_large_image\" \/>\n<meta name=\"twitter:label1\" content=\"Gesch\u00e4tzte Lesezeit\" \/>\n\t<meta name=\"twitter:data1\" content=\"2\u00a0Minuten\" \/>\n<script type=\"application\/ld+json\" class=\"yoast-schema-graph\">{\"@context\":\"https:\/\/schema.org\",\"@graph\":[{\"@type\":\"WebPage\",\"@id\":\"https:\/\/matadorbv.com\/de\/produkt\/17616-schubkarre-easy-rider-mit-hebeosen\/\",\"url\":\"https:\/\/matadorbv.com\/de\/produkt\/17616-schubkarre-easy-rider-mit-hebeosen\/\",\"name\":\"17616 SCHUBKARRE EASY-RIDER MIT HEBE\u00d6SEN - MATADOR\",\"isPartOf\":{\"@id\":\"https:\/\/matadorbv.com\/de\/#website\"},\"primaryImageOfPage\":{\"@id\":\"https:\/\/matadorbv.com\/de\/produkt\/17616-schubkarre-easy-rider-mit-hebeosen\/#primaryimage\"},\"image\":{\"@id\":\"https:\/\/matadorbv.com\/de\/produkt\/17616-schubkarre-easy-rider-mit-hebeosen\/#primaryimage\"},\"thumbnailUrl\":\"https:\/\/matadorbv.com\/wp-content\/uploads\/17616-M-115-WB-MET_HIJSOGEN_2549.jpg\",\"datePublished\":\"2023-05-09T11:30:51+00:00\",\"dateModified\":\"2023-11-22T11:00:38+00:00\",\"breadcrumb\":{\"@id\":\"https:\/\/matadorbv.com\/de\/produkt\/17616-schubkarre-easy-rider-mit-hebeosen\/#breadcrumb\"},\"inLanguage\":\"de\",\"potentialAction\":[{\"@type\":\"ReadAction\",\"target\":[\"https:\/\/matadorbv.com\/de\/produkt\/17616-schubkarre-easy-rider-mit-hebeosen\/\"]}]},{\"@type\":\"ImageObject\",\"inLanguage\":\"de\",\"@id\":\"https:\/\/matadorbv.com\/de\/produkt\/17616-schubkarre-easy-rider-mit-hebeosen\/#primaryimage\",\"url\":\"https:\/\/matadorbv.com\/wp-content\/uploads\/17616-M-115-WB-MET_HIJSOGEN_2549.jpg\",\"contentUrl\":\"https:\/\/matadorbv.com\/wp-content\/uploads\/17616-M-115-WB-MET_HIJSOGEN_2549.jpg\",\"width\":1500,\"height\":1500},{\"@type\":\"BreadcrumbList\",\"@id\":\"https:\/\/matadorbv.com\/de\/produkt\/17616-schubkarre-easy-rider-mit-hebeosen\/#breadcrumb\",\"itemListElement\":[{\"@type\":\"ListItem\",\"position\":1,\"name\":\"Home\",\"item\":\"https:\/\/matadorbv.com\/de\/\"},{\"@type\":\"ListItem\",\"position\":2,\"name\":\"Alle Produkte\",\"item\":\"https:\/\/matadorbv.com\/de\/shop\/\"},{\"@type\":\"ListItem\",\"position\":3,\"name\":\"17616 SCHUBKARRE EASY-RIDER MIT HEBE\u00d6SEN\"}]},{\"@type\":\"WebSite\",\"@id\":\"https:\/\/matadorbv.com\/de\/#website\",\"url\":\"https:\/\/matadorbv.com\/de\/\",\"name\":\"MATADOR\",\"description\":\" for solid products - Since 1895 Dutch manufacturer, supplier, wholesaler and expert in the steel area.\",\"publisher\":{\"@id\":\"https:\/\/matadorbv.com\/de\/#organization\"},\"potentialAction\":[{\"@type\":\"SearchAction\",\"target\":{\"@type\":\"EntryPoint\",\"urlTemplate\":\"https:\/\/matadorbv.com\/de\/?s={search_term_string}\"},\"query-input\":{\"@type\":\"PropertyValueSpecification\",\"valueRequired\":true,\"valueName\":\"search_term_string\"}}],\"inLanguage\":\"de\"},{\"@type\":\"Organization\",\"@id\":\"https:\/\/matadorbv.com\/de\/#organization\",\"name\":\"MATADOR\",\"url\":\"https:\/\/matadorbv.com\/de\/\",\"logo\":{\"@type\":\"ImageObject\",\"inLanguage\":\"de\",\"@id\":\"https:\/\/matadorbv.com\/de\/#\/schema\/logo\/image\/\",\"url\":\"https:\/\/matadorbv.com\/wp-content\/uploads\/cropped-22MAT003-Matador-Logo-tagline-RGB-Black-BG.png\",\"contentUrl\":\"https:\/\/matadorbv.com\/wp-content\/uploads\/cropped-22MAT003-Matador-Logo-tagline-RGB-Black-BG.png\",\"width\":1200,\"height\":342,\"caption\":\"MATADOR\"},\"image\":{\"@id\":\"https:\/\/matadorbv.com\/de\/#\/schema\/logo\/image\/\"}}]}<\/script>\n<!-- \/ Yoast SEO plugin. -->","yoast_head_json":{"title":"17616 SCHUBKARRE EASY-RIDER MIT HEBE\u00d6SEN - MATADOR","robots":{"index":"index","follow":"follow","max-snippet":"max-snippet:-1","max-image-preview":"max-image-preview:large","max-video-preview":"max-video-preview:-1"},"canonical":"https:\/\/matadorbv.com\/de\/produkt\/17616-schubkarre-easy-rider-mit-hebeosen\/","og_locale":"de_DE","og_type":"article","og_title":"17616 SCHUBKARRE EASY-RIDER MIT HEBE\u00d6SEN - MATADOR","og_description":"Sehr robuste Schubkarre mit Hebe\u00f6sen und Xtra breitem pannensicherem Reifen, Deckel. 80 Liter M-115-CT Easy-Rider ist eine Bauschubkarre mit Hebe\u00f6sen und Xtra-Breitreifen. pannensicherer Bereifung. &#8211; St\u00e4rker &#8211; noch ergonomischer! &#8211; Weniger Gewicht bei voller Beladung. &#8211; Starke rechteckige Wanne (1,2 mm), mit Wannenst\u00fctze. &#8211; Grundrahmen aus Ovalrohr 38x20mm. &#8211; Sehr stabiles Fahrgestell aus 25 mm [&hellip;]","og_url":"https:\/\/matadorbv.com\/de\/produkt\/17616-schubkarre-easy-rider-mit-hebeosen\/","og_site_name":"MATADOR","article_modified_time":"2023-11-22T11:00:38+00:00","og_image":[{"width":1500,"height":1500,"url":"https:\/\/matadorbv.com\/wp-content\/uploads\/17616-M-115-WB-MET_HIJSOGEN_2549.jpg","type":"image\/jpeg"}],"twitter_card":"summary_large_image","twitter_misc":{"Gesch\u00e4tzte Lesezeit":"2\u00a0Minuten"},"schema":{"@context":"https:\/\/schema.org","@graph":[{"@type":"WebPage","@id":"https:\/\/matadorbv.com\/de\/produkt\/17616-schubkarre-easy-rider-mit-hebeosen\/","url":"https:\/\/matadorbv.com\/de\/produkt\/17616-schubkarre-easy-rider-mit-hebeosen\/","name":"17616 SCHUBKARRE EASY-RIDER MIT HEBE\u00d6SEN - MATADOR","isPartOf":{"@id":"https:\/\/matadorbv.com\/de\/#website"},"primaryImageOfPage":{"@id":"https:\/\/matadorbv.com\/de\/produkt\/17616-schubkarre-easy-rider-mit-hebeosen\/#primaryimage"},"image":{"@id":"https:\/\/matadorbv.com\/de\/produkt\/17616-schubkarre-easy-rider-mit-hebeosen\/#primaryimage"},"thumbnailUrl":"https:\/\/matadorbv.com\/wp-content\/uploads\/17616-M-115-WB-MET_HIJSOGEN_2549.jpg","datePublished":"2023-05-09T11:30:51+00:00","dateModified":"2023-11-22T11:00:38+00:00","breadcrumb":{"@id":"https:\/\/matadorbv.com\/de\/produkt\/17616-schubkarre-easy-rider-mit-hebeosen\/#breadcrumb"},"inLanguage":"de","potentialAction":[{"@type":"ReadAction","target":["https:\/\/matadorbv.com\/de\/produkt\/17616-schubkarre-easy-rider-mit-hebeosen\/"]}]},{"@type":"ImageObject","inLanguage":"de","@id":"https:\/\/matadorbv.com\/de\/produkt\/17616-schubkarre-easy-rider-mit-hebeosen\/#primaryimage","url":"https:\/\/matadorbv.com\/wp-content\/uploads\/17616-M-115-WB-MET_HIJSOGEN_2549.jpg","contentUrl":"https:\/\/matadorbv.com\/wp-content\/uploads\/17616-M-115-WB-MET_HIJSOGEN_2549.jpg","width":1500,"height":1500},{"@type":"BreadcrumbList","@id":"https:\/\/matadorbv.com\/de\/produkt\/17616-schubkarre-easy-rider-mit-hebeosen\/#breadcrumb","itemListElement":[{"@type":"ListItem","position":1,"name":"Home","item":"https:\/\/matadorbv.com\/de\/"},{"@type":"ListItem","position":2,"name":"Alle Produkte","item":"https:\/\/matadorbv.com\/de\/shop\/"},{"@type":"ListItem","position":3,"name":"17616 SCHUBKARRE EASY-RIDER MIT HEBE\u00d6SEN"}]},{"@type":"WebSite","@id":"https:\/\/matadorbv.com\/de\/#website","url":"https:\/\/matadorbv.com\/de\/","name":"MATADOR","description":" for solid products - Since 1895 Dutch manufacturer, supplier, wholesaler and expert in the steel area.","publisher":{"@id":"https:\/\/matadorbv.com\/de\/#organization"},"potentialAction":[{"@type":"SearchAction","target":{"@type":"EntryPoint","urlTemplate":"https:\/\/matadorbv.com\/de\/?s={search_term_string}"},"query-input":{"@type":"PropertyValueSpecification","valueRequired":true,"valueName":"search_term_string"}}],"inLanguage":"de"},{"@type":"Organization","@id":"https:\/\/matadorbv.com\/de\/#organization","name":"MATADOR","url":"https:\/\/matadorbv.com\/de\/","logo":{"@type":"ImageObject","inLanguage":"de","@id":"https:\/\/matadorbv.com\/de\/#\/schema\/logo\/image\/","url":"https:\/\/matadorbv.com\/wp-content\/uploads\/cropped-22MAT003-Matador-Logo-tagline-RGB-Black-BG.png","contentUrl":"https:\/\/matadorbv.com\/wp-content\/uploads\/cropped-22MAT003-Matador-Logo-tagline-RGB-Black-BG.png","width":1200,"height":342,"caption":"MATADOR"},"image":{"@id":"https:\/\/matadorbv.com\/de\/#\/schema\/logo\/image\/"}}]}},"_links":{"self":[{"href":"https:\/\/matadorbv.com\/de\/wp-json\/wp\/v2\/product\/28239","targetHints":{"allow":["GET"]}}],"collection":[{"href":"https:\/\/matadorbv.com\/de\/wp-json\/wp\/v2\/product"}],"about":[{"href":"https:\/\/matadorbv.com\/de\/wp-json\/wp\/v2\/types\/product"}],"wp:featuredmedia":[{"embeddable":true,"href":"https:\/\/matadorbv.com\/de\/wp-json\/wp\/v2\/media\/24291"}],"wp:attachment":[{"href":"https:\/\/matadorbv.com\/de\/wp-json\/wp\/v2\/media?parent=28239"}],"wp:term":[{"taxonomy":"product_brand","embeddable":true,"href":"https:\/\/matadorbv.com\/de\/wp-json\/wp\/v2\/product_brand?post=28239"},{"taxonomy":"product_cat","embeddable":true,"href":"https:\/\/matadorbv.com\/de\/wp-json\/wp\/v2\/product_cat?post=28239"},{"taxonomy":"product_tag","embeddable":true,"href":"https:\/\/matadorbv.com\/de\/wp-json\/wp\/v2\/product_tag?post=28239"}],"curies":[{"name":"wp","href":"https:\/\/api.w.org\/{rel}","templated":true}]}}