{"id":28198,"date":"2023-02-07T13:51:02","date_gmt":"2023-02-07T12:51:02","guid":{"rendered":"https:\/\/matadorbv.com\/product\/18167-standard-bauschubkarre-mit-extra-breitem-pannensicherem-reifen\/"},"modified":"2023-11-22T11:28:33","modified_gmt":"2023-11-22T10:28:33","slug":"18167-standard-bauschubkarre-mit-extra-breitem-pannensicherem-reifen","status":"publish","type":"product","link":"https:\/\/matadorbv.com\/de\/produkt\/18167-standard-bauschubkarre-mit-extra-breitem-pannensicherem-reifen\/","title":{"rendered":"18167 Standard-Bauschubkarre mit extra breitem, pannensicherem Reifen"},"content":{"rendered":"<p>EAN CODE: 8719638511445<\/p>\n<p>M-110-CT ist eine Standard-Schubkarre mit einem extra breiten, pannensicheren Reifen.<\/p>\n<p>Wanne (1,2 mm) von 80 Litern.<br \/>\nVerschlei\u00dfpolster zur Verl\u00e4ngerung der Lebensdauer der Beine.<br \/>\nErgonomische, handgeformte Griffe aus Naturkautschuk.<br \/>\nStahlfelge mit doppelt geschlossenem Kugellager.<br \/>\nPannensicherer Reifen (gesch\u00e4umtes Polyurethan).<br \/>\nMit grauer Pulverbeschichtung (l\u00f6sungsmittelfrei, weniger<br \/>\nweniger umweltsch\u00e4dlich).<\/p>\n<p>&nbsp;<\/p>\n<p><iframe title=\"Matador - Quality &amp; Service that work\" width=\"800\" height=\"450\" src=\"https:\/\/www.youtube.com\/embed\/7U2FhjZyGAo?feature=oembed\" frameborder=\"0\" allow=\"accelerometer; autoplay; clipboard-write; encrypted-media; gyroscope; picture-in-picture; web-share\" allowfullscreen><\/iframe><\/p>\n","protected":false},"excerpt":{"rendered":"<p>EAN CODE: 8719638511445 M-110-CT ist eine Standard-Schubkarre mit einem extra breiten, pannensicheren Reifen. Wanne (1,2 mm) von 80 Litern. Verschlei\u00dfpolster zur Verl\u00e4ngerung der Lebensdauer der Beine. Ergonomische, handgeformte Griffe aus Naturkautschuk. Stahlfelge mit doppelt geschlossenem Kugellager. Pannensicherer Reifen (gesch\u00e4umtes Polyurethan). Mit grauer Pulverbeschichtung (l\u00f6sungsmittelfrei, weniger weniger umweltsch\u00e4dlich). &nbsp;<\/p>\n","protected":false},"featured_media":22737,"template":"","meta":[],"product_brand":[],"product_cat":[2418],"product_tag":[],"class_list":{"0":"post-28198","1":"product","2":"type-product","3":"status-publish","4":"has-post-thumbnail","6":"product_cat-wheelbarrows-de","8":"first","9":"instock","10":"shipping-taxable","11":"purchasable","12":"product-type-simple"},"yoast_head":"<!-- This site is optimized with the Yoast SEO plugin v25.4 - https:\/\/yoast.com\/wordpress\/plugins\/seo\/ -->\n<title>18167 Standard-Bauschubkarre mit extra breitem, pannensicherem Reifen - MATADOR<\/title>\n<meta name=\"robots\" content=\"index, follow, max-snippet:-1, max-image-preview:large, max-video-preview:-1\" \/>\n<link rel=\"canonical\" href=\"https:\/\/matadorbv.com\/de\/produkt\/18167-standard-bauschubkarre-mit-extra-breitem-pannensicherem-reifen\/\" \/>\n<meta property=\"og:locale\" content=\"de_DE\" \/>\n<meta property=\"og:type\" content=\"article\" \/>\n<meta property=\"og:title\" content=\"18167 Standard-Bauschubkarre mit extra breitem, pannensicherem Reifen - MATADOR\" \/>\n<meta property=\"og:description\" content=\"EAN CODE: 8719638511445 M-110-CT ist eine Standard-Schubkarre mit einem extra breiten, pannensicheren Reifen. Wanne (1,2 mm) von 80 Litern. Verschlei\u00dfpolster zur Verl\u00e4ngerung der Lebensdauer der Beine. Ergonomische, handgeformte Griffe aus Naturkautschuk. Stahlfelge mit doppelt geschlossenem Kugellager. Pannensicherer Reifen (gesch\u00e4umtes Polyurethan). Mit grauer Pulverbeschichtung (l\u00f6sungsmittelfrei, weniger weniger umweltsch\u00e4dlich). &nbsp;\" \/>\n<meta property=\"og:url\" content=\"https:\/\/matadorbv.com\/de\/produkt\/18167-standard-bauschubkarre-mit-extra-breitem-pannensicherem-reifen\/\" \/>\n<meta property=\"og:site_name\" content=\"MATADOR\" \/>\n<meta property=\"article:modified_time\" content=\"2023-11-22T10:28:33+00:00\" \/>\n<meta property=\"og:image\" content=\"https:\/\/matadorbv.com\/wp-content\/uploads\/18167-M-110-CT-WB-ISO-kopie.jpg\" \/>\n\t<meta property=\"og:image:width\" content=\"1200\" \/>\n\t<meta property=\"og:image:height\" content=\"1200\" \/>\n\t<meta property=\"og:image:type\" content=\"image\/jpeg\" \/>\n<meta name=\"twitter:card\" content=\"summary_large_image\" \/>\n<meta name=\"twitter:label1\" content=\"Gesch\u00e4tzte Lesezeit\" \/>\n\t<meta name=\"twitter:data1\" content=\"1\u00a0Minute\" \/>\n<script type=\"application\/ld+json\" class=\"yoast-schema-graph\">{\"@context\":\"https:\/\/schema.org\",\"@graph\":[{\"@type\":\"WebPage\",\"@id\":\"https:\/\/matadorbv.com\/de\/produkt\/18167-standard-bauschubkarre-mit-extra-breitem-pannensicherem-reifen\/\",\"url\":\"https:\/\/matadorbv.com\/de\/produkt\/18167-standard-bauschubkarre-mit-extra-breitem-pannensicherem-reifen\/\",\"name\":\"18167 Standard-Bauschubkarre mit extra breitem, pannensicherem Reifen - MATADOR\",\"isPartOf\":{\"@id\":\"https:\/\/matadorbv.com\/de\/#website\"},\"primaryImageOfPage\":{\"@id\":\"https:\/\/matadorbv.com\/de\/produkt\/18167-standard-bauschubkarre-mit-extra-breitem-pannensicherem-reifen\/#primaryimage\"},\"image\":{\"@id\":\"https:\/\/matadorbv.com\/de\/produkt\/18167-standard-bauschubkarre-mit-extra-breitem-pannensicherem-reifen\/#primaryimage\"},\"thumbnailUrl\":\"https:\/\/matadorbv.com\/wp-content\/uploads\/18167-M-110-CT-WB-ISO-kopie.jpg\",\"datePublished\":\"2023-02-07T12:51:02+00:00\",\"dateModified\":\"2023-11-22T10:28:33+00:00\",\"breadcrumb\":{\"@id\":\"https:\/\/matadorbv.com\/de\/produkt\/18167-standard-bauschubkarre-mit-extra-breitem-pannensicherem-reifen\/#breadcrumb\"},\"inLanguage\":\"de\",\"potentialAction\":[{\"@type\":\"ReadAction\",\"target\":[\"https:\/\/matadorbv.com\/de\/produkt\/18167-standard-bauschubkarre-mit-extra-breitem-pannensicherem-reifen\/\"]}]},{\"@type\":\"ImageObject\",\"inLanguage\":\"de\",\"@id\":\"https:\/\/matadorbv.com\/de\/produkt\/18167-standard-bauschubkarre-mit-extra-breitem-pannensicherem-reifen\/#primaryimage\",\"url\":\"https:\/\/matadorbv.com\/wp-content\/uploads\/18167-M-110-CT-WB-ISO-kopie.jpg\",\"contentUrl\":\"https:\/\/matadorbv.com\/wp-content\/uploads\/18167-M-110-CT-WB-ISO-kopie.jpg\",\"width\":1200,\"height\":1200},{\"@type\":\"BreadcrumbList\",\"@id\":\"https:\/\/matadorbv.com\/de\/produkt\/18167-standard-bauschubkarre-mit-extra-breitem-pannensicherem-reifen\/#breadcrumb\",\"itemListElement\":[{\"@type\":\"ListItem\",\"position\":1,\"name\":\"Home\",\"item\":\"https:\/\/matadorbv.com\/de\/\"},{\"@type\":\"ListItem\",\"position\":2,\"name\":\"Alle Produkte\",\"item\":\"https:\/\/matadorbv.com\/de\/shop\/\"},{\"@type\":\"ListItem\",\"position\":3,\"name\":\"18167 Standard-Bauschubkarre mit extra breitem, pannensicherem Reifen\"}]},{\"@type\":\"WebSite\",\"@id\":\"https:\/\/matadorbv.com\/de\/#website\",\"url\":\"https:\/\/matadorbv.com\/de\/\",\"name\":\"MATADOR\",\"description\":\" for solid products - Since 1895 Dutch manufacturer, supplier, wholesaler and expert in the steel area.\",\"publisher\":{\"@id\":\"https:\/\/matadorbv.com\/de\/#organization\"},\"potentialAction\":[{\"@type\":\"SearchAction\",\"target\":{\"@type\":\"EntryPoint\",\"urlTemplate\":\"https:\/\/matadorbv.com\/de\/?s={search_term_string}\"},\"query-input\":{\"@type\":\"PropertyValueSpecification\",\"valueRequired\":true,\"valueName\":\"search_term_string\"}}],\"inLanguage\":\"de\"},{\"@type\":\"Organization\",\"@id\":\"https:\/\/matadorbv.com\/de\/#organization\",\"name\":\"MATADOR\",\"url\":\"https:\/\/matadorbv.com\/de\/\",\"logo\":{\"@type\":\"ImageObject\",\"inLanguage\":\"de\",\"@id\":\"https:\/\/matadorbv.com\/de\/#\/schema\/logo\/image\/\",\"url\":\"https:\/\/matadorbv.com\/wp-content\/uploads\/cropped-22MAT003-Matador-Logo-tagline-RGB-Black-BG.png\",\"contentUrl\":\"https:\/\/matadorbv.com\/wp-content\/uploads\/cropped-22MAT003-Matador-Logo-tagline-RGB-Black-BG.png\",\"width\":1200,\"height\":342,\"caption\":\"MATADOR\"},\"image\":{\"@id\":\"https:\/\/matadorbv.com\/de\/#\/schema\/logo\/image\/\"}}]}<\/script>\n<!-- \/ Yoast SEO plugin. -->","yoast_head_json":{"title":"18167 Standard-Bauschubkarre mit extra breitem, pannensicherem Reifen - MATADOR","robots":{"index":"index","follow":"follow","max-snippet":"max-snippet:-1","max-image-preview":"max-image-preview:large","max-video-preview":"max-video-preview:-1"},"canonical":"https:\/\/matadorbv.com\/de\/produkt\/18167-standard-bauschubkarre-mit-extra-breitem-pannensicherem-reifen\/","og_locale":"de_DE","og_type":"article","og_title":"18167 Standard-Bauschubkarre mit extra breitem, pannensicherem Reifen - MATADOR","og_description":"EAN CODE: 8719638511445 M-110-CT ist eine Standard-Schubkarre mit einem extra breiten, pannensicheren Reifen. Wanne (1,2 mm) von 80 Litern. Verschlei\u00dfpolster zur Verl\u00e4ngerung der Lebensdauer der Beine. Ergonomische, handgeformte Griffe aus Naturkautschuk. Stahlfelge mit doppelt geschlossenem Kugellager. Pannensicherer Reifen (gesch\u00e4umtes Polyurethan). Mit grauer Pulverbeschichtung (l\u00f6sungsmittelfrei, weniger weniger umweltsch\u00e4dlich). &nbsp;","og_url":"https:\/\/matadorbv.com\/de\/produkt\/18167-standard-bauschubkarre-mit-extra-breitem-pannensicherem-reifen\/","og_site_name":"MATADOR","article_modified_time":"2023-11-22T10:28:33+00:00","og_image":[{"width":1200,"height":1200,"url":"https:\/\/matadorbv.com\/wp-content\/uploads\/18167-M-110-CT-WB-ISO-kopie.jpg","type":"image\/jpeg"}],"twitter_card":"summary_large_image","twitter_misc":{"Gesch\u00e4tzte Lesezeit":"1\u00a0Minute"},"schema":{"@context":"https:\/\/schema.org","@graph":[{"@type":"WebPage","@id":"https:\/\/matadorbv.com\/de\/produkt\/18167-standard-bauschubkarre-mit-extra-breitem-pannensicherem-reifen\/","url":"https:\/\/matadorbv.com\/de\/produkt\/18167-standard-bauschubkarre-mit-extra-breitem-pannensicherem-reifen\/","name":"18167 Standard-Bauschubkarre mit extra breitem, pannensicherem Reifen - MATADOR","isPartOf":{"@id":"https:\/\/matadorbv.com\/de\/#website"},"primaryImageOfPage":{"@id":"https:\/\/matadorbv.com\/de\/produkt\/18167-standard-bauschubkarre-mit-extra-breitem-pannensicherem-reifen\/#primaryimage"},"image":{"@id":"https:\/\/matadorbv.com\/de\/produkt\/18167-standard-bauschubkarre-mit-extra-breitem-pannensicherem-reifen\/#primaryimage"},"thumbnailUrl":"https:\/\/matadorbv.com\/wp-content\/uploads\/18167-M-110-CT-WB-ISO-kopie.jpg","datePublished":"2023-02-07T12:51:02+00:00","dateModified":"2023-11-22T10:28:33+00:00","breadcrumb":{"@id":"https:\/\/matadorbv.com\/de\/produkt\/18167-standard-bauschubkarre-mit-extra-breitem-pannensicherem-reifen\/#breadcrumb"},"inLanguage":"de","potentialAction":[{"@type":"ReadAction","target":["https:\/\/matadorbv.com\/de\/produkt\/18167-standard-bauschubkarre-mit-extra-breitem-pannensicherem-reifen\/"]}]},{"@type":"ImageObject","inLanguage":"de","@id":"https:\/\/matadorbv.com\/de\/produkt\/18167-standard-bauschubkarre-mit-extra-breitem-pannensicherem-reifen\/#primaryimage","url":"https:\/\/matadorbv.com\/wp-content\/uploads\/18167-M-110-CT-WB-ISO-kopie.jpg","contentUrl":"https:\/\/matadorbv.com\/wp-content\/uploads\/18167-M-110-CT-WB-ISO-kopie.jpg","width":1200,"height":1200},{"@type":"BreadcrumbList","@id":"https:\/\/matadorbv.com\/de\/produkt\/18167-standard-bauschubkarre-mit-extra-breitem-pannensicherem-reifen\/#breadcrumb","itemListElement":[{"@type":"ListItem","position":1,"name":"Home","item":"https:\/\/matadorbv.com\/de\/"},{"@type":"ListItem","position":2,"name":"Alle Produkte","item":"https:\/\/matadorbv.com\/de\/shop\/"},{"@type":"ListItem","position":3,"name":"18167 Standard-Bauschubkarre mit extra breitem, pannensicherem Reifen"}]},{"@type":"WebSite","@id":"https:\/\/matadorbv.com\/de\/#website","url":"https:\/\/matadorbv.com\/de\/","name":"MATADOR","description":" for solid products - Since 1895 Dutch manufacturer, supplier, wholesaler and expert in the steel area.","publisher":{"@id":"https:\/\/matadorbv.com\/de\/#organization"},"potentialAction":[{"@type":"SearchAction","target":{"@type":"EntryPoint","urlTemplate":"https:\/\/matadorbv.com\/de\/?s={search_term_string}"},"query-input":{"@type":"PropertyValueSpecification","valueRequired":true,"valueName":"search_term_string"}}],"inLanguage":"de"},{"@type":"Organization","@id":"https:\/\/matadorbv.com\/de\/#organization","name":"MATADOR","url":"https:\/\/matadorbv.com\/de\/","logo":{"@type":"ImageObject","inLanguage":"de","@id":"https:\/\/matadorbv.com\/de\/#\/schema\/logo\/image\/","url":"https:\/\/matadorbv.com\/wp-content\/uploads\/cropped-22MAT003-Matador-Logo-tagline-RGB-Black-BG.png","contentUrl":"https:\/\/matadorbv.com\/wp-content\/uploads\/cropped-22MAT003-Matador-Logo-tagline-RGB-Black-BG.png","width":1200,"height":342,"caption":"MATADOR"},"image":{"@id":"https:\/\/matadorbv.com\/de\/#\/schema\/logo\/image\/"}}]}},"_links":{"self":[{"href":"https:\/\/matadorbv.com\/de\/wp-json\/wp\/v2\/product\/28198","targetHints":{"allow":["GET"]}}],"collection":[{"href":"https:\/\/matadorbv.com\/de\/wp-json\/wp\/v2\/product"}],"about":[{"href":"https:\/\/matadorbv.com\/de\/wp-json\/wp\/v2\/types\/product"}],"wp:featuredmedia":[{"embeddable":true,"href":"https:\/\/matadorbv.com\/de\/wp-json\/wp\/v2\/media\/22737"}],"wp:attachment":[{"href":"https:\/\/matadorbv.com\/de\/wp-json\/wp\/v2\/media?parent=28198"}],"wp:term":[{"taxonomy":"product_brand","embeddable":true,"href":"https:\/\/matadorbv.com\/de\/wp-json\/wp\/v2\/product_brand?post=28198"},{"taxonomy":"product_cat","embeddable":true,"href":"https:\/\/matadorbv.com\/de\/wp-json\/wp\/v2\/product_cat?post=28198"},{"taxonomy":"product_tag","embeddable":true,"href":"https:\/\/matadorbv.com\/de\/wp-json\/wp\/v2\/product_tag?post=28198"}],"curies":[{"name":"wp","href":"https:\/\/api.w.org\/{rel}","templated":true}]}}