{"id":27971,"date":"2021-01-20T01:11:09","date_gmt":"2021-01-20T00:11:09","guid":{"rendered":"https:\/\/matadorbv.com\/product\/10822-universal-schubkarre-pannensicher-produktgruppe-schubkarren\/"},"modified":"2023-11-22T09:10:47","modified_gmt":"2023-11-22T08:10:47","slug":"10822-universal-schubkarre-pannensicher-produktgruppe-schubkarren","status":"publish","type":"product","link":"https:\/\/matadorbv.com\/de\/produkt\/10822-universal-schubkarre-pannensicher-produktgruppe-schubkarren\/","title":{"rendered":"10822 Universal-Schubkarre, pannensicher, Produktgruppe: Schubkarren"},"content":{"rendered":"<p>M-100-CT ist eine universelle Schubkarre. Universelle Wanne von 80 Litern.<\/p>\n<p>Stahlfelge mit doppelt abgedichteten Kugellagern Oval ergonomische Griffe aus Naturkautschuk. Leichtere und st\u00e4rkere Flachrohre.<\/p>\n<p>Ausgestattet mit einem pannensicheren Reifen.<\/p>\n<p>Pulverbeschichtet in grau (keine L\u00f6sungsmittel, weniger umweltsch\u00e4dlich).<\/p>\n<p>Universal Wanne (1,0mm).<br \/>\nFassungsverm\u00f6gen der Wanne 80 Liter.<br \/>\nDurchgehende Wanne.<br \/>\nOvales Rohr (leichter und stabiler).<br \/>\nGriffe aus Naturkautschuk, die speziell f\u00fcr die Form Ihrer Hand entwickelt wurden.<br \/>\nPannensichere Reifen.<br \/>\nStahlfelge mit doppelt gedichteten Kugellagern.<\/p>\n<p>Gewicht: 17,7 kg.<br \/>\nFassungsverm\u00f6gen: 200 Kg. hochverdichteter, pannenfreier Reifen<br \/>\nFassungsverm\u00f6gen: 80 L<br \/>\nAbmessungen: (LxBxH) 1460x580x620mm<br \/>\nAbmessungen au\u00dferhalb der Wanne: (LxB) 890x560mm<br \/>\nAbmessungen unter der Wanne: (LxB) 400&#215;440<\/p>\n<p>Ral Farbe: 7031<\/p>\n<p>Matador Video:<\/p>\n<p><iframe title=\"Matador - Quality &amp; Service that work\" width=\"800\" height=\"450\" src=\"https:\/\/www.youtube.com\/embed\/7U2FhjZyGAo?feature=oembed\" frameborder=\"0\" allow=\"accelerometer; autoplay; clipboard-write; encrypted-media; gyroscope; picture-in-picture; web-share\" allowfullscreen><\/iframe><\/p>\n","protected":false},"excerpt":{"rendered":"<p>M-100-CT ist eine universelle Schubkarre. Universelle Wanne von 80 Litern. Stahlfelge mit doppelt abgedichteten Kugellagern Oval ergonomische Griffe aus Naturkautschuk. Leichtere und st\u00e4rkere Flachrohre. Ausgestattet mit einem pannensicheren Reifen. Pulverbeschichtet in grau (keine L\u00f6sungsmittel, weniger umweltsch\u00e4dlich). Universal Wanne (1,0mm). Fassungsverm\u00f6gen der Wanne 80 Liter. Durchgehende Wanne. Ovales Rohr (leichter und stabiler). Griffe aus Naturkautschuk, die [&hellip;]<\/p>\n","protected":false},"featured_media":12973,"template":"","meta":[],"product_brand":[],"product_cat":[2418],"product_tag":[2643,2479,2478],"class_list":{"0":"post-27971","1":"product","2":"type-product","3":"status-publish","4":"has-post-thumbnail","6":"product_cat-wheelbarrows-de","7":"product_tag-m-100-ct-de","8":"product_tag-matador-de","9":"product_tag-schubkarre-de","11":"first","12":"instock","13":"purchasable","14":"product-type-simple"},"yoast_head":"<!-- This site is optimized with the Yoast SEO plugin v25.4 - https:\/\/yoast.com\/wordpress\/plugins\/seo\/ -->\n<title>10822 Universal-Schubkarre, pannensicher, Produktgruppe: Schubkarren - MATADOR<\/title>\n<meta name=\"robots\" content=\"index, follow, max-snippet:-1, max-image-preview:large, max-video-preview:-1\" \/>\n<link rel=\"canonical\" href=\"https:\/\/matadorbv.com\/de\/produkt\/10822-universal-schubkarre-pannensicher-produktgruppe-schubkarren\/\" \/>\n<meta property=\"og:locale\" content=\"de_DE\" \/>\n<meta property=\"og:type\" content=\"article\" \/>\n<meta property=\"og:title\" content=\"10822 Universal-Schubkarre, pannensicher, Produktgruppe: Schubkarren - MATADOR\" \/>\n<meta property=\"og:description\" content=\"M-100-CT ist eine universelle Schubkarre. Universelle Wanne von 80 Litern. Stahlfelge mit doppelt abgedichteten Kugellagern Oval ergonomische Griffe aus Naturkautschuk. Leichtere und st\u00e4rkere Flachrohre. Ausgestattet mit einem pannensicheren Reifen. Pulverbeschichtet in grau (keine L\u00f6sungsmittel, weniger umweltsch\u00e4dlich). Universal Wanne (1,0mm). Fassungsverm\u00f6gen der Wanne 80 Liter. Durchgehende Wanne. Ovales Rohr (leichter und stabiler). Griffe aus Naturkautschuk, die [&hellip;]\" \/>\n<meta property=\"og:url\" content=\"https:\/\/matadorbv.com\/de\/produkt\/10822-universal-schubkarre-pannensicher-produktgruppe-schubkarren\/\" \/>\n<meta property=\"og:site_name\" content=\"MATADOR\" \/>\n<meta property=\"article:modified_time\" content=\"2023-11-22T08:10:47+00:00\" \/>\n<meta name=\"twitter:card\" content=\"summary_large_image\" \/>\n<meta name=\"twitter:label1\" content=\"Gesch\u00e4tzte Lesezeit\" \/>\n\t<meta name=\"twitter:data1\" content=\"1\u00a0Minute\" \/>\n<script type=\"application\/ld+json\" class=\"yoast-schema-graph\">{\"@context\":\"https:\/\/schema.org\",\"@graph\":[{\"@type\":\"WebPage\",\"@id\":\"https:\/\/matadorbv.com\/de\/produkt\/10822-universal-schubkarre-pannensicher-produktgruppe-schubkarren\/\",\"url\":\"https:\/\/matadorbv.com\/de\/produkt\/10822-universal-schubkarre-pannensicher-produktgruppe-schubkarren\/\",\"name\":\"10822 Universal-Schubkarre, pannensicher, Produktgruppe: Schubkarren - MATADOR\",\"isPartOf\":{\"@id\":\"https:\/\/matadorbv.com\/de\/#website\"},\"primaryImageOfPage\":{\"@id\":\"https:\/\/matadorbv.com\/de\/produkt\/10822-universal-schubkarre-pannensicher-produktgruppe-schubkarren\/#primaryimage\"},\"image\":{\"@id\":\"https:\/\/matadorbv.com\/de\/produkt\/10822-universal-schubkarre-pannensicher-produktgruppe-schubkarren\/#primaryimage\"},\"thumbnailUrl\":\"https:\/\/matadorbv.com\/wp-content\/uploads\/10822-M-100-CT-front-2.jpg\",\"datePublished\":\"2021-01-20T00:11:09+00:00\",\"dateModified\":\"2023-11-22T08:10:47+00:00\",\"breadcrumb\":{\"@id\":\"https:\/\/matadorbv.com\/de\/produkt\/10822-universal-schubkarre-pannensicher-produktgruppe-schubkarren\/#breadcrumb\"},\"inLanguage\":\"de\",\"potentialAction\":[{\"@type\":\"ReadAction\",\"target\":[\"https:\/\/matadorbv.com\/de\/produkt\/10822-universal-schubkarre-pannensicher-produktgruppe-schubkarren\/\"]}]},{\"@type\":\"ImageObject\",\"inLanguage\":\"de\",\"@id\":\"https:\/\/matadorbv.com\/de\/produkt\/10822-universal-schubkarre-pannensicher-produktgruppe-schubkarren\/#primaryimage\",\"url\":\"https:\/\/matadorbv.com\/wp-content\/uploads\/10822-M-100-CT-front-2.jpg\",\"contentUrl\":\"https:\/\/matadorbv.com\/wp-content\/uploads\/10822-M-100-CT-front-2.jpg\",\"width\":1200,\"height\":1200,\"caption\":\"Universal-Schubkarre\"},{\"@type\":\"BreadcrumbList\",\"@id\":\"https:\/\/matadorbv.com\/de\/produkt\/10822-universal-schubkarre-pannensicher-produktgruppe-schubkarren\/#breadcrumb\",\"itemListElement\":[{\"@type\":\"ListItem\",\"position\":1,\"name\":\"Home\",\"item\":\"https:\/\/matadorbv.com\/de\/\"},{\"@type\":\"ListItem\",\"position\":2,\"name\":\"Alle Produkte\",\"item\":\"https:\/\/matadorbv.com\/de\/shop\/\"},{\"@type\":\"ListItem\",\"position\":3,\"name\":\"10822 Universal-Schubkarre, pannensicher, Produktgruppe: Schubkarren\"}]},{\"@type\":\"WebSite\",\"@id\":\"https:\/\/matadorbv.com\/de\/#website\",\"url\":\"https:\/\/matadorbv.com\/de\/\",\"name\":\"MATADOR\",\"description\":\" for solid products - Since 1895 Dutch manufacturer, supplier, wholesaler and expert in the steel area.\",\"publisher\":{\"@id\":\"https:\/\/matadorbv.com\/de\/#organization\"},\"potentialAction\":[{\"@type\":\"SearchAction\",\"target\":{\"@type\":\"EntryPoint\",\"urlTemplate\":\"https:\/\/matadorbv.com\/de\/?s={search_term_string}\"},\"query-input\":{\"@type\":\"PropertyValueSpecification\",\"valueRequired\":true,\"valueName\":\"search_term_string\"}}],\"inLanguage\":\"de\"},{\"@type\":\"Organization\",\"@id\":\"https:\/\/matadorbv.com\/de\/#organization\",\"name\":\"MATADOR\",\"url\":\"https:\/\/matadorbv.com\/de\/\",\"logo\":{\"@type\":\"ImageObject\",\"inLanguage\":\"de\",\"@id\":\"https:\/\/matadorbv.com\/de\/#\/schema\/logo\/image\/\",\"url\":\"https:\/\/matadorbv.com\/wp-content\/uploads\/cropped-22MAT003-Matador-Logo-tagline-RGB-Black-BG.png\",\"contentUrl\":\"https:\/\/matadorbv.com\/wp-content\/uploads\/cropped-22MAT003-Matador-Logo-tagline-RGB-Black-BG.png\",\"width\":1200,\"height\":342,\"caption\":\"MATADOR\"},\"image\":{\"@id\":\"https:\/\/matadorbv.com\/de\/#\/schema\/logo\/image\/\"}}]}<\/script>\n<!-- \/ Yoast SEO plugin. -->","yoast_head_json":{"title":"10822 Universal-Schubkarre, pannensicher, Produktgruppe: Schubkarren - MATADOR","robots":{"index":"index","follow":"follow","max-snippet":"max-snippet:-1","max-image-preview":"max-image-preview:large","max-video-preview":"max-video-preview:-1"},"canonical":"https:\/\/matadorbv.com\/de\/produkt\/10822-universal-schubkarre-pannensicher-produktgruppe-schubkarren\/","og_locale":"de_DE","og_type":"article","og_title":"10822 Universal-Schubkarre, pannensicher, Produktgruppe: Schubkarren - MATADOR","og_description":"M-100-CT ist eine universelle Schubkarre. Universelle Wanne von 80 Litern. Stahlfelge mit doppelt abgedichteten Kugellagern Oval ergonomische Griffe aus Naturkautschuk. Leichtere und st\u00e4rkere Flachrohre. Ausgestattet mit einem pannensicheren Reifen. Pulverbeschichtet in grau (keine L\u00f6sungsmittel, weniger umweltsch\u00e4dlich). Universal Wanne (1,0mm). Fassungsverm\u00f6gen der Wanne 80 Liter. Durchgehende Wanne. Ovales Rohr (leichter und stabiler). Griffe aus Naturkautschuk, die [&hellip;]","og_url":"https:\/\/matadorbv.com\/de\/produkt\/10822-universal-schubkarre-pannensicher-produktgruppe-schubkarren\/","og_site_name":"MATADOR","article_modified_time":"2023-11-22T08:10:47+00:00","twitter_card":"summary_large_image","twitter_misc":{"Gesch\u00e4tzte Lesezeit":"1\u00a0Minute"},"schema":{"@context":"https:\/\/schema.org","@graph":[{"@type":"WebPage","@id":"https:\/\/matadorbv.com\/de\/produkt\/10822-universal-schubkarre-pannensicher-produktgruppe-schubkarren\/","url":"https:\/\/matadorbv.com\/de\/produkt\/10822-universal-schubkarre-pannensicher-produktgruppe-schubkarren\/","name":"10822 Universal-Schubkarre, pannensicher, Produktgruppe: Schubkarren - MATADOR","isPartOf":{"@id":"https:\/\/matadorbv.com\/de\/#website"},"primaryImageOfPage":{"@id":"https:\/\/matadorbv.com\/de\/produkt\/10822-universal-schubkarre-pannensicher-produktgruppe-schubkarren\/#primaryimage"},"image":{"@id":"https:\/\/matadorbv.com\/de\/produkt\/10822-universal-schubkarre-pannensicher-produktgruppe-schubkarren\/#primaryimage"},"thumbnailUrl":"https:\/\/matadorbv.com\/wp-content\/uploads\/10822-M-100-CT-front-2.jpg","datePublished":"2021-01-20T00:11:09+00:00","dateModified":"2023-11-22T08:10:47+00:00","breadcrumb":{"@id":"https:\/\/matadorbv.com\/de\/produkt\/10822-universal-schubkarre-pannensicher-produktgruppe-schubkarren\/#breadcrumb"},"inLanguage":"de","potentialAction":[{"@type":"ReadAction","target":["https:\/\/matadorbv.com\/de\/produkt\/10822-universal-schubkarre-pannensicher-produktgruppe-schubkarren\/"]}]},{"@type":"ImageObject","inLanguage":"de","@id":"https:\/\/matadorbv.com\/de\/produkt\/10822-universal-schubkarre-pannensicher-produktgruppe-schubkarren\/#primaryimage","url":"https:\/\/matadorbv.com\/wp-content\/uploads\/10822-M-100-CT-front-2.jpg","contentUrl":"https:\/\/matadorbv.com\/wp-content\/uploads\/10822-M-100-CT-front-2.jpg","width":1200,"height":1200,"caption":"Universal-Schubkarre"},{"@type":"BreadcrumbList","@id":"https:\/\/matadorbv.com\/de\/produkt\/10822-universal-schubkarre-pannensicher-produktgruppe-schubkarren\/#breadcrumb","itemListElement":[{"@type":"ListItem","position":1,"name":"Home","item":"https:\/\/matadorbv.com\/de\/"},{"@type":"ListItem","position":2,"name":"Alle Produkte","item":"https:\/\/matadorbv.com\/de\/shop\/"},{"@type":"ListItem","position":3,"name":"10822 Universal-Schubkarre, pannensicher, Produktgruppe: Schubkarren"}]},{"@type":"WebSite","@id":"https:\/\/matadorbv.com\/de\/#website","url":"https:\/\/matadorbv.com\/de\/","name":"MATADOR","description":" for solid products - Since 1895 Dutch manufacturer, supplier, wholesaler and expert in the steel area.","publisher":{"@id":"https:\/\/matadorbv.com\/de\/#organization"},"potentialAction":[{"@type":"SearchAction","target":{"@type":"EntryPoint","urlTemplate":"https:\/\/matadorbv.com\/de\/?s={search_term_string}"},"query-input":{"@type":"PropertyValueSpecification","valueRequired":true,"valueName":"search_term_string"}}],"inLanguage":"de"},{"@type":"Organization","@id":"https:\/\/matadorbv.com\/de\/#organization","name":"MATADOR","url":"https:\/\/matadorbv.com\/de\/","logo":{"@type":"ImageObject","inLanguage":"de","@id":"https:\/\/matadorbv.com\/de\/#\/schema\/logo\/image\/","url":"https:\/\/matadorbv.com\/wp-content\/uploads\/cropped-22MAT003-Matador-Logo-tagline-RGB-Black-BG.png","contentUrl":"https:\/\/matadorbv.com\/wp-content\/uploads\/cropped-22MAT003-Matador-Logo-tagline-RGB-Black-BG.png","width":1200,"height":342,"caption":"MATADOR"},"image":{"@id":"https:\/\/matadorbv.com\/de\/#\/schema\/logo\/image\/"}}]}},"_links":{"self":[{"href":"https:\/\/matadorbv.com\/de\/wp-json\/wp\/v2\/product\/27971","targetHints":{"allow":["GET"]}}],"collection":[{"href":"https:\/\/matadorbv.com\/de\/wp-json\/wp\/v2\/product"}],"about":[{"href":"https:\/\/matadorbv.com\/de\/wp-json\/wp\/v2\/types\/product"}],"wp:featuredmedia":[{"embeddable":true,"href":"https:\/\/matadorbv.com\/de\/wp-json\/wp\/v2\/media\/12973"}],"wp:attachment":[{"href":"https:\/\/matadorbv.com\/de\/wp-json\/wp\/v2\/media?parent=27971"}],"wp:term":[{"taxonomy":"product_brand","embeddable":true,"href":"https:\/\/matadorbv.com\/de\/wp-json\/wp\/v2\/product_brand?post=27971"},{"taxonomy":"product_cat","embeddable":true,"href":"https:\/\/matadorbv.com\/de\/wp-json\/wp\/v2\/product_cat?post=27971"},{"taxonomy":"product_tag","embeddable":true,"href":"https:\/\/matadorbv.com\/de\/wp-json\/wp\/v2\/product_tag?post=27971"}],"curies":[{"name":"wp","href":"https:\/\/api.w.org\/{rel}","templated":true}]}}